{"id":21994,"date":"2022-02-21T18:25:21","date_gmt":"2022-02-21T18:32:07","guid":{"rendered":"https:\/\/igartstudija.lt\/product\/magic-of-art-texture-painting-on-canvas-90x90cm-2022\/"},"modified":"2022-03-28T14:28:02","modified_gmt":"2022-03-28T14:28:02","slug":"magic-of-art-texture-painting-on-canvas-90x90cm-2022","status":"publish","type":"product","link":"https:\/\/igartstudija.lt\/en\/product\/magic-of-art-texture-painting-on-canvas-90x90cm-2022\/","title":{"rendered":"&#8220;Magic of art&#8221; texture painting on canvas 90x90cm 2022"},"content":{"rendered":"","protected":false},"excerpt":{"rendered":"<pre class=\"tw-data-text tw-text-large tw-ta\" dir=\"ltr\" data-placeholder=\"\u041f\u0435\u0440\u0435\u0432\u043e\u0434\"><span class=\"Y2IQFc\" lang=\"lt\">\"K\u016brybi\u0161kumo magija\"\r\n\r\n<\/span><\/pre>\n<p>Size: 90\u00d790 cm<\/p>\n<p>(Sculpture pasta, acryl, canvas)<\/p>\n<p>(2022 m.)<\/p>\n<p>CREATION: The painting, was made in one breath with great inspiration. The texture is made of sculptural paste and covered with 2 layers of high-quality soil, so it is very durable and reliable. The artwork was painted with acrylic and covered with a special varnish. This painting is without framing because the edges are painted. The artwork includes a Certificate of Authenticity. I sign my paintings on the back, but if I wish, I can sign the front side. All rights reserved. Delivery is usually through DHL<\/p>\n<pre id=\"tw-target-text\" class=\"tw-data-text tw-text-large tw-ta\" dir=\"ltr\" data-placeholder=\"\u041f\u0435\u0440\u0435\u0432\u043e\u0434\"><\/pre>\n","protected":false},"featured_media":21993,"template":"","meta":[],"class_list":["post-21994","product","type-product","status-publish","has-post-thumbnail","hentry","product_cat-abstractions"],"yoast_head":"<!-- This site is optimized with the Yoast SEO plugin v16.2 - https:\/\/yoast.com\/wordpress\/plugins\/seo\/ -->\n<title>&quot;Magic of art&quot; texture painting on canvas 90x90cm 2022 - Interjero Paveikslai<\/title>\n<meta name=\"robots\" content=\"index, follow, max-snippet:-1, max-image-preview:large, max-video-preview:-1\" \/>\n<link rel=\"canonical\" href=\"https:\/\/igartstudija.lt\/en\/product\/magic-of-art-texture-painting-on-canvas-90x90cm-2022\/\" \/>\n<meta property=\"og:locale\" content=\"en_US\" \/>\n<meta property=\"og:type\" content=\"article\" \/>\n<meta property=\"og:title\" content=\"&quot;Magic of art&quot; texture painting on canvas 90x90cm 2022 - Interjero Paveikslai\" \/>\n<meta property=\"og:description\" content=\"&quot;K\u016brybi\u0161kumo magija&quot;   Size: 90\u00d790 cm  (Sculpture pasta, acryl, canvas)  (2022 m.)  CREATION: The painting, was made in one breath with great inspiration. The texture is made of sculptural paste and covered with 2 layers of high-quality soil, so it is very durable and reliable. The artwork was painted with acrylic and covered with a special varnish. This painting is without framing because the edges are painted. The artwork includes a Certificate of Authenticity. I sign my paintings on the back, but if I wish, I can sign the front side. All rights reserved. Delivery is usually through DHL\" \/>\n<meta property=\"og:url\" content=\"https:\/\/igartstudija.lt\/en\/product\/magic-of-art-texture-painting-on-canvas-90x90cm-2022\/\" \/>\n<meta property=\"og:site_name\" content=\"Interjero Paveikslai\" \/>\n<meta property=\"article:publisher\" content=\"https:\/\/www.facebook.com\/irina.ges.art\" \/>\n<meta property=\"article:modified_time\" content=\"2022-03-28T14:28:02+00:00\" \/>\n<meta property=\"og:image\" content=\"https:\/\/igartstudija.lt\/wp-content\/uploads\/2022\/02\/Circle-of-LAIF-2_0004_Layer-Comp-5.jpg\" \/>\n\t<meta property=\"og:image:width\" content=\"2265\" \/>\n\t<meta property=\"og:image:height\" content=\"2268\" \/>\n<meta name=\"twitter:card\" content=\"summary_large_image\" \/>\n<script type=\"application\/ld+json\" class=\"yoast-schema-graph\">{\"@context\":\"https:\/\/schema.org\",\"@graph\":[{\"@type\":\"Organization\",\"@id\":\"https:\/\/igartstudija.lt\/#organization\",\"name\":\"Irina Ges Art Studija\",\"url\":\"https:\/\/igartstudija.lt\/\",\"sameAs\":[\"https:\/\/www.facebook.com\/irina.ges.art\",\"https:\/\/www.instagram.com\/i.ges_arts\/\"],\"logo\":{\"@type\":\"ImageObject\",\"@id\":\"https:\/\/igartstudija.lt\/#logo\",\"inLanguage\":\"en-US\",\"url\":\"https:\/\/igartstudija.lt\/wp-content\/uploads\/2021\/05\/Group-1.png\",\"contentUrl\":\"https:\/\/igartstudija.lt\/wp-content\/uploads\/2021\/05\/Group-1.png\",\"width\":410,\"height\":84,\"caption\":\"Irina Ges Art Studija\"},\"image\":{\"@id\":\"https:\/\/igartstudija.lt\/#logo\"}},{\"@type\":\"WebSite\",\"@id\":\"https:\/\/igartstudija.lt\/#website\",\"url\":\"https:\/\/igartstudija.lt\/\",\"name\":\"Interjero Paveikslai\",\"description\":\"IGArt studija\",\"publisher\":{\"@id\":\"https:\/\/igartstudija.lt\/#organization\"},\"potentialAction\":[{\"@type\":\"SearchAction\",\"target\":\"https:\/\/igartstudija.lt\/?s={search_term_string}\",\"query-input\":\"required name=search_term_string\"}],\"inLanguage\":\"en-US\"},{\"@type\":\"ImageObject\",\"@id\":\"https:\/\/igartstudija.lt\/en\/product\/magic-of-art-texture-painting-on-canvas-90x90cm-2022\/#primaryimage\",\"inLanguage\":\"en-US\",\"url\":\"https:\/\/igartstudija.lt\/wp-content\/uploads\/2022\/02\/Circle-of-LAIF-2_0004_Layer-Comp-5.jpg\",\"contentUrl\":\"https:\/\/igartstudija.lt\/wp-content\/uploads\/2022\/02\/Circle-of-LAIF-2_0004_Layer-Comp-5.jpg\",\"width\":2265,\"height\":2268},{\"@type\":\"WebPage\",\"@id\":\"https:\/\/igartstudija.lt\/en\/product\/magic-of-art-texture-painting-on-canvas-90x90cm-2022\/#webpage\",\"url\":\"https:\/\/igartstudija.lt\/en\/product\/magic-of-art-texture-painting-on-canvas-90x90cm-2022\/\",\"name\":\"\\\"Magic of art\\\" texture painting on canvas 90x90cm 2022 - Interjero Paveikslai\",\"isPartOf\":{\"@id\":\"https:\/\/igartstudija.lt\/#website\"},\"primaryImageOfPage\":{\"@id\":\"https:\/\/igartstudija.lt\/en\/product\/magic-of-art-texture-painting-on-canvas-90x90cm-2022\/#primaryimage\"},\"datePublished\":\"2022-02-21T18:32:07+00:00\",\"dateModified\":\"2022-03-28T14:28:02+00:00\",\"breadcrumb\":{\"@id\":\"https:\/\/igartstudija.lt\/en\/product\/magic-of-art-texture-painting-on-canvas-90x90cm-2022\/#breadcrumb\"},\"inLanguage\":\"en-US\",\"potentialAction\":[{\"@type\":\"ReadAction\",\"target\":[\"https:\/\/igartstudija.lt\/en\/product\/magic-of-art-texture-painting-on-canvas-90x90cm-2022\/\"]}]},{\"@type\":\"BreadcrumbList\",\"@id\":\"https:\/\/igartstudija.lt\/en\/product\/magic-of-art-texture-painting-on-canvas-90x90cm-2022\/#breadcrumb\",\"itemListElement\":[{\"@type\":\"ListItem\",\"position\":1,\"item\":{\"@type\":\"WebPage\",\"@id\":\"https:\/\/igartstudija.lt\/en\/\",\"url\":\"https:\/\/igartstudija.lt\/en\/\",\"name\":\"Home\"}},{\"@type\":\"ListItem\",\"position\":2,\"item\":{\"@type\":\"WebPage\",\"@id\":\"https:\/\/igartstudija.lt\/en\/shop\/\",\"url\":\"https:\/\/igartstudija.lt\/en\/shop\/\",\"name\":\"Gallery\"}},{\"@type\":\"ListItem\",\"position\":3,\"item\":{\"@id\":\"https:\/\/igartstudija.lt\/en\/product\/magic-of-art-texture-painting-on-canvas-90x90cm-2022\/#webpage\"}}]}]}<\/script>\n<!-- \/ Yoast SEO plugin. -->","_links":{"self":[{"href":"https:\/\/igartstudija.lt\/en\/wp-json\/wp\/v2\/product\/21994","targetHints":{"allow":["GET"]}}],"collection":[{"href":"https:\/\/igartstudija.lt\/en\/wp-json\/wp\/v2\/product"}],"about":[{"href":"https:\/\/igartstudija.lt\/en\/wp-json\/wp\/v2\/types\/product"}],"wp:featuredmedia":[{"embeddable":true,"href":"https:\/\/igartstudija.lt\/en\/wp-json\/wp\/v2\/media\/21993"}],"wp:attachment":[{"href":"https:\/\/igartstudija.lt\/en\/wp-json\/wp\/v2\/media?parent=21994"}],"curies":[{"name":"wp","href":"https:\/\/api.w.org\/{rel}","templated":true}]}}