{"id":22159,"date":"2022-08-03T03:11:10","date_gmt":"2022-08-03T03:11:10","guid":{"rendered":"https:\/\/igartstudija.lt\/?post_type=product&#038;p=22159"},"modified":"2023-12-12T16:57:12","modified_gmt":"2023-12-12T16:57:12","slug":"suvienijimas-120x80cm-teksturinis-paveikslas-2022-parduotas","status":"publish","type":"product","link":"https:\/\/igartstudija.lt\/en\/product\/suvienijimas-120x80cm-teksturinis-paveikslas-2022-parduotas\/","title":{"rendered":"\u201cSUVIENIJIMAS\u201d \u2013 120X80CM, TEKST\u016aRINIS PAVEIKSLAS (2022) parduotas"},"content":{"rendered":"","protected":false},"excerpt":{"rendered":"<p>\u201cSuvienijimas\u201d<\/p>\n<p>dydis: 120x80cm<\/p>\n<p>(skulpt\u016brin\u0117 pasta, akrilas, drob\u0117)<\/p>\n<p>tekst\u016brinis paveikslas<\/p>\n<p>\u0160iame k\u016brinyje kalbama apie vyri\u0161kumo ir moteri\u0161kumo susijungim\u0105 \u017emoguje. Tai pasakojimas apie ne\u012ftik\u0117tin\u0105 stipryb\u0119 ir harmonijos jausm\u0105, kuris atsiranda pri\u0117mus ir pamilus vidin\u012f vyr\u0105 ir moter\u012f. Asmuo, sugebantis sujungti moteri\u0161kum\u0105 ir vyri\u0161kum\u0105, tampa vientisas, unikalus ir priima save visi\u0161kai ir iki galo. Toks \u017emogus geba myl\u0117ti ir priimti kitus \u017emones tokius, kokie jie yra. Jis yra harmonijoje su savimi ir aplinkiniu pasauliu.<\/p>\n<p>K\u016aRYBA: Paveikslas buvo sukurtas su dideliu \u012fkv\u0117pimu. Tekst\u016bra pagaminta i\u0161 skulpt\u016brin\u0117s pastos ir padengta 2 sluoksniais auk\u0161tos kokyb\u0117s grunto, tod\u0117l yra labai patvari ir patikima. Paveikslas nutapytas akrilu ir padengtas specialiu laku. \u0160is paveikslas yra be \u012fr\u0117minimo, nes jo kra\u0161tai nuda\u017eyti. Prie paveikslo pridedamas autenti\u0161kumo sertifikatas. Savo paveikslus pasira\u0161au kitoje pus\u0117je, ta\u010diau jei pageidaujate, galiu pasira\u0161yti ir priekin\u0117je pus\u0117je. Visos teis\u0117s saugomos. Paprastai paveikslas pristatomas per DHL.<\/p>\n","protected":false},"featured_media":22160,"template":"","meta":[],"class_list":["post-22159","product","type-product","status-publish","has-post-thumbnail","hentry","product_cat-others"],"yoast_head":"<!-- This site is optimized with the Yoast SEO plugin v16.2 - https:\/\/yoast.com\/wordpress\/plugins\/seo\/ -->\n<title>\u201cSUVIENIJIMAS\u201d \u2013 120X80CM, TEKST\u016aRINIS PAVEIKSLAS (2022) parduotas - Interjero Paveikslai<\/title>\n<meta name=\"robots\" content=\"index, follow, max-snippet:-1, max-image-preview:large, max-video-preview:-1\" \/>\n<link rel=\"canonical\" href=\"https:\/\/igartstudija.lt\/en\/product\/suvienijimas-120x80cm-teksturinis-paveikslas-2022-parduotas\/\" \/>\n<meta property=\"og:locale\" content=\"en_US\" \/>\n<meta property=\"og:type\" content=\"article\" \/>\n<meta property=\"og:title\" content=\"\u201cSUVIENIJIMAS\u201d \u2013 120X80CM, TEKST\u016aRINIS PAVEIKSLAS (2022) parduotas - Interjero Paveikslai\" \/>\n<meta property=\"og:description\" content=\"\u201cSuvienijimas\u201d  dydis: 120x80cm  (skulpt\u016brin\u0117 pasta, akrilas, drob\u0117)  tekst\u016brinis paveikslas  \u0160iame k\u016brinyje kalbama apie vyri\u0161kumo ir moteri\u0161kumo susijungim\u0105 \u017emoguje. Tai pasakojimas apie ne\u012ftik\u0117tin\u0105 stipryb\u0119 ir harmonijos jausm\u0105, kuris atsiranda pri\u0117mus ir pamilus vidin\u012f vyr\u0105 ir moter\u012f. Asmuo, sugebantis sujungti moteri\u0161kum\u0105 ir vyri\u0161kum\u0105, tampa vientisas, unikalus ir priima save visi\u0161kai ir iki galo. Toks \u017emogus geba myl\u0117ti ir priimti kitus \u017emones tokius, kokie jie yra. Jis yra harmonijoje su savimi ir aplinkiniu pasauliu.  K\u016aRYBA: Paveikslas buvo sukurtas su dideliu \u012fkv\u0117pimu. Tekst\u016bra pagaminta i\u0161 skulpt\u016brin\u0117s pastos ir padengta 2 sluoksniais auk\u0161tos kokyb\u0117s grunto, tod\u0117l yra labai patvari ir patikima. Paveikslas nutapytas akrilu ir padengtas specialiu laku. \u0160is paveikslas yra be \u012fr\u0117minimo, nes jo kra\u0161tai nuda\u017eyti. Prie paveikslo pridedamas autenti\u0161kumo sertifikatas. Savo paveikslus pasira\u0161au kitoje pus\u0117je, ta\u010diau jei pageidaujate, galiu pasira\u0161yti ir priekin\u0117je pus\u0117je. Visos teis\u0117s saugomos. Paprastai paveikslas pristatomas per DHL.\" \/>\n<meta property=\"og:url\" content=\"https:\/\/igartstudija.lt\/en\/product\/suvienijimas-120x80cm-teksturinis-paveikslas-2022-parduotas\/\" \/>\n<meta property=\"og:site_name\" content=\"Interjero Paveikslai\" \/>\n<meta property=\"article:publisher\" content=\"https:\/\/www.facebook.com\/irina.ges.art\" \/>\n<meta property=\"article:modified_time\" content=\"2023-12-12T16:57:12+00:00\" \/>\n<meta property=\"og:image\" content=\"https:\/\/igartstudija.lt\/wp-content\/uploads\/2022\/08\/Screenshot_20220802-173653_WhatsApp.jpg\" \/>\n\t<meta property=\"og:image:width\" content=\"805\" \/>\n\t<meta property=\"og:image:height\" content=\"1195\" \/>\n<meta name=\"twitter:card\" content=\"summary_large_image\" \/>\n<script type=\"application\/ld+json\" class=\"yoast-schema-graph\">{\"@context\":\"https:\/\/schema.org\",\"@graph\":[{\"@type\":\"Organization\",\"@id\":\"https:\/\/igartstudija.lt\/#organization\",\"name\":\"Irina Ges Art Studija\",\"url\":\"https:\/\/igartstudija.lt\/\",\"sameAs\":[\"https:\/\/www.facebook.com\/irina.ges.art\",\"https:\/\/www.instagram.com\/i.ges_arts\/\"],\"logo\":{\"@type\":\"ImageObject\",\"@id\":\"https:\/\/igartstudija.lt\/#logo\",\"inLanguage\":\"en-US\",\"url\":\"https:\/\/igartstudija.lt\/wp-content\/uploads\/2021\/05\/Group-1.png\",\"contentUrl\":\"https:\/\/igartstudija.lt\/wp-content\/uploads\/2021\/05\/Group-1.png\",\"width\":410,\"height\":84,\"caption\":\"Irina Ges Art Studija\"},\"image\":{\"@id\":\"https:\/\/igartstudija.lt\/#logo\"}},{\"@type\":\"WebSite\",\"@id\":\"https:\/\/igartstudija.lt\/#website\",\"url\":\"https:\/\/igartstudija.lt\/\",\"name\":\"Interjero Paveikslai\",\"description\":\"IGArt studija\",\"publisher\":{\"@id\":\"https:\/\/igartstudija.lt\/#organization\"},\"potentialAction\":[{\"@type\":\"SearchAction\",\"target\":\"https:\/\/igartstudija.lt\/?s={search_term_string}\",\"query-input\":\"required name=search_term_string\"}],\"inLanguage\":\"en-US\"},{\"@type\":\"ImageObject\",\"@id\":\"https:\/\/igartstudija.lt\/en\/product\/suvienijimas-120x80cm-teksturinis-paveikslas-2022-parduotas\/#primaryimage\",\"inLanguage\":\"en-US\",\"url\":\"https:\/\/igartstudija.lt\/wp-content\/uploads\/2022\/08\/Screenshot_20220802-173653_WhatsApp.jpg\",\"contentUrl\":\"https:\/\/igartstudija.lt\/wp-content\/uploads\/2022\/08\/Screenshot_20220802-173653_WhatsApp.jpg\",\"width\":805,\"height\":1195},{\"@type\":\"WebPage\",\"@id\":\"https:\/\/igartstudija.lt\/en\/product\/suvienijimas-120x80cm-teksturinis-paveikslas-2022-parduotas\/#webpage\",\"url\":\"https:\/\/igartstudija.lt\/en\/product\/suvienijimas-120x80cm-teksturinis-paveikslas-2022-parduotas\/\",\"name\":\"\\u201cSUVIENIJIMAS\\u201d \\u2013 120X80CM, TEKST\\u016aRINIS PAVEIKSLAS (2022) parduotas - Interjero Paveikslai\",\"isPartOf\":{\"@id\":\"https:\/\/igartstudija.lt\/#website\"},\"primaryImageOfPage\":{\"@id\":\"https:\/\/igartstudija.lt\/en\/product\/suvienijimas-120x80cm-teksturinis-paveikslas-2022-parduotas\/#primaryimage\"},\"datePublished\":\"2022-08-03T03:11:10+00:00\",\"dateModified\":\"2023-12-12T16:57:12+00:00\",\"breadcrumb\":{\"@id\":\"https:\/\/igartstudija.lt\/en\/product\/suvienijimas-120x80cm-teksturinis-paveikslas-2022-parduotas\/#breadcrumb\"},\"inLanguage\":\"en-US\",\"potentialAction\":[{\"@type\":\"ReadAction\",\"target\":[\"https:\/\/igartstudija.lt\/en\/product\/suvienijimas-120x80cm-teksturinis-paveikslas-2022-parduotas\/\"]}]},{\"@type\":\"BreadcrumbList\",\"@id\":\"https:\/\/igartstudija.lt\/en\/product\/suvienijimas-120x80cm-teksturinis-paveikslas-2022-parduotas\/#breadcrumb\",\"itemListElement\":[{\"@type\":\"ListItem\",\"position\":1,\"item\":{\"@type\":\"WebPage\",\"@id\":\"https:\/\/igartstudija.lt\/en\/\",\"url\":\"https:\/\/igartstudija.lt\/en\/\",\"name\":\"Home\"}},{\"@type\":\"ListItem\",\"position\":2,\"item\":{\"@type\":\"WebPage\",\"@id\":\"https:\/\/igartstudija.lt\/en\/shop\/\",\"url\":\"https:\/\/igartstudija.lt\/en\/shop\/\",\"name\":\"Gallery\"}},{\"@type\":\"ListItem\",\"position\":3,\"item\":{\"@id\":\"https:\/\/igartstudija.lt\/en\/product\/suvienijimas-120x80cm-teksturinis-paveikslas-2022-parduotas\/#webpage\"}}]}]}<\/script>\n<!-- \/ Yoast SEO plugin. -->","_links":{"self":[{"href":"https:\/\/igartstudija.lt\/en\/wp-json\/wp\/v2\/product\/22159","targetHints":{"allow":["GET"]}}],"collection":[{"href":"https:\/\/igartstudija.lt\/en\/wp-json\/wp\/v2\/product"}],"about":[{"href":"https:\/\/igartstudija.lt\/en\/wp-json\/wp\/v2\/types\/product"}],"wp:featuredmedia":[{"embeddable":true,"href":"https:\/\/igartstudija.lt\/en\/wp-json\/wp\/v2\/media\/22160"}],"wp:attachment":[{"href":"https:\/\/igartstudija.lt\/en\/wp-json\/wp\/v2\/media?parent=22159"}],"curies":[{"name":"wp","href":"https:\/\/api.w.org\/{rel}","templated":true}]}}