{"id":22206,"date":"2022-08-24T17:26:09","date_gmt":"2022-08-24T17:26:09","guid":{"rendered":"https:\/\/igartstudija.lt\/?post_type=product&#038;p=22206"},"modified":"2026-03-09T18:54:59","modified_gmt":"2026-03-09T18:54:59","slug":"teksturos-magija-3","status":"publish","type":"product","link":"https:\/\/igartstudija.lt\/en\/produktas\/teksturos-magija-3\/","title":{"rendered":"&#8221;  Fakt\u016bros magija 3&#8243; 70x100cm 2022  Fakt\u016brinis paveikslas"},"content":{"rendered":"","protected":false},"excerpt":{"rendered":"<div dir=\"auto\">Naujas interjero paveiksl\u0173 serijos &#8221; Fakt\u016bros magija 3&#8243; k\u016brinys<\/div>\n<div dir=\"auto\">70\u0445100 cm. Mi\u0161ri technika (skulpt\u016brine pasta, akrilas, drobe) 2022<\/div>\n<div dir=\"auto\"><\/div>\n<div dir=\"auto\">K\u016aRYBA: Paveikslas buvo sukurtas su dideliu \u012fkv\u0117pimu.\u00a0 Fakt\u016bra pagaminta i\u0161 skulpt\u016brin\u0117s pastos ir padengta 2 sluoksniais auk\u0161tos kokyb\u0117s grunto, tod\u0117l yra labai patvari ir patikima. Paveikslas nutapytas akrilu ir padengtas specialiu laku. \u0160is paveikslas yra be \u012fr\u0117minimo, nes jo kra\u0161tai nuda\u017eyti. Prie paveikslo pridedamas autenti\u0161kumo sertifikatas. Savo paveikslus pasira\u0161au kitoje pus\u0117je, ta\u010diau jei pageidaujate, galiu pasira\u0161yti ir priekin\u0117je pus\u0117je. Visos teis\u0117s saugomos. Lietuvoje pristatymas nemokamas.<\/div>\n","protected":false},"featured_media":22194,"template":"","meta":[],"class_list":["post-22206","product","type-product","status-publish","has-post-thumbnail","hentry","product_cat-interjero-paveikslai"],"yoast_head":"<!-- This site is optimized with the Yoast SEO plugin v16.2 - https:\/\/yoast.com\/wordpress\/plugins\/seo\/ -->\n<title>&quot; Fakt\u016bros magija 3&quot; 70x100cm 2022 Fakt\u016brinis paveikslas - Interjero Paveikslai<\/title>\n<meta name=\"robots\" content=\"index, follow, max-snippet:-1, max-image-preview:large, max-video-preview:-1\" \/>\n<link rel=\"canonical\" href=\"https:\/\/igartstudija.lt\/produktas\/teksturos-magija-3\/\" \/>\n<meta property=\"og:locale\" content=\"en_US\" \/>\n<meta property=\"og:type\" content=\"article\" \/>\n<meta property=\"og:title\" content=\"&quot; Fakt\u016bros magija 3&quot; 70x100cm 2022 Fakt\u016brinis paveikslas - Interjero Paveikslai\" \/>\n<meta property=\"og:description\" content=\"Naujas interjero paveiksl\u0173 serijos &quot; Fakt\u016bros magija 3&quot; k\u016brinys 70\u0445100 cm. Mi\u0161ri technika (skulpt\u016brine pasta, akrilas, drobe) 2022  K\u016aRYBA: Paveikslas buvo sukurtas su dideliu \u012fkv\u0117pimu.\u00a0 Fakt\u016bra pagaminta i\u0161 skulpt\u016brin\u0117s pastos ir padengta 2 sluoksniais auk\u0161tos kokyb\u0117s grunto, tod\u0117l yra labai patvari ir patikima. Paveikslas nutapytas akrilu ir padengtas specialiu laku. \u0160is paveikslas yra be \u012fr\u0117minimo, nes jo kra\u0161tai nuda\u017eyti. Prie paveikslo pridedamas autenti\u0161kumo sertifikatas. Savo paveikslus pasira\u0161au kitoje pus\u0117je, ta\u010diau jei pageidaujate, galiu pasira\u0161yti ir priekin\u0117je pus\u0117je. Visos teis\u0117s saugomos. Lietuvoje pristatymas nemokamas.\" \/>\n<meta property=\"og:url\" content=\"https:\/\/igartstudija.lt\/produktas\/teksturos-magija-3\/\" \/>\n<meta property=\"og:site_name\" content=\"Interjero Paveikslai\" \/>\n<meta property=\"article:publisher\" content=\"https:\/\/www.facebook.com\/irina.ges.art\" \/>\n<meta property=\"article:modified_time\" content=\"2026-03-09T18:54:59+00:00\" \/>\n<meta property=\"og:image\" content=\"https:\/\/igartstudija.lt\/wp-content\/uploads\/2022\/08\/Screenshot_20220824-200155_Gallery.jpg\" \/>\n\t<meta property=\"og:image:width\" content=\"1080\" \/>\n\t<meta property=\"og:image:height\" content=\"1553\" \/>\n<meta name=\"twitter:card\" content=\"summary_large_image\" \/>\n<script type=\"application\/ld+json\" class=\"yoast-schema-graph\">{\"@context\":\"https:\/\/schema.org\",\"@graph\":[{\"@type\":\"Organization\",\"@id\":\"https:\/\/igartstudija.lt\/#organization\",\"name\":\"Irina Ges Art Studija\",\"url\":\"https:\/\/igartstudija.lt\/\",\"sameAs\":[\"https:\/\/www.facebook.com\/irina.ges.art\",\"https:\/\/www.instagram.com\/i.ges_arts\/\"],\"logo\":{\"@type\":\"ImageObject\",\"@id\":\"https:\/\/igartstudija.lt\/#logo\",\"inLanguage\":\"en-US\",\"url\":\"https:\/\/igartstudija.lt\/wp-content\/uploads\/2021\/05\/Group-1.png\",\"contentUrl\":\"https:\/\/igartstudija.lt\/wp-content\/uploads\/2021\/05\/Group-1.png\",\"width\":410,\"height\":84,\"caption\":\"Irina Ges Art Studija\"},\"image\":{\"@id\":\"https:\/\/igartstudija.lt\/#logo\"}},{\"@type\":\"WebSite\",\"@id\":\"https:\/\/igartstudija.lt\/#website\",\"url\":\"https:\/\/igartstudija.lt\/\",\"name\":\"Interjero Paveikslai\",\"description\":\"IGArt studija\",\"publisher\":{\"@id\":\"https:\/\/igartstudija.lt\/#organization\"},\"potentialAction\":[{\"@type\":\"SearchAction\",\"target\":\"https:\/\/igartstudija.lt\/?s={search_term_string}\",\"query-input\":\"required name=search_term_string\"}],\"inLanguage\":\"en-US\"},{\"@type\":\"ImageObject\",\"@id\":\"https:\/\/igartstudija.lt\/produktas\/teksturos-magija-3\/#primaryimage\",\"inLanguage\":\"en-US\",\"url\":\"https:\/\/igartstudija.lt\/wp-content\/uploads\/2022\/08\/Screenshot_20220824-200155_Gallery.jpg\",\"contentUrl\":\"https:\/\/igartstudija.lt\/wp-content\/uploads\/2022\/08\/Screenshot_20220824-200155_Gallery.jpg\",\"width\":1080,\"height\":1553},{\"@type\":\"WebPage\",\"@id\":\"https:\/\/igartstudija.lt\/produktas\/teksturos-magija-3\/#webpage\",\"url\":\"https:\/\/igartstudija.lt\/produktas\/teksturos-magija-3\/\",\"name\":\"\\\" Fakt\\u016bros magija 3\\\" 70x100cm 2022 Fakt\\u016brinis paveikslas - Interjero Paveikslai\",\"isPartOf\":{\"@id\":\"https:\/\/igartstudija.lt\/#website\"},\"primaryImageOfPage\":{\"@id\":\"https:\/\/igartstudija.lt\/produktas\/teksturos-magija-3\/#primaryimage\"},\"datePublished\":\"2022-08-24T17:26:09+00:00\",\"dateModified\":\"2026-03-09T18:54:59+00:00\",\"breadcrumb\":{\"@id\":\"https:\/\/igartstudija.lt\/produktas\/teksturos-magija-3\/#breadcrumb\"},\"inLanguage\":\"en-US\",\"potentialAction\":[{\"@type\":\"ReadAction\",\"target\":[\"https:\/\/igartstudija.lt\/produktas\/teksturos-magija-3\/\"]}]},{\"@type\":\"BreadcrumbList\",\"@id\":\"https:\/\/igartstudija.lt\/produktas\/teksturos-magija-3\/#breadcrumb\",\"itemListElement\":[{\"@type\":\"ListItem\",\"position\":1,\"item\":{\"@type\":\"WebPage\",\"@id\":\"https:\/\/igartstudija.lt\/en\/\",\"url\":\"https:\/\/igartstudija.lt\/en\/\",\"name\":\"Home\"}},{\"@type\":\"ListItem\",\"position\":2,\"item\":{\"@type\":\"WebPage\",\"@id\":\"https:\/\/igartstudija.lt\/en\/shop\/\",\"url\":\"https:\/\/igartstudija.lt\/en\/shop\/\",\"name\":\"Gallery\"}},{\"@type\":\"ListItem\",\"position\":3,\"item\":{\"@id\":\"https:\/\/igartstudija.lt\/produktas\/teksturos-magija-3\/#webpage\"}}]}]}<\/script>\n<!-- \/ Yoast SEO plugin. -->","_links":{"self":[{"href":"https:\/\/igartstudija.lt\/en\/wp-json\/wp\/v2\/product\/22206","targetHints":{"allow":["GET"]}}],"collection":[{"href":"https:\/\/igartstudija.lt\/en\/wp-json\/wp\/v2\/product"}],"about":[{"href":"https:\/\/igartstudija.lt\/en\/wp-json\/wp\/v2\/types\/product"}],"wp:featuredmedia":[{"embeddable":true,"href":"https:\/\/igartstudija.lt\/en\/wp-json\/wp\/v2\/media\/22194"}],"wp:attachment":[{"href":"https:\/\/igartstudija.lt\/en\/wp-json\/wp\/v2\/media?parent=22206"}],"curies":[{"name":"wp","href":"https:\/\/api.w.org\/{rel}","templated":true}]}}