{"id":22253,"date":"2023-01-15T18:20:12","date_gmt":"2023-01-15T18:20:12","guid":{"rendered":"https:\/\/igartstudija.lt\/?post_type=product&#038;p=22253"},"modified":"2025-12-22T18:10:38","modified_gmt":"2025-12-22T18:10:38","slug":"statulele-is-molio-60cm-pagal-uzklausa","status":"publish","type":"product","link":"https:\/\/igartstudija.lt\/en\/produktas\/statulele-is-molio-60cm-pagal-uzklausa\/","title":{"rendered":"Statul\u0117l\u0117 i\u0161 molio (60cm)"},"content":{"rendered":"","protected":false},"excerpt":{"rendered":"<p>Statul\u0117l\u0117 i\u0161 molio (60cm) 2022<\/p>\n","protected":false},"featured_media":22258,"template":"","meta":[],"class_list":["post-22253","product","type-product","status-publish","has-post-thumbnail","hentry","product_cat-kiti"],"yoast_head":"<!-- This site is optimized with the Yoast SEO plugin v16.2 - https:\/\/yoast.com\/wordpress\/plugins\/seo\/ -->\n<title>Statul\u0117l\u0117 i\u0161 molio (60cm) - Interjero Paveikslai<\/title>\n<meta name=\"robots\" content=\"index, follow, max-snippet:-1, max-image-preview:large, max-video-preview:-1\" \/>\n<link rel=\"canonical\" href=\"https:\/\/igartstudija.lt\/produktas\/statulele-is-molio-60cm-pagal-uzklausa\/\" \/>\n<meta property=\"og:locale\" content=\"en_US\" \/>\n<meta property=\"og:type\" content=\"article\" \/>\n<meta property=\"og:title\" content=\"Statul\u0117l\u0117 i\u0161 molio (60cm) - Interjero Paveikslai\" \/>\n<meta property=\"og:description\" content=\"Statul\u0117l\u0117 i\u0161 molio (60cm) 2022\" \/>\n<meta property=\"og:url\" content=\"https:\/\/igartstudija.lt\/produktas\/statulele-is-molio-60cm-pagal-uzklausa\/\" \/>\n<meta property=\"og:site_name\" content=\"Interjero Paveikslai\" \/>\n<meta property=\"article:publisher\" content=\"https:\/\/www.facebook.com\/irina.ges.art\" \/>\n<meta property=\"article:modified_time\" content=\"2025-12-22T18:10:38+00:00\" \/>\n<meta property=\"og:image\" content=\"https:\/\/igartstudija.lt\/wp-content\/uploads\/2023\/01\/A41322F4-4226-478D-93B6-C1FB5E84C12C.jpg\" \/>\n\t<meta property=\"og:image:width\" content=\"1440\" \/>\n\t<meta property=\"og:image:height\" content=\"1494\" \/>\n<meta name=\"twitter:card\" content=\"summary_large_image\" \/>\n<script type=\"application\/ld+json\" class=\"yoast-schema-graph\">{\"@context\":\"https:\/\/schema.org\",\"@graph\":[{\"@type\":\"Organization\",\"@id\":\"https:\/\/igartstudija.lt\/#organization\",\"name\":\"Irina Ges Art Studija\",\"url\":\"https:\/\/igartstudija.lt\/\",\"sameAs\":[\"https:\/\/www.facebook.com\/irina.ges.art\",\"https:\/\/www.instagram.com\/i.ges_arts\/\"],\"logo\":{\"@type\":\"ImageObject\",\"@id\":\"https:\/\/igartstudija.lt\/#logo\",\"inLanguage\":\"en-US\",\"url\":\"https:\/\/igartstudija.lt\/wp-content\/uploads\/2021\/05\/Group-1.png\",\"contentUrl\":\"https:\/\/igartstudija.lt\/wp-content\/uploads\/2021\/05\/Group-1.png\",\"width\":410,\"height\":84,\"caption\":\"Irina Ges Art Studija\"},\"image\":{\"@id\":\"https:\/\/igartstudija.lt\/#logo\"}},{\"@type\":\"WebSite\",\"@id\":\"https:\/\/igartstudija.lt\/#website\",\"url\":\"https:\/\/igartstudija.lt\/\",\"name\":\"Interjero Paveikslai\",\"description\":\"IGArt studija\",\"publisher\":{\"@id\":\"https:\/\/igartstudija.lt\/#organization\"},\"potentialAction\":[{\"@type\":\"SearchAction\",\"target\":\"https:\/\/igartstudija.lt\/?s={search_term_string}\",\"query-input\":\"required name=search_term_string\"}],\"inLanguage\":\"en-US\"},{\"@type\":\"ImageObject\",\"@id\":\"https:\/\/igartstudija.lt\/produktas\/statulele-is-molio-60cm-pagal-uzklausa\/#primaryimage\",\"inLanguage\":\"en-US\",\"url\":\"https:\/\/igartstudija.lt\/wp-content\/uploads\/2023\/01\/A41322F4-4226-478D-93B6-C1FB5E84C12C.jpg\",\"contentUrl\":\"https:\/\/igartstudija.lt\/wp-content\/uploads\/2023\/01\/A41322F4-4226-478D-93B6-C1FB5E84C12C.jpg\",\"width\":1440,\"height\":1494},{\"@type\":\"WebPage\",\"@id\":\"https:\/\/igartstudija.lt\/produktas\/statulele-is-molio-60cm-pagal-uzklausa\/#webpage\",\"url\":\"https:\/\/igartstudija.lt\/produktas\/statulele-is-molio-60cm-pagal-uzklausa\/\",\"name\":\"Statul\\u0117l\\u0117 i\\u0161 molio (60cm) - Interjero Paveikslai\",\"isPartOf\":{\"@id\":\"https:\/\/igartstudija.lt\/#website\"},\"primaryImageOfPage\":{\"@id\":\"https:\/\/igartstudija.lt\/produktas\/statulele-is-molio-60cm-pagal-uzklausa\/#primaryimage\"},\"datePublished\":\"2023-01-15T18:20:12+00:00\",\"dateModified\":\"2025-12-22T18:10:38+00:00\",\"breadcrumb\":{\"@id\":\"https:\/\/igartstudija.lt\/produktas\/statulele-is-molio-60cm-pagal-uzklausa\/#breadcrumb\"},\"inLanguage\":\"en-US\",\"potentialAction\":[{\"@type\":\"ReadAction\",\"target\":[\"https:\/\/igartstudija.lt\/produktas\/statulele-is-molio-60cm-pagal-uzklausa\/\"]}]},{\"@type\":\"BreadcrumbList\",\"@id\":\"https:\/\/igartstudija.lt\/produktas\/statulele-is-molio-60cm-pagal-uzklausa\/#breadcrumb\",\"itemListElement\":[{\"@type\":\"ListItem\",\"position\":1,\"item\":{\"@type\":\"WebPage\",\"@id\":\"https:\/\/igartstudija.lt\/en\/\",\"url\":\"https:\/\/igartstudija.lt\/en\/\",\"name\":\"Home\"}},{\"@type\":\"ListItem\",\"position\":2,\"item\":{\"@type\":\"WebPage\",\"@id\":\"https:\/\/igartstudija.lt\/en\/shop\/\",\"url\":\"https:\/\/igartstudija.lt\/en\/shop\/\",\"name\":\"Gallery\"}},{\"@type\":\"ListItem\",\"position\":3,\"item\":{\"@id\":\"https:\/\/igartstudija.lt\/produktas\/statulele-is-molio-60cm-pagal-uzklausa\/#webpage\"}}]}]}<\/script>\n<!-- \/ Yoast SEO plugin. -->","_links":{"self":[{"href":"https:\/\/igartstudija.lt\/en\/wp-json\/wp\/v2\/product\/22253","targetHints":{"allow":["GET"]}}],"collection":[{"href":"https:\/\/igartstudija.lt\/en\/wp-json\/wp\/v2\/product"}],"about":[{"href":"https:\/\/igartstudija.lt\/en\/wp-json\/wp\/v2\/types\/product"}],"wp:featuredmedia":[{"embeddable":true,"href":"https:\/\/igartstudija.lt\/en\/wp-json\/wp\/v2\/media\/22258"}],"wp:attachment":[{"href":"https:\/\/igartstudija.lt\/en\/wp-json\/wp\/v2\/media?parent=22253"}],"curies":[{"name":"wp","href":"https:\/\/api.w.org\/{rel}","templated":true}]}}