{"id":22576,"date":"2023-12-12T17:28:46","date_gmt":"2023-12-12T17:28:46","guid":{"rendered":"https:\/\/igartstudija.lt\/?post_type=product&#038;p=22576"},"modified":"2025-12-22T17:56:01","modified_gmt":"2025-12-22T17:56:01","slug":"vasaros-geles-1","status":"publish","type":"product","link":"https:\/\/igartstudija.lt\/en\/produktas\/vasaros-geles-1\/","title":{"rendered":"\u201eVasaros g\u0117l\u0117s 1&#8243; \u2013 Unikalus fakt\u016brinis paveikslas interjerui, 90x90cm | Irina Ges Art"},"content":{"rendered":"","protected":false},"excerpt":{"rendered":"<p data-pm-slice=\"1 1 []\"><strong>Pavadinimas:<\/strong> Vasaros g\u0117l\u0117s 1<br \/>\n<strong>I\u0161matavimai:<\/strong> 90&#215;90 cm<br \/>\n<strong>Metai:<\/strong> 2024 m.<br \/>\n<strong>Med\u017eiagos:<\/strong> Tekst\u016brin\u0117 pasta, akriliniai da\u017eai ant drob\u0117s<\/p>\n<p>\u0160is paveikslas \u201eVasaros g\u0117l\u0117s 1\u201c yra meninis bandymas perteikti gamtos subtilum\u0105 ir g\u0117li\u0173 trapum\u0105 vasaros \u0161viesoje. Fakt\u016brin\u0117s detal\u0117s ir akrilo technikos subtil\u016bs pot\u0117piai leid\u017eia sukurti gyv\u0105, dinami\u0161k\u0105 vaizd\u0105, kvie\u010diant\u012f sustoti ir pajusti ramyb\u0119 bei gro\u017e\u012f.<\/p>\n<p>Ry\u0161k\u016bs violetiniai ir subtil\u016bs pilk\u0173 ton\u0173 atspalviai kuria harmonijos \u012fsp\u016bd\u012f ir perteikia gamtos harmonij\u0105. Kiekviena g\u0117l\u0117 ir kiekvienas lapelis alsuoja gyvenimu ir kvie\u010dia atrasti vasaros \u017eyd\u0117jimo trapum\u0105.<\/p>\n<p>Paveikslas puikiai tinka tiek minimalistiniam, tiek moderniam interjerui, suteikdamas jaukumo ir estetikos jausm\u0105. Tai yra idealus meno k\u016brinys ie\u0161kantiems originalumo ir rank\u0173 darbo estetikos.<\/p>\n","protected":false},"featured_media":22605,"template":"","meta":[],"class_list":["post-22576","product","type-product","status-publish","has-post-thumbnail","hentry","product_cat-abstrakcijosabstrakcijos","product_cat-interjero-paveikslai"],"yoast_head":"<!-- This site is optimized with the Yoast SEO plugin v16.2 - https:\/\/yoast.com\/wordpress\/plugins\/seo\/ -->\n<title>\u201eVasaros g\u0117l\u0117s 1&quot; \u2013 Unikalus fakt\u016brinis paveikslas interjerui, 90x90cm | Irina Ges Art - Interjero Paveikslai<\/title>\n<meta name=\"description\" content=\"\u201eVasaros g\u0117l\u0117s 1\u201c \u2013 fakt\u016brinis paveikslas ant drob\u0117s (90x90 cm). Rank\u0173 darbo meno k\u016brinys su tekst\u016brine pasta ir akriliniais da\u017eais. Idealiai tinka interjerui.\" \/>\n<meta name=\"robots\" content=\"index, follow, max-snippet:-1, max-image-preview:large, max-video-preview:-1\" \/>\n<link rel=\"canonical\" href=\"https:\/\/igartstudija.lt\/produktas\/vasaros-geles-1\/\" \/>\n<meta property=\"og:locale\" content=\"en_US\" \/>\n<meta property=\"og:type\" content=\"article\" \/>\n<meta property=\"og:title\" content=\"\u201eVasaros g\u0117l\u0117s 1&quot; \u2013 Unikalus fakt\u016brinis paveikslas interjerui, 90x90cm | Irina Ges Art - Interjero Paveikslai\" \/>\n<meta property=\"og:description\" content=\"\u201eVasaros g\u0117l\u0117s 1\u201c \u2013 fakt\u016brinis paveikslas ant drob\u0117s (90x90 cm). Rank\u0173 darbo meno k\u016brinys su tekst\u016brine pasta ir akriliniais da\u017eais. Idealiai tinka interjerui.\" \/>\n<meta property=\"og:url\" content=\"https:\/\/igartstudija.lt\/produktas\/vasaros-geles-1\/\" \/>\n<meta property=\"og:site_name\" content=\"Interjero Paveikslai\" \/>\n<meta property=\"article:publisher\" content=\"https:\/\/www.facebook.com\/irina.ges.art\" \/>\n<meta property=\"article:modified_time\" content=\"2025-12-22T17:56:01+00:00\" \/>\n<meta property=\"og:image\" content=\"https:\/\/igartstudija.lt\/wp-content\/uploads\/2023\/12\/IMG_5826.jpg\" \/>\n\t<meta property=\"og:image:width\" content=\"2000\" \/>\n\t<meta property=\"og:image:height\" content=\"1500\" \/>\n<meta name=\"twitter:card\" content=\"summary_large_image\" \/>\n<script type=\"application\/ld+json\" class=\"yoast-schema-graph\">{\"@context\":\"https:\/\/schema.org\",\"@graph\":[{\"@type\":\"Organization\",\"@id\":\"https:\/\/igartstudija.lt\/#organization\",\"name\":\"Irina Ges Art Studija\",\"url\":\"https:\/\/igartstudija.lt\/\",\"sameAs\":[\"https:\/\/www.facebook.com\/irina.ges.art\",\"https:\/\/www.instagram.com\/i.ges_arts\/\"],\"logo\":{\"@type\":\"ImageObject\",\"@id\":\"https:\/\/igartstudija.lt\/#logo\",\"inLanguage\":\"en-US\",\"url\":\"https:\/\/igartstudija.lt\/wp-content\/uploads\/2021\/05\/Group-1.png\",\"contentUrl\":\"https:\/\/igartstudija.lt\/wp-content\/uploads\/2021\/05\/Group-1.png\",\"width\":410,\"height\":84,\"caption\":\"Irina Ges Art Studija\"},\"image\":{\"@id\":\"https:\/\/igartstudija.lt\/#logo\"}},{\"@type\":\"WebSite\",\"@id\":\"https:\/\/igartstudija.lt\/#website\",\"url\":\"https:\/\/igartstudija.lt\/\",\"name\":\"Interjero Paveikslai\",\"description\":\"IGArt studija\",\"publisher\":{\"@id\":\"https:\/\/igartstudija.lt\/#organization\"},\"potentialAction\":[{\"@type\":\"SearchAction\",\"target\":\"https:\/\/igartstudija.lt\/?s={search_term_string}\",\"query-input\":\"required name=search_term_string\"}],\"inLanguage\":\"en-US\"},{\"@type\":\"ImageObject\",\"@id\":\"https:\/\/igartstudija.lt\/produktas\/vasaros-geles-1\/#primaryimage\",\"inLanguage\":\"en-US\",\"url\":\"https:\/\/igartstudija.lt\/wp-content\/uploads\/2023\/12\/IMG_5826.jpg\",\"contentUrl\":\"https:\/\/igartstudija.lt\/wp-content\/uploads\/2023\/12\/IMG_5826.jpg\",\"width\":2000,\"height\":1500,\"caption\":\"Vasaros gro\\u017eis ir gamtos subtilumas \\u201eVasaros g\\u0117l\\u0117s 1\\u201c paveiksle (90x90 cm). Fakt\\u016brin\\u0117s detal\\u0117s ir harmoningi tonai suteikia ramyb\\u0117s jausm\\u0105.\"},{\"@type\":\"WebPage\",\"@id\":\"https:\/\/igartstudija.lt\/produktas\/vasaros-geles-1\/#webpage\",\"url\":\"https:\/\/igartstudija.lt\/produktas\/vasaros-geles-1\/\",\"name\":\"\\u201eVasaros g\\u0117l\\u0117s 1\\\" \\u2013 Unikalus fakt\\u016brinis paveikslas interjerui, 90x90cm | Irina Ges Art - Interjero Paveikslai\",\"isPartOf\":{\"@id\":\"https:\/\/igartstudija.lt\/#website\"},\"primaryImageOfPage\":{\"@id\":\"https:\/\/igartstudija.lt\/produktas\/vasaros-geles-1\/#primaryimage\"},\"datePublished\":\"2023-12-12T17:28:46+00:00\",\"dateModified\":\"2025-12-22T17:56:01+00:00\",\"description\":\"\\u201eVasaros g\\u0117l\\u0117s 1\\u201c \\u2013 fakt\\u016brinis paveikslas ant drob\\u0117s (90x90 cm). Rank\\u0173 darbo meno k\\u016brinys su tekst\\u016brine pasta ir akriliniais da\\u017eais. Idealiai tinka interjerui.\",\"breadcrumb\":{\"@id\":\"https:\/\/igartstudija.lt\/produktas\/vasaros-geles-1\/#breadcrumb\"},\"inLanguage\":\"en-US\",\"potentialAction\":[{\"@type\":\"ReadAction\",\"target\":[\"https:\/\/igartstudija.lt\/produktas\/vasaros-geles-1\/\"]}]},{\"@type\":\"BreadcrumbList\",\"@id\":\"https:\/\/igartstudija.lt\/produktas\/vasaros-geles-1\/#breadcrumb\",\"itemListElement\":[{\"@type\":\"ListItem\",\"position\":1,\"item\":{\"@type\":\"WebPage\",\"@id\":\"https:\/\/igartstudija.lt\/en\/\",\"url\":\"https:\/\/igartstudija.lt\/en\/\",\"name\":\"Home\"}},{\"@type\":\"ListItem\",\"position\":2,\"item\":{\"@type\":\"WebPage\",\"@id\":\"https:\/\/igartstudija.lt\/en\/shop\/\",\"url\":\"https:\/\/igartstudija.lt\/en\/shop\/\",\"name\":\"Gallery\"}},{\"@type\":\"ListItem\",\"position\":3,\"item\":{\"@id\":\"https:\/\/igartstudija.lt\/produktas\/vasaros-geles-1\/#webpage\"}}]}]}<\/script>\n<!-- \/ Yoast SEO plugin. -->","_links":{"self":[{"href":"https:\/\/igartstudija.lt\/en\/wp-json\/wp\/v2\/product\/22576","targetHints":{"allow":["GET"]}}],"collection":[{"href":"https:\/\/igartstudija.lt\/en\/wp-json\/wp\/v2\/product"}],"about":[{"href":"https:\/\/igartstudija.lt\/en\/wp-json\/wp\/v2\/types\/product"}],"wp:featuredmedia":[{"embeddable":true,"href":"https:\/\/igartstudija.lt\/en\/wp-json\/wp\/v2\/media\/22605"}],"wp:attachment":[{"href":"https:\/\/igartstudija.lt\/en\/wp-json\/wp\/v2\/media?parent=22576"}],"curies":[{"name":"wp","href":"https:\/\/api.w.org\/{rel}","templated":true}]}}