{"id":22645,"date":"2023-12-12T19:47:17","date_gmt":"2023-12-12T19:47:17","guid":{"rendered":"https:\/\/igartstudija.lt\/?post_type=product&#038;p=22645"},"modified":"2026-03-31T04:54:08","modified_gmt":"2026-03-31T04:54:08","slug":"vasaros-geles-2-fakturinis-paveikslas-ant-drobes-pagal-uzsakyma-terminas-10-14-d-d","status":"publish","type":"product","link":"https:\/\/igartstudija.lt\/en\/produktas\/vasaros-geles-2-fakturinis-paveikslas-ant-drobes-pagal-uzsakyma-terminas-10-14-d-d\/","title":{"rendered":"\u201eVasaros g\u0117l\u0117s 2&#8243; \u2013 tekst\u016brinis paveikslas ant drob\u0117s"},"content":{"rendered":"","protected":false},"excerpt":{"rendered":"<p>\u201eVasaros g\u0117l\u0117s 2\u201c \u2013 tai fakt\u016brinis paveikslas, perteikiantis gamtos \u017eaves\u012f ir gaiv\u0173 vasaros aromat\u0105. \u0160is rank\u0173 darbo k\u016brinys \u012fkv\u0117ptas nat\u016brali\u0173 \u017eied\u0173 ir j\u0173 \u017eaismingumo. M\u0117lynos g\u0117l\u0117s, perteiktos subtiliomis tekst\u016bromis ir sluoksniuotais akriliniais da\u017eais, atspindi gyvybingum\u0105, \u0161vie\u017eum\u0105 ir \u0161vies\u0105.<\/p>\n<p>60&#215;60 cm dyd\u017eio paveikslas yra \u012fsp\u016bdingas meno k\u016brinys, puikiai tinkantis tiek moderniam, tiek klasikiniam interjerui. Auksiniai akcentai prideda elegancijos, o \u0161velni\u0173 pastelini\u0173 atspalvi\u0173 fonas sukuria harmonij\u0105 ir jaukumo jausm\u0105. \u0160is paveikslas kvie\u010dia pajusti ramyb\u0117s ir gro\u017eio harmonij\u0105, kuri\u0105 suteikia gamta.<\/p>\n<ul>\n<li><strong>Rank\u0173 darbo k\u016brinys:<\/strong> Vienetinis meno k\u016brinys, sukurtas naudojant fakt\u016brin\u0119 technik\u0105.<\/li>\n<li><strong>Unikalus interjero akcentas:<\/strong> Prideda gyvybingumo ir elegancijos bet kuriai erdvei.<\/li>\n<li><strong>Nat\u016bralios spalvos:<\/strong> Derinamos m\u0117lynos, auksin\u0117s ir pastelin\u0117s spalvos, suteikian\u010dios paveikslui unikalumo.<\/li>\n<li><strong>Dovan\u0173 id\u0117ja:<\/strong> Tobulas pasirinkimas ypatingai progai.<\/li>\n<\/ul>\n<hr \/>\n<h3>Detal\u0117s:<\/h3>\n<ul>\n<li><strong>Matmenys:<\/strong> 60&#215;60 cm<\/li>\n<li><strong>Med\u017eiagos:<\/strong> Akriliniai da\u017eai, tekst\u016brin\u0117 pasta, drob\u0117, apsauginis lakas.<\/li>\n<li><strong>Pristatymas:<\/strong> Nemokamas pristatymas Lietuvoje.<\/li>\n<\/ul>\n<hr \/>\n<h3>Kaip \u012fsigyti?<\/h3>\n<p><strong>I\u0161bandykite prie\u0161 \u012fsigyjant!<\/strong><br \/>\nGalite i\u0161bandyti \u201eVasaros g\u0117l\u0117s 2\u201c savo erdv\u0117je prie\u0161 priimdami galutin\u012f sprendim\u0105.<\/p>\n<p><strong>Kaip tai veikia:<\/strong><\/p>\n<ol>\n<li><strong>Virtuali vizualizacija:<\/strong> Atsi\u0173skite savo sienos nuotrauk\u0105, ir mes sukursime vizualizacij\u0105.<\/li>\n<li><strong>Pristatymas ap\u017ei\u016brai:<\/strong> Galime sutarti d\u0117l paveikslo pristatymo j\u016bs\u0173 namuose.<\/li>\n<li><strong>Galutinis sprendimas:<\/strong> Jei paveikslas jums tinka, patogiai atsiskaitysite. Jei ne, mes pasir\u016bpinsime gr\u0105\u017einimu.<\/li>\n<\/ol>\n","protected":false},"featured_media":24422,"template":"","meta":[],"class_list":["post-22645","product","type-product","status-publish","has-post-thumbnail","hentry","product_cat-abstrakcijosabstrakcijos","product_cat-interjero-paveikslai","product_tag-abstrakti-gamta","product_tag-gamtos-ikveptas-paveikslas","product_tag-geles-tapyba","product_tag-modernus-paveikslas"],"yoast_head":"<!-- This site is optimized with the Yoast SEO plugin v16.2 - https:\/\/yoast.com\/wordpress\/plugins\/seo\/ -->\n<title>\u201eVasaros g\u0117l\u0117s 2&quot; \u2013 tekst\u016brinis paveikslas ant drob\u0117s Interjero Paveikslai - Interjero Paveikslai<\/title>\n<meta name=\"description\" content=\"\u201eVasaros g\u0117l\u0117s 2\u201c \u2013 fakt\u016brinis paveikslas ant drob\u0117s, perteikiantis gamtos \u017eaves\u012f ir vasaros aromat\u0105. Rank\u0173 darbo k\u016brinys\" \/>\n<meta name=\"robots\" content=\"index, follow, max-snippet:-1, max-image-preview:large, max-video-preview:-1\" \/>\n<link rel=\"canonical\" href=\"https:\/\/igartstudija.lt\/produktas\/vasaros-geles-2-fakturinis-paveikslas-ant-drobes-pagal-uzsakyma-terminas-10-14-d-d\/\" \/>\n<meta property=\"og:locale\" content=\"en_US\" \/>\n<meta property=\"og:type\" content=\"article\" \/>\n<meta property=\"og:title\" content=\"\u201eVasaros g\u0117l\u0117s 2&quot; \u2013 tekst\u016brinis paveikslas ant drob\u0117s Interjero Paveikslai - Interjero Paveikslai\" \/>\n<meta property=\"og:description\" content=\"\u201eVasaros g\u0117l\u0117s 2\u201c \u2013 fakt\u016brinis paveikslas ant drob\u0117s, perteikiantis gamtos \u017eaves\u012f ir vasaros aromat\u0105. Rank\u0173 darbo k\u016brinys\" \/>\n<meta property=\"og:url\" content=\"https:\/\/igartstudija.lt\/produktas\/vasaros-geles-2-fakturinis-paveikslas-ant-drobes-pagal-uzsakyma-terminas-10-14-d-d\/\" \/>\n<meta property=\"og:site_name\" content=\"Interjero Paveikslai\" \/>\n<meta property=\"article:publisher\" content=\"https:\/\/www.facebook.com\/irina.ges.art\" \/>\n<meta property=\"article:modified_time\" content=\"2026-03-31T04:54:08+00:00\" \/>\n<meta property=\"og:image\" content=\"https:\/\/igartstudija.lt\/wp-content\/uploads\/2023\/12\/IMG_2679.jpg\" \/>\n\t<meta property=\"og:image:width\" content=\"1500\" \/>\n\t<meta property=\"og:image:height\" content=\"2000\" \/>\n<meta name=\"twitter:card\" content=\"summary_large_image\" \/>\n<script type=\"application\/ld+json\" class=\"yoast-schema-graph\">{\"@context\":\"https:\/\/schema.org\",\"@graph\":[{\"@type\":\"Organization\",\"@id\":\"https:\/\/igartstudija.lt\/#organization\",\"name\":\"Irina Ges Art Studija\",\"url\":\"https:\/\/igartstudija.lt\/\",\"sameAs\":[\"https:\/\/www.facebook.com\/irina.ges.art\",\"https:\/\/www.instagram.com\/i.ges_arts\/\"],\"logo\":{\"@type\":\"ImageObject\",\"@id\":\"https:\/\/igartstudija.lt\/#logo\",\"inLanguage\":\"en-US\",\"url\":\"https:\/\/igartstudija.lt\/wp-content\/uploads\/2021\/05\/Group-1.png\",\"contentUrl\":\"https:\/\/igartstudija.lt\/wp-content\/uploads\/2021\/05\/Group-1.png\",\"width\":410,\"height\":84,\"caption\":\"Irina Ges Art Studija\"},\"image\":{\"@id\":\"https:\/\/igartstudija.lt\/#logo\"}},{\"@type\":\"WebSite\",\"@id\":\"https:\/\/igartstudija.lt\/#website\",\"url\":\"https:\/\/igartstudija.lt\/\",\"name\":\"Interjero Paveikslai\",\"description\":\"IGArt studija\",\"publisher\":{\"@id\":\"https:\/\/igartstudija.lt\/#organization\"},\"potentialAction\":[{\"@type\":\"SearchAction\",\"target\":\"https:\/\/igartstudija.lt\/?s={search_term_string}\",\"query-input\":\"required name=search_term_string\"}],\"inLanguage\":\"en-US\"},{\"@type\":\"ImageObject\",\"@id\":\"https:\/\/igartstudija.lt\/produktas\/vasaros-geles-2-fakturinis-paveikslas-ant-drobes-pagal-uzsakyma-terminas-10-14-d-d\/#primaryimage\",\"inLanguage\":\"en-US\",\"url\":\"https:\/\/igartstudija.lt\/wp-content\/uploads\/2023\/12\/IMG_2679.jpg\",\"contentUrl\":\"https:\/\/igartstudija.lt\/wp-content\/uploads\/2023\/12\/IMG_2679.jpg\",\"width\":1500,\"height\":2000,\"caption\":\"\\u201eVasaros g\\u0117l\\u0117s 2\\\" \\u2013 tekst\\u016brinis paveikslas ant drob\\u0117s\"},{\"@type\":\"WebPage\",\"@id\":\"https:\/\/igartstudija.lt\/produktas\/vasaros-geles-2-fakturinis-paveikslas-ant-drobes-pagal-uzsakyma-terminas-10-14-d-d\/#webpage\",\"url\":\"https:\/\/igartstudija.lt\/produktas\/vasaros-geles-2-fakturinis-paveikslas-ant-drobes-pagal-uzsakyma-terminas-10-14-d-d\/\",\"name\":\"\\u201eVasaros g\\u0117l\\u0117s 2\\\" \\u2013 tekst\\u016brinis paveikslas ant drob\\u0117s Interjero Paveikslai - Interjero Paveikslai\",\"isPartOf\":{\"@id\":\"https:\/\/igartstudija.lt\/#website\"},\"primaryImageOfPage\":{\"@id\":\"https:\/\/igartstudija.lt\/produktas\/vasaros-geles-2-fakturinis-paveikslas-ant-drobes-pagal-uzsakyma-terminas-10-14-d-d\/#primaryimage\"},\"datePublished\":\"2023-12-12T19:47:17+00:00\",\"dateModified\":\"2026-03-31T04:54:08+00:00\",\"description\":\"\\u201eVasaros g\\u0117l\\u0117s 2\\u201c \\u2013 fakt\\u016brinis paveikslas ant drob\\u0117s, perteikiantis gamtos \\u017eaves\\u012f ir vasaros aromat\\u0105. Rank\\u0173 darbo k\\u016brinys\",\"breadcrumb\":{\"@id\":\"https:\/\/igartstudija.lt\/produktas\/vasaros-geles-2-fakturinis-paveikslas-ant-drobes-pagal-uzsakyma-terminas-10-14-d-d\/#breadcrumb\"},\"inLanguage\":\"en-US\",\"potentialAction\":[{\"@type\":\"ReadAction\",\"target\":[\"https:\/\/igartstudija.lt\/produktas\/vasaros-geles-2-fakturinis-paveikslas-ant-drobes-pagal-uzsakyma-terminas-10-14-d-d\/\"]}]},{\"@type\":\"BreadcrumbList\",\"@id\":\"https:\/\/igartstudija.lt\/produktas\/vasaros-geles-2-fakturinis-paveikslas-ant-drobes-pagal-uzsakyma-terminas-10-14-d-d\/#breadcrumb\",\"itemListElement\":[{\"@type\":\"ListItem\",\"position\":1,\"item\":{\"@type\":\"WebPage\",\"@id\":\"https:\/\/igartstudija.lt\/en\/\",\"url\":\"https:\/\/igartstudija.lt\/en\/\",\"name\":\"Home\"}},{\"@type\":\"ListItem\",\"position\":2,\"item\":{\"@type\":\"WebPage\",\"@id\":\"https:\/\/igartstudija.lt\/en\/shop\/\",\"url\":\"https:\/\/igartstudija.lt\/en\/shop\/\",\"name\":\"Gallery\"}},{\"@type\":\"ListItem\",\"position\":3,\"item\":{\"@id\":\"https:\/\/igartstudija.lt\/produktas\/vasaros-geles-2-fakturinis-paveikslas-ant-drobes-pagal-uzsakyma-terminas-10-14-d-d\/#webpage\"}}]}]}<\/script>\n<!-- \/ Yoast SEO plugin. -->","_links":{"self":[{"href":"https:\/\/igartstudija.lt\/en\/wp-json\/wp\/v2\/product\/22645","targetHints":{"allow":["GET"]}}],"collection":[{"href":"https:\/\/igartstudija.lt\/en\/wp-json\/wp\/v2\/product"}],"about":[{"href":"https:\/\/igartstudija.lt\/en\/wp-json\/wp\/v2\/types\/product"}],"wp:featuredmedia":[{"embeddable":true,"href":"https:\/\/igartstudija.lt\/en\/wp-json\/wp\/v2\/media\/24422"}],"wp:attachment":[{"href":"https:\/\/igartstudija.lt\/en\/wp-json\/wp\/v2\/media?parent=22645"}],"curies":[{"name":"wp","href":"https:\/\/api.w.org\/{rel}","templated":true}]}}