{"id":23068,"date":"2024-04-25T17:22:23","date_gmt":"2024-04-25T17:22:23","guid":{"rendered":"https:\/\/igartstudija.lt\/?post_type=product&#038;p=23068"},"modified":"2026-03-09T18:51:57","modified_gmt":"2026-03-09T18:51:57","slug":"rytas-teksturinis-paveikslas-2024m-60x30cm","status":"publish","type":"product","link":"https:\/\/igartstudija.lt\/en\/produktas\/rytas-teksturinis-paveikslas-2024m-60x30cm\/","title":{"rendered":"\u201eRytas \u2013 tekst\u016brinis rank\u0173 darbo paveikslas2024m. (parduotas)"},"content":{"rendered":"","protected":false},"excerpt":{"rendered":"<p>&#8220;Rytas&#8221; Tekst\u016brinis paveikslas, 2024m. 60x30cm<\/p>\n<p>(Molio tinkas, molio da\u017eai, drob\u0117)<\/p>\n<p>\u201eRytas\u201c \u2013 tai paveikslas, \u012fk\u016bnijantis gaiv\u0173 ir nauj\u0173 prad\u017ei\u0173 kupin\u0105 ryt\u0105. Naudojant tekst\u016brin\u0119 technik\u0105, perteikiau subtil\u0173 gamtos atsibudimo moment\u0105. Kiekvienas \u0161viesos ir tamsos kontrastas simbolizuoja \u0161vies\u0105, kuri l\u0117tai \u012fsiskverbia \u012f pasaul\u012f, o nat\u016bralios tekst\u016bros ir \u017eemi\u0161kos spalvos sukuria ramyb\u0117s ir harmonijos jausm\u0105.<\/p>\n<p>Paveiksle dominuoja \u0161veln\u016bs pilkos, juodos ir m\u0117t\u0173 spalvos tonai, suteikiantys k\u016briniui lengvumo ir grynumo. Tai \u2013 minimalistinis, ta\u010diau turtingas k\u016brinys, puikiai tinkantis tiems, kurie siekia savo erdv\u0117je perteikti ramyb\u0117s ir jaukumo poj\u016bt\u012f.<\/p>\n<h3><\/h3>\n<ul>\n<li><strong>Unikalus dizainas:<\/strong> Rank\u0173 darbo tekst\u016brinis paveikslas, kuris yra vienetinis meno k\u016brinys.<\/li>\n<li><strong>Emocinis ry\u0161ys:<\/strong> Sukurtas \u012fkv\u0117pti ramyb\u0117s ir pusiausvyros.<\/li>\n<li><strong>Interjero akcentas:<\/strong> Tinka tiek \u0161iuolaikiniam, tiek klasikiniam interjerui.<\/li>\n<li><strong>Gamtos \u012fkv\u0117pimas:<\/strong> Perteikia nat\u016bral\u0173 gamtos gro\u017e\u012f ir harmonij\u0105.<\/li>\n<\/ul>\n<hr \/>\n<h3>Detal\u0117s:<\/h3>\n<ul>\n<li><strong>Matmenys:<\/strong> 60&#215;30 cm<\/li>\n<li><strong>Med\u017eiagos:<\/strong> Tekst\u016brin\u0117 pasta, akriliniai da\u017eai, apsauginis lakas.<\/li>\n<li><strong>Kaina:<\/strong> \u20ac240<\/li>\n<li><strong>Pristatymas:<\/strong> Nemokamas pristatymas Lietuvoje.<\/li>\n<\/ul>\n<hr \/>\n<h3>Kaip \u012fsigyti?<\/h3>\n<p><strong>I\u0161bandykite prie\u0161 \u012fsigyjant!<\/strong><br \/>\nGalite i\u0161bandyti \u201eRyt\u0105\u201c savo erdv\u0117je prie\u0161 priimdami galutin\u012f sprendim\u0105.<\/p>\n<p><strong>Kaip tai veikia:<\/strong><\/p>\n<ol>\n<li><strong>Virtuali vizualizacija:<\/strong> Atsi\u0173skite savo sienos nuotrauk\u0105, ir mes sukursime vizualizacij\u0105.<\/li>\n<li><strong>Pristatymas ap\u017ei\u016brai:<\/strong> Galime sutarti d\u0117l paveikslo pristatymo j\u016bs\u0173 namuose.<\/li>\n<li><strong>Galutinis sprendimas:<\/strong> Jei paveikslas jums tinka, patogiai atsiskaitysite. Jei ne, mes pasir\u016bpinsime gr\u0105\u017einimu.<\/li>\n<\/ol>\n<p>&nbsp;<\/p>\n","protected":false},"featured_media":23079,"template":"","meta":[],"class_list":["post-23068","product","type-product","status-publish","has-post-thumbnail","hentry","product_cat-abstrakcijosabstrakcijos","product_cat-interjero-paveikslai"],"yoast_head":"<!-- This site is optimized with the Yoast SEO plugin v16.2 - https:\/\/yoast.com\/wordpress\/plugins\/seo\/ -->\n<title>\u201eRytas \u2013 tekst\u016brinis rank\u0173 darbo paveikslas2024m. (parduotas) - Interjero Paveikslai<\/title>\n<meta name=\"description\" content=\"\u201eRytas\u201c \u2013 tekst\u016brinis paveikslas, atspindintis gaiv\u0105 ir naujas prad\u017eias. Rank\u0173 darbo k\u016brinys, \u012fk\u016bnijantis ramyb\u0117s ir \u0161viesos harmonij\u0105. Nemokamas pristatymas!\" \/>\n<meta name=\"robots\" content=\"index, follow, max-snippet:-1, max-image-preview:large, max-video-preview:-1\" \/>\n<link rel=\"canonical\" href=\"https:\/\/igartstudija.lt\/produktas\/rytas-teksturinis-paveikslas-2024m-60x30cm\/\" \/>\n<meta property=\"og:locale\" content=\"en_US\" \/>\n<meta property=\"og:type\" content=\"article\" \/>\n<meta property=\"og:title\" content=\"\u201eRytas \u2013 tekst\u016brinis rank\u0173 darbo paveikslas2024m. (parduotas) - Interjero Paveikslai\" \/>\n<meta property=\"og:description\" content=\"\u201eRytas\u201c \u2013 tekst\u016brinis paveikslas, atspindintis gaiv\u0105 ir naujas prad\u017eias. Rank\u0173 darbo k\u016brinys, \u012fk\u016bnijantis ramyb\u0117s ir \u0161viesos harmonij\u0105. Nemokamas pristatymas!\" \/>\n<meta property=\"og:url\" content=\"https:\/\/igartstudija.lt\/produktas\/rytas-teksturinis-paveikslas-2024m-60x30cm\/\" \/>\n<meta property=\"og:site_name\" content=\"Interjero Paveikslai\" \/>\n<meta property=\"article:publisher\" content=\"https:\/\/www.facebook.com\/irina.ges.art\" \/>\n<meta property=\"article:modified_time\" content=\"2026-03-09T18:51:57+00:00\" \/>\n<meta property=\"og:image\" content=\"https:\/\/igartstudija.lt\/wp-content\/uploads\/2024\/04\/IMG_7592.jpg\" \/>\n\t<meta property=\"og:image:width\" content=\"1500\" \/>\n\t<meta property=\"og:image:height\" content=\"1450\" \/>\n<meta name=\"twitter:card\" content=\"summary_large_image\" \/>\n<script type=\"application\/ld+json\" class=\"yoast-schema-graph\">{\"@context\":\"https:\/\/schema.org\",\"@graph\":[{\"@type\":\"Organization\",\"@id\":\"https:\/\/igartstudija.lt\/#organization\",\"name\":\"Irina Ges Art Studija\",\"url\":\"https:\/\/igartstudija.lt\/\",\"sameAs\":[\"https:\/\/www.facebook.com\/irina.ges.art\",\"https:\/\/www.instagram.com\/i.ges_arts\/\"],\"logo\":{\"@type\":\"ImageObject\",\"@id\":\"https:\/\/igartstudija.lt\/#logo\",\"inLanguage\":\"en-US\",\"url\":\"https:\/\/igartstudija.lt\/wp-content\/uploads\/2021\/05\/Group-1.png\",\"contentUrl\":\"https:\/\/igartstudija.lt\/wp-content\/uploads\/2021\/05\/Group-1.png\",\"width\":410,\"height\":84,\"caption\":\"Irina Ges Art Studija\"},\"image\":{\"@id\":\"https:\/\/igartstudija.lt\/#logo\"}},{\"@type\":\"WebSite\",\"@id\":\"https:\/\/igartstudija.lt\/#website\",\"url\":\"https:\/\/igartstudija.lt\/\",\"name\":\"Interjero Paveikslai\",\"description\":\"IGArt studija\",\"publisher\":{\"@id\":\"https:\/\/igartstudija.lt\/#organization\"},\"potentialAction\":[{\"@type\":\"SearchAction\",\"target\":\"https:\/\/igartstudija.lt\/?s={search_term_string}\",\"query-input\":\"required name=search_term_string\"}],\"inLanguage\":\"en-US\"},{\"@type\":\"ImageObject\",\"@id\":\"https:\/\/igartstudija.lt\/produktas\/rytas-teksturinis-paveikslas-2024m-60x30cm\/#primaryimage\",\"inLanguage\":\"en-US\",\"url\":\"https:\/\/igartstudija.lt\/wp-content\/uploads\/2024\/04\/IMG_7592.jpg\",\"contentUrl\":\"https:\/\/igartstudija.lt\/wp-content\/uploads\/2024\/04\/IMG_7592.jpg\",\"width\":1500,\"height\":1450,\"caption\":\"\\u201eRytas \\u2013 rank\\u0173 darbo tekst\\u016brinis meno k\\u016brinys su gamtos harmonija.\\u201c\"},{\"@type\":\"WebPage\",\"@id\":\"https:\/\/igartstudija.lt\/produktas\/rytas-teksturinis-paveikslas-2024m-60x30cm\/#webpage\",\"url\":\"https:\/\/igartstudija.lt\/produktas\/rytas-teksturinis-paveikslas-2024m-60x30cm\/\",\"name\":\"\\u201eRytas \\u2013 tekst\\u016brinis rank\\u0173 darbo paveikslas2024m. (parduotas) - Interjero Paveikslai\",\"isPartOf\":{\"@id\":\"https:\/\/igartstudija.lt\/#website\"},\"primaryImageOfPage\":{\"@id\":\"https:\/\/igartstudija.lt\/produktas\/rytas-teksturinis-paveikslas-2024m-60x30cm\/#primaryimage\"},\"datePublished\":\"2024-04-25T17:22:23+00:00\",\"dateModified\":\"2026-03-09T18:51:57+00:00\",\"description\":\"\\u201eRytas\\u201c \\u2013 tekst\\u016brinis paveikslas, atspindintis gaiv\\u0105 ir naujas prad\\u017eias. Rank\\u0173 darbo k\\u016brinys, \\u012fk\\u016bnijantis ramyb\\u0117s ir \\u0161viesos harmonij\\u0105. Nemokamas pristatymas!\",\"breadcrumb\":{\"@id\":\"https:\/\/igartstudija.lt\/produktas\/rytas-teksturinis-paveikslas-2024m-60x30cm\/#breadcrumb\"},\"inLanguage\":\"en-US\",\"potentialAction\":[{\"@type\":\"ReadAction\",\"target\":[\"https:\/\/igartstudija.lt\/produktas\/rytas-teksturinis-paveikslas-2024m-60x30cm\/\"]}]},{\"@type\":\"BreadcrumbList\",\"@id\":\"https:\/\/igartstudija.lt\/produktas\/rytas-teksturinis-paveikslas-2024m-60x30cm\/#breadcrumb\",\"itemListElement\":[{\"@type\":\"ListItem\",\"position\":1,\"item\":{\"@type\":\"WebPage\",\"@id\":\"https:\/\/igartstudija.lt\/en\/\",\"url\":\"https:\/\/igartstudija.lt\/en\/\",\"name\":\"Home\"}},{\"@type\":\"ListItem\",\"position\":2,\"item\":{\"@type\":\"WebPage\",\"@id\":\"https:\/\/igartstudija.lt\/en\/shop\/\",\"url\":\"https:\/\/igartstudija.lt\/en\/shop\/\",\"name\":\"Gallery\"}},{\"@type\":\"ListItem\",\"position\":3,\"item\":{\"@id\":\"https:\/\/igartstudija.lt\/produktas\/rytas-teksturinis-paveikslas-2024m-60x30cm\/#webpage\"}}]}]}<\/script>\n<!-- \/ Yoast SEO plugin. -->","_links":{"self":[{"href":"https:\/\/igartstudija.lt\/en\/wp-json\/wp\/v2\/product\/23068","targetHints":{"allow":["GET"]}}],"collection":[{"href":"https:\/\/igartstudija.lt\/en\/wp-json\/wp\/v2\/product"}],"about":[{"href":"https:\/\/igartstudija.lt\/en\/wp-json\/wp\/v2\/types\/product"}],"wp:featuredmedia":[{"embeddable":true,"href":"https:\/\/igartstudija.lt\/en\/wp-json\/wp\/v2\/media\/23079"}],"wp:attachment":[{"href":"https:\/\/igartstudija.lt\/en\/wp-json\/wp\/v2\/media?parent=23068"}],"curies":[{"name":"wp","href":"https:\/\/api.w.org\/{rel}","templated":true}]}}