{"id":23841,"date":"2025-01-15T12:12:30","date_gmt":"2025-01-21T10:56:41","guid":{"rendered":"https:\/\/igartstudija.lt\/product\/erdves-dialogas-modernus-teksturinis-paveikslas-90x90-cm\/"},"modified":"2025-01-21T10:58:16","modified_gmt":"2025-01-21T10:58:16","slug":"erdves-dialogas-modernus-teksturinis-paveikslas-90x90-cm-2","status":"publish","type":"product","link":"https:\/\/igartstudija.lt\/en\/product\/erdves-dialogas-modernus-teksturinis-paveikslas-90x90-cm-2\/","title":{"rendered":"&#8220;Dialogue of Space&#8221; \u2013 Modern Textured Painting (90\u00d790 cm)"},"content":{"rendered":"","protected":false},"excerpt":{"rendered":"<p>&#8220;Dialogue of Space&#8221; is a modern textured artwork that explores the harmony between space and form. This painting combines soft tonal transitions with bold blue and yellow accents, symbolizing the interplay between minimalism and structure. The handmade details and layered textures bring depth and uniqueness to the piece.<\/p>\n<p>Crafted with acrylic paints, textured paste, and a protective varnish, &#8220;Dialogue of Space&#8221; fits seamlessly into modern or classical interiors as an exceptional decorative feature.<\/p>\n<hr \/>\n<h3>Features:<\/h3>\n<ul>\n<li><strong>Dimensions<\/strong>: 90\u00d790 cm<\/li>\n<li><strong>Materials<\/strong>: Acrylic paints, textured paste, protective varnish, canvas<\/li>\n<li><strong>Style<\/strong>: Modern, abstract<\/li>\n<li><strong>Uniqueness<\/strong>: One-of-a-kind, handmade artwork<\/li>\n<li><strong>Usage<\/strong>: Suitable for home or office spaces<\/li>\n<\/ul>\n<p>&#8220;Dialogue of Space&#8221; is more than just a painting; it\u2019s a philosophical statement about the interaction of space, color, and form.<\/p>\n","protected":false},"featured_media":24407,"template":"","meta":[],"class_list":["post-23841","product","type-product","status-publish","has-post-thumbnail","hentry","product_cat-interior-paintings","product_tag-abstrakcija-en","product_tag-erdvesdialogas-en","product_tag-minimalizmas-en","product_tag-modernusmenas-en","product_tag-siuolaikinisinterjeras-en","product_tag-teksturinispaveikslas-en","product_tag-unikaluspaveikslai-en"],"yoast_head":"<!-- This site is optimized with the Yoast SEO plugin v16.2 - https:\/\/yoast.com\/wordpress\/plugins\/seo\/ -->\n<title>&quot;Dialogue of Space&quot; \u2013 Modern Textured Painting (90\u00d790 cm) - Interjero Paveikslai<\/title>\n<meta name=\"description\" content=\"\u012esigykite unikal\u0173 tekst\u016brin\u012f paveiksl\u0105 \u201eErdv\u0117s dialogas\u201c (90x90 cm). Moderni abstrakcijos ir spalv\u0173 harmonija \u2013 puikus pasirinkimas j\u016bs\u0173 interjerui. Nemokamas pristatymas Lietuvoje!\" \/>\n<meta name=\"robots\" content=\"index, follow, max-snippet:-1, max-image-preview:large, max-video-preview:-1\" \/>\n<link rel=\"canonical\" href=\"https:\/\/igartstudija.lt\/en\/product\/erdves-dialogas-modernus-teksturinis-paveikslas-90x90-cm-2\/\" \/>\n<meta property=\"og:locale\" content=\"en_US\" \/>\n<meta property=\"og:type\" content=\"article\" \/>\n<meta property=\"og:title\" content=\"&quot;Dialogue of Space&quot; \u2013 Modern Textured Painting (90\u00d790 cm) - Interjero Paveikslai\" \/>\n<meta property=\"og:description\" content=\"\u012esigykite unikal\u0173 tekst\u016brin\u012f paveiksl\u0105 \u201eErdv\u0117s dialogas\u201c (90x90 cm). Moderni abstrakcijos ir spalv\u0173 harmonija \u2013 puikus pasirinkimas j\u016bs\u0173 interjerui. Nemokamas pristatymas Lietuvoje!\" \/>\n<meta property=\"og:url\" content=\"https:\/\/igartstudija.lt\/en\/product\/erdves-dialogas-modernus-teksturinis-paveikslas-90x90-cm-2\/\" \/>\n<meta property=\"og:site_name\" content=\"Interjero Paveikslai\" \/>\n<meta property=\"article:publisher\" content=\"https:\/\/www.facebook.com\/irina.ges.art\" \/>\n<meta property=\"article:modified_time\" content=\"2025-01-21T10:58:16+00:00\" \/>\n<meta property=\"og:image\" content=\"https:\/\/igartstudija.lt\/wp-content\/uploads\/2022\/08\/Artrooms20220824153516.jpg\" \/>\n\t<meta property=\"og:image:width\" content=\"1066\" \/>\n\t<meta property=\"og:image:height\" content=\"956\" \/>\n<meta name=\"twitter:card\" content=\"summary_large_image\" \/>\n<script type=\"application\/ld+json\" class=\"yoast-schema-graph\">{\"@context\":\"https:\/\/schema.org\",\"@graph\":[{\"@type\":\"Organization\",\"@id\":\"https:\/\/igartstudija.lt\/#organization\",\"name\":\"Irina Ges Art Studija\",\"url\":\"https:\/\/igartstudija.lt\/\",\"sameAs\":[\"https:\/\/www.facebook.com\/irina.ges.art\",\"https:\/\/www.instagram.com\/i.ges_arts\/\"],\"logo\":{\"@type\":\"ImageObject\",\"@id\":\"https:\/\/igartstudija.lt\/#logo\",\"inLanguage\":\"en-US\",\"url\":\"https:\/\/igartstudija.lt\/wp-content\/uploads\/2021\/05\/Group-1.png\",\"contentUrl\":\"https:\/\/igartstudija.lt\/wp-content\/uploads\/2021\/05\/Group-1.png\",\"width\":410,\"height\":84,\"caption\":\"Irina Ges Art Studija\"},\"image\":{\"@id\":\"https:\/\/igartstudija.lt\/#logo\"}},{\"@type\":\"WebSite\",\"@id\":\"https:\/\/igartstudija.lt\/#website\",\"url\":\"https:\/\/igartstudija.lt\/\",\"name\":\"Interjero Paveikslai\",\"description\":\"IGArt studija\",\"publisher\":{\"@id\":\"https:\/\/igartstudija.lt\/#organization\"},\"potentialAction\":[{\"@type\":\"SearchAction\",\"target\":\"https:\/\/igartstudija.lt\/?s={search_term_string}\",\"query-input\":\"required name=search_term_string\"}],\"inLanguage\":\"en-US\"},{\"@type\":\"ImageObject\",\"@id\":\"https:\/\/igartstudija.lt\/en\/product\/erdves-dialogas-modernus-teksturinis-paveikslas-90x90-cm-2\/#primaryimage\",\"inLanguage\":\"en-US\",\"url\":\"https:\/\/igartstudija.lt\/wp-content\/uploads\/2025\/01\/IMG_2615.jpg\",\"contentUrl\":\"https:\/\/igartstudija.lt\/wp-content\/uploads\/2025\/01\/IMG_2615.jpg\",\"width\":1800,\"height\":2000,\"caption\":\"Teksturinis interjerinis paveikslas\"},{\"@type\":\"WebPage\",\"@id\":\"https:\/\/igartstudija.lt\/en\/product\/erdves-dialogas-modernus-teksturinis-paveikslas-90x90-cm-2\/#webpage\",\"url\":\"https:\/\/igartstudija.lt\/en\/product\/erdves-dialogas-modernus-teksturinis-paveikslas-90x90-cm-2\/\",\"name\":\"\\\"Dialogue of Space\\\" \\u2013 Modern Textured Painting (90\\u00d790 cm) - Interjero Paveikslai\",\"isPartOf\":{\"@id\":\"https:\/\/igartstudija.lt\/#website\"},\"primaryImageOfPage\":{\"@id\":\"https:\/\/igartstudija.lt\/en\/product\/erdves-dialogas-modernus-teksturinis-paveikslas-90x90-cm-2\/#primaryimage\"},\"datePublished\":\"2025-01-21T10:56:41+00:00\",\"dateModified\":\"2025-01-21T10:58:16+00:00\",\"description\":\"\\u012esigykite unikal\\u0173 tekst\\u016brin\\u012f paveiksl\\u0105 \\u201eErdv\\u0117s dialogas\\u201c (90x90 cm). Moderni abstrakcijos ir spalv\\u0173 harmonija \\u2013 puikus pasirinkimas j\\u016bs\\u0173 interjerui. Nemokamas pristatymas Lietuvoje!\",\"breadcrumb\":{\"@id\":\"https:\/\/igartstudija.lt\/en\/product\/erdves-dialogas-modernus-teksturinis-paveikslas-90x90-cm-2\/#breadcrumb\"},\"inLanguage\":\"en-US\",\"potentialAction\":[{\"@type\":\"ReadAction\",\"target\":[\"https:\/\/igartstudija.lt\/en\/product\/erdves-dialogas-modernus-teksturinis-paveikslas-90x90-cm-2\/\"]}]},{\"@type\":\"BreadcrumbList\",\"@id\":\"https:\/\/igartstudija.lt\/en\/product\/erdves-dialogas-modernus-teksturinis-paveikslas-90x90-cm-2\/#breadcrumb\",\"itemListElement\":[{\"@type\":\"ListItem\",\"position\":1,\"item\":{\"@type\":\"WebPage\",\"@id\":\"https:\/\/igartstudija.lt\/en\/\",\"url\":\"https:\/\/igartstudija.lt\/en\/\",\"name\":\"Home\"}},{\"@type\":\"ListItem\",\"position\":2,\"item\":{\"@type\":\"WebPage\",\"@id\":\"https:\/\/igartstudija.lt\/en\/shop\/\",\"url\":\"https:\/\/igartstudija.lt\/en\/shop\/\",\"name\":\"Gallery\"}},{\"@type\":\"ListItem\",\"position\":3,\"item\":{\"@id\":\"https:\/\/igartstudija.lt\/en\/product\/erdves-dialogas-modernus-teksturinis-paveikslas-90x90-cm-2\/#webpage\"}}]}]}<\/script>\n<!-- \/ Yoast SEO plugin. -->","_links":{"self":[{"href":"https:\/\/igartstudija.lt\/en\/wp-json\/wp\/v2\/product\/23841","targetHints":{"allow":["GET"]}}],"collection":[{"href":"https:\/\/igartstudija.lt\/en\/wp-json\/wp\/v2\/product"}],"about":[{"href":"https:\/\/igartstudija.lt\/en\/wp-json\/wp\/v2\/types\/product"}],"wp:featuredmedia":[{"embeddable":true,"href":"https:\/\/igartstudija.lt\/en\/wp-json\/wp\/v2\/media\/24407"}],"wp:attachment":[{"href":"https:\/\/igartstudija.lt\/en\/wp-json\/wp\/v2\/media?parent=23841"}],"curies":[{"name":"wp","href":"https:\/\/api.w.org\/{rel}","templated":true}]}}