{"id":24110,"date":"2025-03-25T07:22:09","date_gmt":"2025-03-25T07:22:09","guid":{"rendered":"https:\/\/igartstudija.lt\/?post_type=product&#038;p=24110"},"modified":"2026-03-09T18:32:58","modified_gmt":"2026-03-09T18:32:58","slug":"tapyba-pagal-uzsakyma-is-nuotraukos-reljefinis-teksturinis-paveikslas-110x180cm-2025","status":"publish","type":"product","link":"https:\/\/igartstudija.lt\/en\/produktas\/tapyba-pagal-uzsakyma-is-nuotraukos-reljefinis-teksturinis-paveikslas-110x180cm-2025\/","title":{"rendered":"Tapyba pagal u\u017esakym\u0105 i\u0161 nuotraukos | Reljefinis tekst\u016brinis paveikslas 110x180cm 2025"},"content":{"rendered":"","protected":false},"excerpt":{"rendered":"<h3 class=\"\" data-start=\"76\" data-end=\"151\">Tapyba pagal u\u017esakym\u0105 i\u0161 nuotraukos | Reljefinis tekst\u016brinis paveikslas<\/h3>\n<p class=\"\" data-start=\"153\" data-end=\"424\">\u201e\u0160is tekst\u016brinis paveikslas buvo sukurtas pagal kliento atsi\u0173st\u0105 interjero vizualizacij\u0105. Tai autorin\u0117 interpretacija \u2014 i\u0161laikytos spalv\u0173 ir form\u0173 nuotaikos, bet \u012fgyvendinta mano technika ir stiliumi. Darbas atliktas tekst\u016brin\u0117s tapybos technika, naudojant molio tinka ir akrilinius da\u017eus. Kompozicija \u012fkv\u0117pta gamtos form\u0173, \u0161velni\u0173 linij\u0173 ir ramios spalv\u0173 palet\u0117s, puikiai papild\u017eiusios kliento interjer\u0105.<\/p>\n<p class=\"\" data-start=\"426\" data-end=\"628\">Paveikslas sudarytas i\u0161 trij\u0173 dali\u0173 (triptiko), kurios sukuria viening\u0105, harmoning\u0105 vaizd\u0105. D\u0117l reljefin\u0117s tekst\u016bros ir daugiasluoksnio da\u017eymo k\u016brinys ypatingai \u012fsp\u016bdingai atrodo skirtingame ap\u0161vietime.<\/p>\n<p class=\"\" data-start=\"630\" data-end=\"828\">\ud83d\udd8c <strong data-start=\"633\" data-end=\"659\">Individual\u016bs u\u017esakymai<\/strong><br data-start=\"659\" data-end=\"662\" \/>Galite u\u017esisakyti paveiksl\u0105 pagal savo nuotrauk\u0105, eskiz\u0105 ar tiesiog id\u0117jos apra\u0161ym\u0105. Pad\u0117siu parinkti stili\u0173, format\u0105 ir spalv\u0173 derinius, pritaikytus j\u016bs\u0173 interjerui.<\/p>\n","protected":false},"featured_media":24115,"template":"","meta":[],"class_list":["post-24110","product","type-product","status-publish","has-post-thumbnail","hentry","product_cat-kiti","product_tag-interjerui-pritaikyta-tapyba","product_tag-paveikslas-is-nuotraukos","product_tag-paveikslas-pagal-uzsakyma","product_tag-reljefinis-paveikslas","product_tag-siuolaikinis-menas-pagal-uzsakyma","product_tag-teksturine-tapyba","product_tag-triptikas-interjerui"],"yoast_head":"<!-- This site is optimized with the Yoast SEO plugin v16.2 - https:\/\/yoast.com\/wordpress\/plugins\/seo\/ -->\n<title>Tapyba pagal u\u017esakym\u0105 i\u0161 nuotraukos | Reljefinis tekst\u016brinis paveikslas 110x180cm 2025 - Interjero Paveikslai<\/title>\n<meta name=\"description\" content=\"Individual\u016bs u\u017esakymaiGalite u\u017esisakyti paveiksl\u0105 pagal savo nuotrauk\u0105, eskiz\u0105 ar tiesiog id\u0117jos apra\u0161ym\u0105. Pad\u0117siu parinkti stili\u0173, format\u0105 ir spalv\u0173 derinius, pritaikytus j\u016bs\u0173 interjerui.\" \/>\n<meta name=\"robots\" content=\"index, follow, max-snippet:-1, max-image-preview:large, max-video-preview:-1\" \/>\n<link rel=\"canonical\" href=\"https:\/\/igartstudija.lt\/produktas\/tapyba-pagal-uzsakyma-is-nuotraukos-reljefinis-teksturinis-paveikslas-110x180cm-2025\/\" \/>\n<meta property=\"og:locale\" content=\"en_US\" \/>\n<meta property=\"og:type\" content=\"article\" \/>\n<meta property=\"og:title\" content=\"Tapyba pagal u\u017esakym\u0105 i\u0161 nuotraukos | Reljefinis tekst\u016brinis paveikslas 110x180cm 2025 - Interjero Paveikslai\" \/>\n<meta property=\"og:description\" content=\"Individual\u016bs u\u017esakymaiGalite u\u017esisakyti paveiksl\u0105 pagal savo nuotrauk\u0105, eskiz\u0105 ar tiesiog id\u0117jos apra\u0161ym\u0105. Pad\u0117siu parinkti stili\u0173, format\u0105 ir spalv\u0173 derinius, pritaikytus j\u016bs\u0173 interjerui.\" \/>\n<meta property=\"og:url\" content=\"https:\/\/igartstudija.lt\/produktas\/tapyba-pagal-uzsakyma-is-nuotraukos-reljefinis-teksturinis-paveikslas-110x180cm-2025\/\" \/>\n<meta property=\"og:site_name\" content=\"Interjero Paveikslai\" \/>\n<meta property=\"article:publisher\" content=\"https:\/\/www.facebook.com\/irina.ges.art\" \/>\n<meta property=\"article:modified_time\" content=\"2026-03-09T18:32:58+00:00\" \/>\n<meta property=\"og:image\" content=\"https:\/\/igartstudija.lt\/wp-content\/uploads\/2025\/03\/pvz1-100.jpg\" \/>\n\t<meta property=\"og:image:width\" content=\"595\" \/>\n\t<meta property=\"og:image:height\" content=\"794\" \/>\n<meta name=\"twitter:card\" content=\"summary_large_image\" \/>\n<script type=\"application\/ld+json\" class=\"yoast-schema-graph\">{\"@context\":\"https:\/\/schema.org\",\"@graph\":[{\"@type\":\"Organization\",\"@id\":\"https:\/\/igartstudija.lt\/#organization\",\"name\":\"Irina Ges Art Studija\",\"url\":\"https:\/\/igartstudija.lt\/\",\"sameAs\":[\"https:\/\/www.facebook.com\/irina.ges.art\",\"https:\/\/www.instagram.com\/i.ges_arts\/\"],\"logo\":{\"@type\":\"ImageObject\",\"@id\":\"https:\/\/igartstudija.lt\/#logo\",\"inLanguage\":\"en-US\",\"url\":\"https:\/\/igartstudija.lt\/wp-content\/uploads\/2021\/05\/Group-1.png\",\"contentUrl\":\"https:\/\/igartstudija.lt\/wp-content\/uploads\/2021\/05\/Group-1.png\",\"width\":410,\"height\":84,\"caption\":\"Irina Ges Art Studija\"},\"image\":{\"@id\":\"https:\/\/igartstudija.lt\/#logo\"}},{\"@type\":\"WebSite\",\"@id\":\"https:\/\/igartstudija.lt\/#website\",\"url\":\"https:\/\/igartstudija.lt\/\",\"name\":\"Interjero Paveikslai\",\"description\":\"IGArt studija\",\"publisher\":{\"@id\":\"https:\/\/igartstudija.lt\/#organization\"},\"potentialAction\":[{\"@type\":\"SearchAction\",\"target\":\"https:\/\/igartstudija.lt\/?s={search_term_string}\",\"query-input\":\"required name=search_term_string\"}],\"inLanguage\":\"en-US\"},{\"@type\":\"ImageObject\",\"@id\":\"https:\/\/igartstudija.lt\/produktas\/tapyba-pagal-uzsakyma-is-nuotraukos-reljefinis-teksturinis-paveikslas-110x180cm-2025\/#primaryimage\",\"inLanguage\":\"en-US\",\"url\":\"https:\/\/igartstudija.lt\/wp-content\/uploads\/2025\/03\/pvz1-100.jpg\",\"contentUrl\":\"https:\/\/igartstudija.lt\/wp-content\/uploads\/2025\/03\/pvz1-100.jpg\",\"width\":595,\"height\":794,\"caption\":\"Tapyba pagal u\\u017esakym\\u0105 i\\u0161 nuotraukos | Reljefinis tekst\\u016brinis paveikslas 110x180cm 2025\"},{\"@type\":\"WebPage\",\"@id\":\"https:\/\/igartstudija.lt\/produktas\/tapyba-pagal-uzsakyma-is-nuotraukos-reljefinis-teksturinis-paveikslas-110x180cm-2025\/#webpage\",\"url\":\"https:\/\/igartstudija.lt\/produktas\/tapyba-pagal-uzsakyma-is-nuotraukos-reljefinis-teksturinis-paveikslas-110x180cm-2025\/\",\"name\":\"Tapyba pagal u\\u017esakym\\u0105 i\\u0161 nuotraukos | Reljefinis tekst\\u016brinis paveikslas 110x180cm 2025 - Interjero Paveikslai\",\"isPartOf\":{\"@id\":\"https:\/\/igartstudija.lt\/#website\"},\"primaryImageOfPage\":{\"@id\":\"https:\/\/igartstudija.lt\/produktas\/tapyba-pagal-uzsakyma-is-nuotraukos-reljefinis-teksturinis-paveikslas-110x180cm-2025\/#primaryimage\"},\"datePublished\":\"2025-03-25T07:22:09+00:00\",\"dateModified\":\"2026-03-09T18:32:58+00:00\",\"description\":\"Individual\\u016bs u\\u017esakymaiGalite u\\u017esisakyti paveiksl\\u0105 pagal savo nuotrauk\\u0105, eskiz\\u0105 ar tiesiog id\\u0117jos apra\\u0161ym\\u0105. Pad\\u0117siu parinkti stili\\u0173, format\\u0105 ir spalv\\u0173 derinius, pritaikytus j\\u016bs\\u0173 interjerui.\",\"breadcrumb\":{\"@id\":\"https:\/\/igartstudija.lt\/produktas\/tapyba-pagal-uzsakyma-is-nuotraukos-reljefinis-teksturinis-paveikslas-110x180cm-2025\/#breadcrumb\"},\"inLanguage\":\"en-US\",\"potentialAction\":[{\"@type\":\"ReadAction\",\"target\":[\"https:\/\/igartstudija.lt\/produktas\/tapyba-pagal-uzsakyma-is-nuotraukos-reljefinis-teksturinis-paveikslas-110x180cm-2025\/\"]}]},{\"@type\":\"BreadcrumbList\",\"@id\":\"https:\/\/igartstudija.lt\/produktas\/tapyba-pagal-uzsakyma-is-nuotraukos-reljefinis-teksturinis-paveikslas-110x180cm-2025\/#breadcrumb\",\"itemListElement\":[{\"@type\":\"ListItem\",\"position\":1,\"item\":{\"@type\":\"WebPage\",\"@id\":\"https:\/\/igartstudija.lt\/en\/\",\"url\":\"https:\/\/igartstudija.lt\/en\/\",\"name\":\"Home\"}},{\"@type\":\"ListItem\",\"position\":2,\"item\":{\"@type\":\"WebPage\",\"@id\":\"https:\/\/igartstudija.lt\/en\/shop\/\",\"url\":\"https:\/\/igartstudija.lt\/en\/shop\/\",\"name\":\"Gallery\"}},{\"@type\":\"ListItem\",\"position\":3,\"item\":{\"@id\":\"https:\/\/igartstudija.lt\/produktas\/tapyba-pagal-uzsakyma-is-nuotraukos-reljefinis-teksturinis-paveikslas-110x180cm-2025\/#webpage\"}}]}]}<\/script>\n<!-- \/ Yoast SEO plugin. -->","_links":{"self":[{"href":"https:\/\/igartstudija.lt\/en\/wp-json\/wp\/v2\/product\/24110","targetHints":{"allow":["GET"]}}],"collection":[{"href":"https:\/\/igartstudija.lt\/en\/wp-json\/wp\/v2\/product"}],"about":[{"href":"https:\/\/igartstudija.lt\/en\/wp-json\/wp\/v2\/types\/product"}],"wp:featuredmedia":[{"embeddable":true,"href":"https:\/\/igartstudija.lt\/en\/wp-json\/wp\/v2\/media\/24115"}],"wp:attachment":[{"href":"https:\/\/igartstudija.lt\/en\/wp-json\/wp\/v2\/media?parent=24110"}],"curies":[{"name":"wp","href":"https:\/\/api.w.org\/{rel}","templated":true}]}}