{"id":24135,"date":"2025-04-07T18:37:31","date_gmt":"2025-04-07T18:37:31","guid":{"rendered":"https:\/\/igartstudija.lt\/?post_type=product&#038;p=24135"},"modified":"2026-03-09T19:17:15","modified_gmt":"2026-03-09T19:17:15","slug":"dialogas-be-zodziu-teksturinis-diptichas-50x20-cm-2025m","status":"publish","type":"product","link":"https:\/\/igartstudija.lt\/en\/produktas\/dialogas-be-zodziu-teksturinis-diptichas-50x20-cm-2025m\/","title":{"rendered":"\u201eDialogas be \u017eod\u017ei\u0173\u201c tekst\u016brinis diptichas, 50\u00d720 cm 2025m."},"content":{"rendered":"","protected":false},"excerpt":{"rendered":"<p data-start=\"696\" data-end=\"898\">Diptichas, 50\u00d720 cm<br data-start=\"378\" data-end=\"381\" \/>Molio tinkas, akrilas, drob\u0117<\/p>\n<p class=\"\" data-start=\"696\" data-end=\"898\"><strong data-start=\"696\" data-end=\"718\">Dialogas be \u017eod\u017ei\u0173<\/strong> \u2013 tai originalus autorinis diptichas, sukurtas i\u0161 molio tinko, akrilo ir drob\u0117s. \u0160is k\u016brinys perteikia gil\u0173 ry\u0161\u012f su gamta, tyl\u0105 kaip kalbos form\u0105 ir meditatyvi\u0105 b\u016bties akimirk\u0105.<\/p>\n<p class=\"\" data-start=\"900\" data-end=\"1109\">Darbui b\u016bdinga subtili fakt\u016bra, vertikalios formos dinamika ir nat\u016bralios spalvos. Tai puikus pasirinkimas ie\u0161kantiems minimalistinio, ta\u010diau turinio kupino meno k\u016brinio savo namams, biurui ar vie\u0161ai erdvei.<\/p>\n<p class=\"\" data-start=\"1111\" data-end=\"1259\"><strong data-start=\"1111\" data-end=\"1135\">\u201eDialogas be \u017eod\u017ei\u0173\u201c<\/strong> puikiai tinka tiek ma\u017eame, tiek didesniame formate \u2013 \u0161\u012f k\u016brin\u012f galima u\u017esisakyti individualaus dyd\u017eio pagal J\u016bs\u0173 poreikius.<\/p>\n<p class=\"\" data-start=\"450\" data-end=\"632\">\u0160is fakt\u016brinis meno k\u016brinys i\u0161 molio tinko, akrilo ir drob\u0117s i\u0161ry\u0161k\u0117ja ypa\u010d \u012fsp\u016bdingai didesniame formate \u2013 interjere diptichas tampa vizualiniu centru, kvie\u010dian\u010diu \u012f tyl\u0173 dialog\u0105.<\/p>\n<p class=\"\" data-start=\"634\" data-end=\"779\">\ud83d\udcb6 <strong data-start=\"637\" data-end=\"717\">Kaina:\u00a0 \u00a0nuo 300 \u20ac u\u017e darb\u0105 + 60 \u20ac med\u017eiagos + drob\u0117s kaina pagal pasirinkim\u0105.<\/strong><br data-start=\"717\" data-end=\"720\" \/>Dydis gali b\u016bti pritaikytas individualiai pagal j\u016bs\u0173 erdv\u0119.<\/p>\n<p class=\"\" data-start=\"456\" data-end=\"677\">Nors \u201eDialogas be \u017eod\u017ei\u0173\u201c yra diptichas, kiekviena jo dalis turi savit\u0105 i\u0161rai\u0161k\u0105 ir vidin\u012f pasaul\u012f. Didelio formato versijoje viena paveikslo dalis tampa stipriu vizualiniu akcentu ir tylos simboliu \u0161iuolaikin\u0117je erdv\u0117je.<\/p>\n<p class=\"\" data-start=\"679\" data-end=\"844\">\ud83d\uddbc\ufe0f <strong data-start=\"683\" data-end=\"763\">Galima u\u017esisakyti atskirai, 300 \u20ac u\u017e darb\u0105 + med\u017eiagos (60 \u20ac) + drob\u0117 pagal dyd\u012f.<\/strong><br data-start=\"763\" data-end=\"766\" \/>Tobulas sprendimas tiems, kurie vertina minimalistin\u0119 estetik\u0105 ir gil\u0173 turin\u012f.<\/p>\n","protected":false},"featured_media":24156,"template":"","meta":[],"class_list":["post-24135","product","type-product","status-publish","has-post-thumbnail","hentry","product_cat-abstrakcijosabstrakcijos","product_cat-interjero-paveikslai","product_tag-abstraktuspaveikslas","product_tag-akrilopaveikslas","product_tag-dialogasbezodziu","product_tag-diptichas","product_tag-fakturinismenas","product_tag-gamtamene","product_tag-intenjeropaveikslas","product_tag-menokuriniuuzsakymas","product_tag-minimalistinismenas","product_tag-modernusinterjeras","product_tag-modernuspaveikslas","product_tag-moliotinkas","product_tag-paveikslaspagaluzsakyma","product_tag-paveiskasisnuotraukos","product_tag-siuolaikinislietuviumenas","product_tag-teksturinispaveikslas","product_tag-unikalus-interjero-paveikslas"],"yoast_head":"<!-- This site is optimized with the Yoast SEO plugin v16.2 - https:\/\/yoast.com\/wordpress\/plugins\/seo\/ -->\n<title>\u201eDialogas be \u017eod\u017ei\u0173\u201c tekst\u016brinis diptichas, 50\u00d720 cm 2025m. - Interjero Paveikslai<\/title>\n<meta name=\"description\" content=\"Originalus autorinis paveikslas \u201eDialogas be \u017eod\u017ei\u0173\u201c \u2013 diptichas i\u0161 molio tinko, akrilo ir drob\u0117s. U\u017esakomas individualiu dyd\u017eiu. Tylos ir gamtos \u012fkv\u0117ptas menas.\" \/>\n<meta name=\"robots\" content=\"index, follow, max-snippet:-1, max-image-preview:large, max-video-preview:-1\" \/>\n<link rel=\"canonical\" href=\"https:\/\/igartstudija.lt\/produktas\/dialogas-be-zodziu-teksturinis-diptichas-50x20-cm-2025m\/\" \/>\n<meta property=\"og:locale\" content=\"en_US\" \/>\n<meta property=\"og:type\" content=\"article\" \/>\n<meta property=\"og:title\" content=\"\u201eDialogas be \u017eod\u017ei\u0173\u201c tekst\u016brinis diptichas, 50\u00d720 cm 2025m. - Interjero Paveikslai\" \/>\n<meta property=\"og:description\" content=\"Originalus autorinis paveikslas \u201eDialogas be \u017eod\u017ei\u0173\u201c \u2013 diptichas i\u0161 molio tinko, akrilo ir drob\u0117s. U\u017esakomas individualiu dyd\u017eiu. Tylos ir gamtos \u012fkv\u0117ptas menas.\" \/>\n<meta property=\"og:url\" content=\"https:\/\/igartstudija.lt\/produktas\/dialogas-be-zodziu-teksturinis-diptichas-50x20-cm-2025m\/\" \/>\n<meta property=\"og:site_name\" content=\"Interjero Paveikslai\" \/>\n<meta property=\"article:publisher\" content=\"https:\/\/www.facebook.com\/irina.ges.art\" \/>\n<meta property=\"article:modified_time\" content=\"2026-03-09T19:17:15+00:00\" \/>\n<meta property=\"og:image\" content=\"https:\/\/igartstudija.lt\/wp-content\/uploads\/2025\/04\/pokalbis-100.jpg\" \/>\n\t<meta property=\"og:image:width\" content=\"1050\" \/>\n\t<meta property=\"og:image:height\" content=\"1051\" \/>\n<meta name=\"twitter:card\" content=\"summary_large_image\" \/>\n<script type=\"application\/ld+json\" class=\"yoast-schema-graph\">{\"@context\":\"https:\/\/schema.org\",\"@graph\":[{\"@type\":\"Organization\",\"@id\":\"https:\/\/igartstudija.lt\/#organization\",\"name\":\"Irina Ges Art Studija\",\"url\":\"https:\/\/igartstudija.lt\/\",\"sameAs\":[\"https:\/\/www.facebook.com\/irina.ges.art\",\"https:\/\/www.instagram.com\/i.ges_arts\/\"],\"logo\":{\"@type\":\"ImageObject\",\"@id\":\"https:\/\/igartstudija.lt\/#logo\",\"inLanguage\":\"en-US\",\"url\":\"https:\/\/igartstudija.lt\/wp-content\/uploads\/2021\/05\/Group-1.png\",\"contentUrl\":\"https:\/\/igartstudija.lt\/wp-content\/uploads\/2021\/05\/Group-1.png\",\"width\":410,\"height\":84,\"caption\":\"Irina Ges Art Studija\"},\"image\":{\"@id\":\"https:\/\/igartstudija.lt\/#logo\"}},{\"@type\":\"WebSite\",\"@id\":\"https:\/\/igartstudija.lt\/#website\",\"url\":\"https:\/\/igartstudija.lt\/\",\"name\":\"Interjero Paveikslai\",\"description\":\"IGArt studija\",\"publisher\":{\"@id\":\"https:\/\/igartstudija.lt\/#organization\"},\"potentialAction\":[{\"@type\":\"SearchAction\",\"target\":\"https:\/\/igartstudija.lt\/?s={search_term_string}\",\"query-input\":\"required name=search_term_string\"}],\"inLanguage\":\"en-US\"},{\"@type\":\"ImageObject\",\"@id\":\"https:\/\/igartstudija.lt\/produktas\/dialogas-be-zodziu-teksturinis-diptichas-50x20-cm-2025m\/#primaryimage\",\"inLanguage\":\"en-US\",\"url\":\"https:\/\/igartstudija.lt\/wp-content\/uploads\/2025\/04\/pokalbis-100.jpg\",\"contentUrl\":\"https:\/\/igartstudija.lt\/wp-content\/uploads\/2025\/04\/pokalbis-100.jpg\",\"width\":1050,\"height\":1051,\"caption\":\"\\u201eDialogas be \\u017eod\\u017ei\\u0173\\u201c Diptichas, 50\\u00d720 cm Molio tinkas, akrilas, drob\\u0117\"},{\"@type\":\"WebPage\",\"@id\":\"https:\/\/igartstudija.lt\/produktas\/dialogas-be-zodziu-teksturinis-diptichas-50x20-cm-2025m\/#webpage\",\"url\":\"https:\/\/igartstudija.lt\/produktas\/dialogas-be-zodziu-teksturinis-diptichas-50x20-cm-2025m\/\",\"name\":\"\\u201eDialogas be \\u017eod\\u017ei\\u0173\\u201c tekst\\u016brinis diptichas, 50\\u00d720 cm 2025m. - Interjero Paveikslai\",\"isPartOf\":{\"@id\":\"https:\/\/igartstudija.lt\/#website\"},\"primaryImageOfPage\":{\"@id\":\"https:\/\/igartstudija.lt\/produktas\/dialogas-be-zodziu-teksturinis-diptichas-50x20-cm-2025m\/#primaryimage\"},\"datePublished\":\"2025-04-07T18:37:31+00:00\",\"dateModified\":\"2026-03-09T19:17:15+00:00\",\"description\":\"Originalus autorinis paveikslas \\u201eDialogas be \\u017eod\\u017ei\\u0173\\u201c \\u2013 diptichas i\\u0161 molio tinko, akrilo ir drob\\u0117s. U\\u017esakomas individualiu dyd\\u017eiu. Tylos ir gamtos \\u012fkv\\u0117ptas menas.\",\"breadcrumb\":{\"@id\":\"https:\/\/igartstudija.lt\/produktas\/dialogas-be-zodziu-teksturinis-diptichas-50x20-cm-2025m\/#breadcrumb\"},\"inLanguage\":\"en-US\",\"potentialAction\":[{\"@type\":\"ReadAction\",\"target\":[\"https:\/\/igartstudija.lt\/produktas\/dialogas-be-zodziu-teksturinis-diptichas-50x20-cm-2025m\/\"]}]},{\"@type\":\"BreadcrumbList\",\"@id\":\"https:\/\/igartstudija.lt\/produktas\/dialogas-be-zodziu-teksturinis-diptichas-50x20-cm-2025m\/#breadcrumb\",\"itemListElement\":[{\"@type\":\"ListItem\",\"position\":1,\"item\":{\"@type\":\"WebPage\",\"@id\":\"https:\/\/igartstudija.lt\/en\/\",\"url\":\"https:\/\/igartstudija.lt\/en\/\",\"name\":\"Home\"}},{\"@type\":\"ListItem\",\"position\":2,\"item\":{\"@type\":\"WebPage\",\"@id\":\"https:\/\/igartstudija.lt\/en\/shop\/\",\"url\":\"https:\/\/igartstudija.lt\/en\/shop\/\",\"name\":\"Gallery\"}},{\"@type\":\"ListItem\",\"position\":3,\"item\":{\"@id\":\"https:\/\/igartstudija.lt\/produktas\/dialogas-be-zodziu-teksturinis-diptichas-50x20-cm-2025m\/#webpage\"}}]}]}<\/script>\n<!-- \/ Yoast SEO plugin. -->","_links":{"self":[{"href":"https:\/\/igartstudija.lt\/en\/wp-json\/wp\/v2\/product\/24135","targetHints":{"allow":["GET"]}}],"collection":[{"href":"https:\/\/igartstudija.lt\/en\/wp-json\/wp\/v2\/product"}],"about":[{"href":"https:\/\/igartstudija.lt\/en\/wp-json\/wp\/v2\/types\/product"}],"wp:featuredmedia":[{"embeddable":true,"href":"https:\/\/igartstudija.lt\/en\/wp-json\/wp\/v2\/media\/24156"}],"wp:attachment":[{"href":"https:\/\/igartstudija.lt\/en\/wp-json\/wp\/v2\/media?parent=24135"}],"curies":[{"name":"wp","href":"https:\/\/api.w.org\/{rel}","templated":true}]}}