{"id":24162,"date":"2025-04-10T12:14:44","date_gmt":"2025-04-10T12:14:44","guid":{"rendered":"https:\/\/igartstudija.lt\/?post_type=product&#038;p=24162"},"modified":"2026-03-31T04:49:10","modified_gmt":"2026-03-31T04:49:10","slug":"tylaus-sauksmas-fakturinis-paveikslas-apie-vidini-balsa-60x50cm-2025m","status":"publish","type":"product","link":"https:\/\/igartstudija.lt\/en\/produktas\/tylaus-sauksmas-fakturinis-paveikslas-apie-vidini-balsa-60x50cm-2025m\/","title":{"rendered":"Tylaus \u0161auksmas \u2013 fakt\u016brinis paveikslas apie vidin\u012f bals\u0105 (60x50cm) 2025m."},"content":{"rendered":"","protected":false},"excerpt":{"rendered":"<p class=\"\" data-start=\"280\" data-end=\"469\"><strong data-start=\"280\" data-end=\"301\">\u201eTylaus \u0161auksmas\u201c<\/strong> \u2013 originalus autorinis paveikslas (60\u00d750 cm), sukurtas naudojant molio tink\u0105, akril\u0105 ir drob\u0119. K\u016brinys \u012fr\u0117mintas rank\u0173 darbo mediniu r\u0117mu, nuda\u017eytu \u017ealvario atspalviu.<\/p>\n<p class=\"\" data-start=\"471\" data-end=\"716\">\u0160is darbas kalba apie tyl\u0105, kuri slepia intensyvum\u0105. Apie vidin\u012f bals\u0105, kuris i\u0161silieja per form\u0105, tekst\u016br\u0105 ir spalv\u0105. Tamsus fonas \u2013 tai giluma. Baltos strukt\u016bros \u2013 sienos, barjerai, o raudonas akcentas \u2013 \u0161auksmas, pulsuojanti gyvyb\u0117s energija.<\/p>\n<p class=\"\" data-start=\"718\" data-end=\"766\">Tai paveikslas, skirtas tiems, kurie girdi tyl\u0105.<\/p>\n<p class=\"\" data-start=\"768\" data-end=\"942\">\ud83d\uddbc\ufe0f <strong data-start=\"772\" data-end=\"782\">Dydis:<\/strong> 60\u00d750 cm<br data-start=\"791\" data-end=\"794\" \/>\ud83d\udd8c\ufe0f <strong data-start=\"798\" data-end=\"812\">Med\u017eiagos:<\/strong> molio tinkas, akrilas, drob\u0117<br data-start=\"841\" data-end=\"844\" \/>\ud83d\uddbc\ufe0f <strong data-start=\"848\" data-end=\"858\">R\u0117mas:<\/strong> medis, da\u017eytas \u017ealvario spalva<br data-start=\"889\" data-end=\"892\" \/>\ud83d\udcac Galimas individualus u\u017esakymas pagal J\u016bs\u0173 erdv\u0119<\/p>\n","protected":false},"featured_media":24163,"template":"","meta":[],"class_list":["post-24162","product","type-product","status-publish","has-post-thumbnail","hentry","product_cat-abstrakcijosabstrakcijos","product_cat-interjero-paveikslai","product_tag-dovanapavaikslas","product_tag-fakturinismenas","product_tag-menasapietyla","product_tag-minimalistinismenas","product_tag-modernusinterjeras","product_tag-modernuspaveikslai","product_tag-paveikslaiinterjerui","product_tag-paveikslaiinternetu","product_tag-paveikslaipagaluzsakyma","product_tag-paveikslas60x50","product_tag-paveikslasjusuerdveje","product_tag-personalizuotasmenas","product_tag-siuolaikiskasinterjeras","product_tag-tylaussauksmas","product_tag-unikaluskurinys","product_tag-zalvarioremas"],"yoast_head":"<!-- This site is optimized with the Yoast SEO plugin v16.2 - https:\/\/yoast.com\/wordpress\/plugins\/seo\/ -->\n<title>Tylaus \u0161auksmas \u2013 fakt\u016brinis paveikslas apie vidin\u012f bals\u0105 (60x50cm) 2025m. - Interjero Paveikslai<\/title>\n<meta name=\"description\" content=\"Originalus paveikslas \u201eTylaus \u0161auksmas\u201c \u2013 fakt\u016brinis k\u016brinys apie tyl\u0105, ribas ir vidin\u012f bals\u0105. Galimas individualus u\u017esakymas.\" \/>\n<meta name=\"robots\" content=\"index, follow, max-snippet:-1, max-image-preview:large, max-video-preview:-1\" \/>\n<link rel=\"canonical\" href=\"https:\/\/igartstudija.lt\/produktas\/tylaus-sauksmas-fakturinis-paveikslas-apie-vidini-balsa-60x50cm-2025m\/\" \/>\n<meta property=\"og:locale\" content=\"en_US\" \/>\n<meta property=\"og:type\" content=\"article\" \/>\n<meta property=\"og:title\" content=\"Tylaus \u0161auksmas \u2013 fakt\u016brinis paveikslas apie vidin\u012f bals\u0105 (60x50cm) 2025m. - Interjero Paveikslai\" \/>\n<meta property=\"og:description\" content=\"Originalus paveikslas \u201eTylaus \u0161auksmas\u201c \u2013 fakt\u016brinis k\u016brinys apie tyl\u0105, ribas ir vidin\u012f bals\u0105. Galimas individualus u\u017esakymas.\" \/>\n<meta property=\"og:url\" content=\"https:\/\/igartstudija.lt\/produktas\/tylaus-sauksmas-fakturinis-paveikslas-apie-vidini-balsa-60x50cm-2025m\/\" \/>\n<meta property=\"og:site_name\" content=\"Interjero Paveikslai\" \/>\n<meta property=\"article:publisher\" content=\"https:\/\/www.facebook.com\/irina.ges.art\" \/>\n<meta property=\"article:modified_time\" content=\"2026-03-31T04:49:10+00:00\" \/>\n<meta property=\"og:image\" content=\"https:\/\/igartstudija.lt\/wp-content\/uploads\/2025\/04\/IMG_1441.jpg\" \/>\n\t<meta property=\"og:image:width\" content=\"900\" \/>\n\t<meta property=\"og:image:height\" content=\"900\" \/>\n<meta name=\"twitter:card\" content=\"summary_large_image\" \/>\n<script type=\"application\/ld+json\" class=\"yoast-schema-graph\">{\"@context\":\"https:\/\/schema.org\",\"@graph\":[{\"@type\":\"Organization\",\"@id\":\"https:\/\/igartstudija.lt\/#organization\",\"name\":\"Irina Ges Art Studija\",\"url\":\"https:\/\/igartstudija.lt\/\",\"sameAs\":[\"https:\/\/www.facebook.com\/irina.ges.art\",\"https:\/\/www.instagram.com\/i.ges_arts\/\"],\"logo\":{\"@type\":\"ImageObject\",\"@id\":\"https:\/\/igartstudija.lt\/#logo\",\"inLanguage\":\"en-US\",\"url\":\"https:\/\/igartstudija.lt\/wp-content\/uploads\/2021\/05\/Group-1.png\",\"contentUrl\":\"https:\/\/igartstudija.lt\/wp-content\/uploads\/2021\/05\/Group-1.png\",\"width\":410,\"height\":84,\"caption\":\"Irina Ges Art Studija\"},\"image\":{\"@id\":\"https:\/\/igartstudija.lt\/#logo\"}},{\"@type\":\"WebSite\",\"@id\":\"https:\/\/igartstudija.lt\/#website\",\"url\":\"https:\/\/igartstudija.lt\/\",\"name\":\"Interjero Paveikslai\",\"description\":\"IGArt studija\",\"publisher\":{\"@id\":\"https:\/\/igartstudija.lt\/#organization\"},\"potentialAction\":[{\"@type\":\"SearchAction\",\"target\":\"https:\/\/igartstudija.lt\/?s={search_term_string}\",\"query-input\":\"required name=search_term_string\"}],\"inLanguage\":\"en-US\"},{\"@type\":\"ImageObject\",\"@id\":\"https:\/\/igartstudija.lt\/produktas\/tylaus-sauksmas-fakturinis-paveikslas-apie-vidini-balsa-60x50cm-2025m\/#primaryimage\",\"inLanguage\":\"en-US\",\"url\":\"https:\/\/igartstudija.lt\/wp-content\/uploads\/2025\/04\/IMG_1441.jpg\",\"contentUrl\":\"https:\/\/igartstudija.lt\/wp-content\/uploads\/2025\/04\/IMG_1441.jpg\",\"width\":900,\"height\":900,\"caption\":\"\\u201eTylaus \\u0161auksmas\\u201c \\u2013 paveikslas, kuris kalba be \\u017eod\\u017ei\\u0173\"},{\"@type\":\"WebPage\",\"@id\":\"https:\/\/igartstudija.lt\/produktas\/tylaus-sauksmas-fakturinis-paveikslas-apie-vidini-balsa-60x50cm-2025m\/#webpage\",\"url\":\"https:\/\/igartstudija.lt\/produktas\/tylaus-sauksmas-fakturinis-paveikslas-apie-vidini-balsa-60x50cm-2025m\/\",\"name\":\"Tylaus \\u0161auksmas \\u2013 fakt\\u016brinis paveikslas apie vidin\\u012f bals\\u0105 (60x50cm) 2025m. - Interjero Paveikslai\",\"isPartOf\":{\"@id\":\"https:\/\/igartstudija.lt\/#website\"},\"primaryImageOfPage\":{\"@id\":\"https:\/\/igartstudija.lt\/produktas\/tylaus-sauksmas-fakturinis-paveikslas-apie-vidini-balsa-60x50cm-2025m\/#primaryimage\"},\"datePublished\":\"2025-04-10T12:14:44+00:00\",\"dateModified\":\"2026-03-31T04:49:10+00:00\",\"description\":\"Originalus paveikslas \\u201eTylaus \\u0161auksmas\\u201c \\u2013 fakt\\u016brinis k\\u016brinys apie tyl\\u0105, ribas ir vidin\\u012f bals\\u0105. Galimas individualus u\\u017esakymas.\",\"breadcrumb\":{\"@id\":\"https:\/\/igartstudija.lt\/produktas\/tylaus-sauksmas-fakturinis-paveikslas-apie-vidini-balsa-60x50cm-2025m\/#breadcrumb\"},\"inLanguage\":\"en-US\",\"potentialAction\":[{\"@type\":\"ReadAction\",\"target\":[\"https:\/\/igartstudija.lt\/produktas\/tylaus-sauksmas-fakturinis-paveikslas-apie-vidini-balsa-60x50cm-2025m\/\"]}]},{\"@type\":\"BreadcrumbList\",\"@id\":\"https:\/\/igartstudija.lt\/produktas\/tylaus-sauksmas-fakturinis-paveikslas-apie-vidini-balsa-60x50cm-2025m\/#breadcrumb\",\"itemListElement\":[{\"@type\":\"ListItem\",\"position\":1,\"item\":{\"@type\":\"WebPage\",\"@id\":\"https:\/\/igartstudija.lt\/en\/\",\"url\":\"https:\/\/igartstudija.lt\/en\/\",\"name\":\"Home\"}},{\"@type\":\"ListItem\",\"position\":2,\"item\":{\"@type\":\"WebPage\",\"@id\":\"https:\/\/igartstudija.lt\/en\/shop\/\",\"url\":\"https:\/\/igartstudija.lt\/en\/shop\/\",\"name\":\"Gallery\"}},{\"@type\":\"ListItem\",\"position\":3,\"item\":{\"@id\":\"https:\/\/igartstudija.lt\/produktas\/tylaus-sauksmas-fakturinis-paveikslas-apie-vidini-balsa-60x50cm-2025m\/#webpage\"}}]}]}<\/script>\n<!-- \/ Yoast SEO plugin. -->","_links":{"self":[{"href":"https:\/\/igartstudija.lt\/en\/wp-json\/wp\/v2\/product\/24162","targetHints":{"allow":["GET"]}}],"collection":[{"href":"https:\/\/igartstudija.lt\/en\/wp-json\/wp\/v2\/product"}],"about":[{"href":"https:\/\/igartstudija.lt\/en\/wp-json\/wp\/v2\/types\/product"}],"wp:featuredmedia":[{"embeddable":true,"href":"https:\/\/igartstudija.lt\/en\/wp-json\/wp\/v2\/media\/24163"}],"wp:attachment":[{"href":"https:\/\/igartstudija.lt\/en\/wp-json\/wp\/v2\/media?parent=24162"}],"curies":[{"name":"wp","href":"https:\/\/api.w.org\/{rel}","templated":true}]}}