{"id":24263,"date":"2025-04-28T18:41:35","date_gmt":"2025-04-28T18:41:35","guid":{"rendered":"https:\/\/igartstudija.lt\/?post_type=product&#038;p=24263"},"modified":"2026-03-09T19:16:44","modified_gmt":"2026-03-09T19:16:44","slug":"zemes-kvepavimas-modernus-teksturinis-paveikslas-lyrine-abstrakcija-70x100cm","status":"publish","type":"product","link":"https:\/\/igartstudija.lt\/en\/produktas\/zemes-kvepavimas-modernus-teksturinis-paveikslas-lyrine-abstrakcija-70x100cm\/","title":{"rendered":"&#8220;\u017dem\u0117s kv\u0117pavimas&#8221; \u2013 modernus tekst\u016brinis paveikslas, lyrin\u0117 abstrakcija 70x100cm"},"content":{"rendered":"","protected":false},"excerpt":{"rendered":"<p class=\"\" data-start=\"439\" data-end=\"770\"><strong data-start=\"439\" data-end=\"461\">\u201e\u017dem\u0117s kv\u0117pavimas\u201c<\/strong> \u2013 tai modernus tekst\u016brinis paveikslas, perteikiantis gili\u0105 ir tyli\u0105 gamtos stichij\u0173 t\u0117km\u0119.<br data-start=\"552\" data-end=\"555\" \/>\u0160velnios sm\u0117lio, akmens ir vandens ton\u0173 spalvos susilieja \u012f organi\u0161k\u0105 visum\u0105, primenan\u010di\u0105 gyv\u0105, nuolat kintan\u010di\u0105 \u017eem\u0117s kv\u0117pavimo fakt\u016br\u0105.<br data-start=\"694\" data-end=\"697\" \/>\u0160is darbas pripildo erdv\u0119 ramybe, giluma ir nat\u016bralios gyvyb\u0117s poj\u016b\u010diu.<\/p>\n<p class=\"\" data-start=\"775\" data-end=\"903\"><strong data-start=\"775\" data-end=\"785\">Dydis:<\/strong> 70&#215;100 cm<br data-start=\"795\" data-end=\"798\" \/><strong data-start=\"800\" data-end=\"813\">Technika:<\/strong> molio tinkas, akrilas ant drob\u0117s.<br data-start=\"847\" data-end=\"850\" \/><strong data-start=\"852\" data-end=\"864\">Stilius:<\/strong> moderni tekst\u016brin\u0117 lyrin\u0117 abstrakcija.<\/p>\n","protected":false},"featured_media":24290,"template":"","meta":[],"class_list":["post-24263","product","type-product","status-publish","has-post-thumbnail","hentry","product_cat-abstrakcijosabstrakcijos","product_tag-gamtos-energijos-paveikslas","product_tag-interjerodekoras","product_tag-lyrine-abstrakcija","product_tag-modernus-teksturinis-paveikslas","product_tag-originalus-paveikslas","product_tag-paveikslas-interjerui","product_tag-paveikslas-naturaliomis-spalvomis","product_tag-paveikslasinterjerui","product_tag-siuolaikine-daile","product_tag-zemes-kvepavimas-paveikslas"],"yoast_head":"<!-- This site is optimized with the Yoast SEO plugin v16.2 - https:\/\/yoast.com\/wordpress\/plugins\/seo\/ -->\n<title>&quot;\u017dem\u0117s kv\u0117pavimas&quot; \u2013 modernus tekst\u016brinis paveikslas, lyrin\u0117 abstrakcija 70x100cm - Interjero Paveikslai<\/title>\n<meta name=\"description\" content=\"\u201e\u017dem\u0117s kv\u0117pavimas\u201c \u2013 moderni tekst\u016brin\u0117 lyrin\u0117 abstrakcija nat\u016braliais tonais. Tobulai tinka interjerui: ramyb\u0117, gamtos energija, gilumas.\" \/>\n<meta name=\"robots\" content=\"index, follow, max-snippet:-1, max-image-preview:large, max-video-preview:-1\" \/>\n<link rel=\"canonical\" href=\"https:\/\/igartstudija.lt\/produktas\/zemes-kvepavimas-modernus-teksturinis-paveikslas-lyrine-abstrakcija-70x100cm\/\" \/>\n<meta property=\"og:locale\" content=\"en_US\" \/>\n<meta property=\"og:type\" content=\"article\" \/>\n<meta property=\"og:title\" content=\"&quot;\u017dem\u0117s kv\u0117pavimas&quot; \u2013 modernus tekst\u016brinis paveikslas, lyrin\u0117 abstrakcija 70x100cm - Interjero Paveikslai\" \/>\n<meta property=\"og:description\" content=\"\u201e\u017dem\u0117s kv\u0117pavimas\u201c \u2013 moderni tekst\u016brin\u0117 lyrin\u0117 abstrakcija nat\u016braliais tonais. Tobulai tinka interjerui: ramyb\u0117, gamtos energija, gilumas.\" \/>\n<meta property=\"og:url\" content=\"https:\/\/igartstudija.lt\/produktas\/zemes-kvepavimas-modernus-teksturinis-paveikslas-lyrine-abstrakcija-70x100cm\/\" \/>\n<meta property=\"og:site_name\" content=\"Interjero Paveikslai\" \/>\n<meta property=\"article:publisher\" content=\"https:\/\/www.facebook.com\/irina.ges.art\" \/>\n<meta property=\"article:modified_time\" content=\"2026-03-09T19:16:44+00:00\" \/>\n<meta property=\"og:image\" content=\"https:\/\/igartstudija.lt\/wp-content\/uploads\/2025\/04\/IMG_1650.jpg\" \/>\n\t<meta property=\"og:image:width\" content=\"1200\" \/>\n\t<meta property=\"og:image:height\" content=\"1200\" \/>\n<meta name=\"twitter:card\" content=\"summary_large_image\" \/>\n<script type=\"application\/ld+json\" class=\"yoast-schema-graph\">{\"@context\":\"https:\/\/schema.org\",\"@graph\":[{\"@type\":\"Organization\",\"@id\":\"https:\/\/igartstudija.lt\/#organization\",\"name\":\"Irina Ges Art Studija\",\"url\":\"https:\/\/igartstudija.lt\/\",\"sameAs\":[\"https:\/\/www.facebook.com\/irina.ges.art\",\"https:\/\/www.instagram.com\/i.ges_arts\/\"],\"logo\":{\"@type\":\"ImageObject\",\"@id\":\"https:\/\/igartstudija.lt\/#logo\",\"inLanguage\":\"en-US\",\"url\":\"https:\/\/igartstudija.lt\/wp-content\/uploads\/2021\/05\/Group-1.png\",\"contentUrl\":\"https:\/\/igartstudija.lt\/wp-content\/uploads\/2021\/05\/Group-1.png\",\"width\":410,\"height\":84,\"caption\":\"Irina Ges Art Studija\"},\"image\":{\"@id\":\"https:\/\/igartstudija.lt\/#logo\"}},{\"@type\":\"WebSite\",\"@id\":\"https:\/\/igartstudija.lt\/#website\",\"url\":\"https:\/\/igartstudija.lt\/\",\"name\":\"Interjero Paveikslai\",\"description\":\"IGArt studija\",\"publisher\":{\"@id\":\"https:\/\/igartstudija.lt\/#organization\"},\"potentialAction\":[{\"@type\":\"SearchAction\",\"target\":\"https:\/\/igartstudija.lt\/?s={search_term_string}\",\"query-input\":\"required name=search_term_string\"}],\"inLanguage\":\"en-US\"},{\"@type\":\"ImageObject\",\"@id\":\"https:\/\/igartstudija.lt\/produktas\/zemes-kvepavimas-modernus-teksturinis-paveikslas-lyrine-abstrakcija-70x100cm\/#primaryimage\",\"inLanguage\":\"en-US\",\"url\":\"https:\/\/igartstudija.lt\/wp-content\/uploads\/2025\/04\/IMG_1650.jpg\",\"contentUrl\":\"https:\/\/igartstudija.lt\/wp-content\/uploads\/2025\/04\/IMG_1650.jpg\",\"width\":1200,\"height\":1200,\"caption\":\"\\u201e\\u017dem\\u0117s kv\\u0117pavimas\\u201c \\u2013 moderni tekst\\u016brin\\u0117 lyrin\\u0117 abstrakcija, perteikianti \\u017eem\\u0117s ramyb\\u0119 ir vidin\\u012f virsm\\u0105.\"},{\"@type\":\"WebPage\",\"@id\":\"https:\/\/igartstudija.lt\/produktas\/zemes-kvepavimas-modernus-teksturinis-paveikslas-lyrine-abstrakcija-70x100cm\/#webpage\",\"url\":\"https:\/\/igartstudija.lt\/produktas\/zemes-kvepavimas-modernus-teksturinis-paveikslas-lyrine-abstrakcija-70x100cm\/\",\"name\":\"\\\"\\u017dem\\u0117s kv\\u0117pavimas\\\" \\u2013 modernus tekst\\u016brinis paveikslas, lyrin\\u0117 abstrakcija 70x100cm - Interjero Paveikslai\",\"isPartOf\":{\"@id\":\"https:\/\/igartstudija.lt\/#website\"},\"primaryImageOfPage\":{\"@id\":\"https:\/\/igartstudija.lt\/produktas\/zemes-kvepavimas-modernus-teksturinis-paveikslas-lyrine-abstrakcija-70x100cm\/#primaryimage\"},\"datePublished\":\"2025-04-28T18:41:35+00:00\",\"dateModified\":\"2026-03-09T19:16:44+00:00\",\"description\":\"\\u201e\\u017dem\\u0117s kv\\u0117pavimas\\u201c \\u2013 moderni tekst\\u016brin\\u0117 lyrin\\u0117 abstrakcija nat\\u016braliais tonais. Tobulai tinka interjerui: ramyb\\u0117, gamtos energija, gilumas.\",\"breadcrumb\":{\"@id\":\"https:\/\/igartstudija.lt\/produktas\/zemes-kvepavimas-modernus-teksturinis-paveikslas-lyrine-abstrakcija-70x100cm\/#breadcrumb\"},\"inLanguage\":\"en-US\",\"potentialAction\":[{\"@type\":\"ReadAction\",\"target\":[\"https:\/\/igartstudija.lt\/produktas\/zemes-kvepavimas-modernus-teksturinis-paveikslas-lyrine-abstrakcija-70x100cm\/\"]}]},{\"@type\":\"BreadcrumbList\",\"@id\":\"https:\/\/igartstudija.lt\/produktas\/zemes-kvepavimas-modernus-teksturinis-paveikslas-lyrine-abstrakcija-70x100cm\/#breadcrumb\",\"itemListElement\":[{\"@type\":\"ListItem\",\"position\":1,\"item\":{\"@type\":\"WebPage\",\"@id\":\"https:\/\/igartstudija.lt\/en\/\",\"url\":\"https:\/\/igartstudija.lt\/en\/\",\"name\":\"Home\"}},{\"@type\":\"ListItem\",\"position\":2,\"item\":{\"@type\":\"WebPage\",\"@id\":\"https:\/\/igartstudija.lt\/en\/shop\/\",\"url\":\"https:\/\/igartstudija.lt\/en\/shop\/\",\"name\":\"Gallery\"}},{\"@type\":\"ListItem\",\"position\":3,\"item\":{\"@id\":\"https:\/\/igartstudija.lt\/produktas\/zemes-kvepavimas-modernus-teksturinis-paveikslas-lyrine-abstrakcija-70x100cm\/#webpage\"}}]}]}<\/script>\n<!-- \/ Yoast SEO plugin. -->","_links":{"self":[{"href":"https:\/\/igartstudija.lt\/en\/wp-json\/wp\/v2\/product\/24263","targetHints":{"allow":["GET"]}}],"collection":[{"href":"https:\/\/igartstudija.lt\/en\/wp-json\/wp\/v2\/product"}],"about":[{"href":"https:\/\/igartstudija.lt\/en\/wp-json\/wp\/v2\/types\/product"}],"wp:featuredmedia":[{"embeddable":true,"href":"https:\/\/igartstudija.lt\/en\/wp-json\/wp\/v2\/media\/24290"}],"wp:attachment":[{"href":"https:\/\/igartstudija.lt\/en\/wp-json\/wp\/v2\/media?parent=24263"}],"curies":[{"name":"wp","href":"https:\/\/api.w.org\/{rel}","templated":true}]}}