{"id":24292,"date":"2025-05-09T19:13:02","date_gmt":"2025-05-09T19:13:02","guid":{"rendered":"https:\/\/igartstudija.lt\/?post_type=product&#038;p=24292"},"modified":"2026-03-09T19:16:29","modified_gmt":"2026-03-09T19:16:29","slug":"sakos-manyje-moderni-teksturine-abstrakcija-100x70cm-2025m","status":"publish","type":"product","link":"https:\/\/igartstudija.lt\/en\/produktas\/sakos-manyje-moderni-teksturine-abstrakcija-100x70cm-2025m\/","title":{"rendered":"\u201e\u0160akos manyje\u201c \u2013 moderni tekst\u016brin\u0117 abstrakcija 100x70cm, 2025m."},"content":{"rendered":"","protected":false},"excerpt":{"rendered":"<blockquote data-start=\"425\" data-end=\"997\">\n<p data-start=\"427\" data-end=\"850\"><strong data-start=\"427\" data-end=\"451\">\u201e\u0160akos manyje\u201c<\/strong> \u2013 tai paveikslas apie tyl\u0173 vidin\u012f augim\u0105, apie \u0161aknis ir \u0161vies\u0105, slypin\u010di\u0105 \u0161e\u0161\u0117lyje.<br data-start=\"536\" data-end=\"539\" \/>Tams\u016bs vingiai, tarsi paslaptingos \u0161aknys, pinasi su auksin\u0117mis linijomis \u2013 tai m\u016bs\u0173 vidini\u0173 j\u0117g\u0173 simbolis, kurios, nepaisant tamsos, visada randa keli\u0105 \u012f \u0161vies\u0105.<br data-start=\"703\" data-end=\"706\" \/>\u0160is paveikslas kvie\u010dia stabtel\u0117ti, pa\u017evelgti \u012f save ir prisiminti: net pa\u010diose tamsiausiose vietose slypi gyvyb\u0117, stipryb\u0117 ir nauja prad\u017eia.<\/p>\n<p data-start=\"857\" data-end=\"997\"><strong data-start=\"857\" data-end=\"867\">Dydis: 100&#215;70 cm.<\/strong><br data-start=\"902\" data-end=\"905\" \/><strong data-start=\"907\" data-end=\"920\">Technika:<\/strong> molio tinkas, akrilas, drob\u0117<br data-start=\"949\" data-end=\"952\" \/><strong data-start=\"954\" data-end=\"966\">Stilius:<\/strong> moderni tekst\u016brin\u0117 abstrakcija , minimalizmas<\/p>\n<\/blockquote>\n","protected":false},"featured_media":24297,"template":"","meta":[],"class_list":["post-24292","product","type-product","status-publish","has-post-thumbnail","hentry","product_cat-abstrakcijosabstrakcijos","product_cat-interjero-paveikslai","product_tag-abstrakcijainterjere","product_tag-abstraktus-menas","product_tag-akrilas-ant-drobes","product_tag-elegantiskas-ir-minimalistinis-paveikslas","product_tag-minimalistine-abstrakcija","product_tag-minimalistinis-sienu-dekoras","product_tag-minimalizmas","product_tag-moderni-teksturine-abstrakcija","product_tag-modernus-menas-interjerui","product_tag-originalus-paveikslas","product_tag-paveikslas-apie-vidine-stiprybe","product_tag-paveikslas-su-giliu-simbolizmu","product_tag-saknu-simbolika-mene"],"yoast_head":"<!-- This site is optimized with the Yoast SEO plugin v16.2 - https:\/\/yoast.com\/wordpress\/plugins\/seo\/ -->\n<title>\u201e\u0160akos manyje\u201c \u2013 moderni tekst\u016brin\u0117 abstrakcija 100x70cm, 2025m. - Interjero Paveikslai<\/title>\n<meta name=\"description\" content=\"Paveikslas \u201e\u0160akos manyje\u201c \u2013 moderni tekst\u016brin\u0117 abstrakcija apie vidin\u0119 stipryb\u0119 ir \u0161vies\u0105 \u0161e\u0161\u0117lyje. Originalus darbas interjerui \u2013 molio tinkas, akrilas, drob\u0117.\" \/>\n<meta name=\"robots\" content=\"index, follow, max-snippet:-1, max-image-preview:large, max-video-preview:-1\" \/>\n<link rel=\"canonical\" href=\"https:\/\/igartstudija.lt\/produktas\/sakos-manyje-moderni-teksturine-abstrakcija-100x70cm-2025m\/\" \/>\n<meta property=\"og:locale\" content=\"en_US\" \/>\n<meta property=\"og:type\" content=\"article\" \/>\n<meta property=\"og:title\" content=\"\u201e\u0160akos manyje\u201c \u2013 moderni tekst\u016brin\u0117 abstrakcija 100x70cm, 2025m. - Interjero Paveikslai\" \/>\n<meta property=\"og:description\" content=\"Paveikslas \u201e\u0160akos manyje\u201c \u2013 moderni tekst\u016brin\u0117 abstrakcija apie vidin\u0119 stipryb\u0119 ir \u0161vies\u0105 \u0161e\u0161\u0117lyje. Originalus darbas interjerui \u2013 molio tinkas, akrilas, drob\u0117.\" \/>\n<meta property=\"og:url\" content=\"https:\/\/igartstudija.lt\/produktas\/sakos-manyje-moderni-teksturine-abstrakcija-100x70cm-2025m\/\" \/>\n<meta property=\"og:site_name\" content=\"Interjero Paveikslai\" \/>\n<meta property=\"article:publisher\" content=\"https:\/\/www.facebook.com\/irina.ges.art\" \/>\n<meta property=\"article:modified_time\" content=\"2026-03-09T19:16:29+00:00\" \/>\n<meta property=\"og:image\" content=\"https:\/\/igartstudija.lt\/wp-content\/uploads\/2025\/05\/IMG_1740.jpg\" \/>\n\t<meta property=\"og:image:width\" content=\"780\" \/>\n\t<meta property=\"og:image:height\" content=\"780\" \/>\n<meta name=\"twitter:card\" content=\"summary_large_image\" \/>\n<script type=\"application\/ld+json\" class=\"yoast-schema-graph\">{\"@context\":\"https:\/\/schema.org\",\"@graph\":[{\"@type\":\"Organization\",\"@id\":\"https:\/\/igartstudija.lt\/#organization\",\"name\":\"Irina Ges Art Studija\",\"url\":\"https:\/\/igartstudija.lt\/\",\"sameAs\":[\"https:\/\/www.facebook.com\/irina.ges.art\",\"https:\/\/www.instagram.com\/i.ges_arts\/\"],\"logo\":{\"@type\":\"ImageObject\",\"@id\":\"https:\/\/igartstudija.lt\/#logo\",\"inLanguage\":\"en-US\",\"url\":\"https:\/\/igartstudija.lt\/wp-content\/uploads\/2021\/05\/Group-1.png\",\"contentUrl\":\"https:\/\/igartstudija.lt\/wp-content\/uploads\/2021\/05\/Group-1.png\",\"width\":410,\"height\":84,\"caption\":\"Irina Ges Art Studija\"},\"image\":{\"@id\":\"https:\/\/igartstudija.lt\/#logo\"}},{\"@type\":\"WebSite\",\"@id\":\"https:\/\/igartstudija.lt\/#website\",\"url\":\"https:\/\/igartstudija.lt\/\",\"name\":\"Interjero Paveikslai\",\"description\":\"IGArt studija\",\"publisher\":{\"@id\":\"https:\/\/igartstudija.lt\/#organization\"},\"potentialAction\":[{\"@type\":\"SearchAction\",\"target\":\"https:\/\/igartstudija.lt\/?s={search_term_string}\",\"query-input\":\"required name=search_term_string\"}],\"inLanguage\":\"en-US\"},{\"@type\":\"ImageObject\",\"@id\":\"https:\/\/igartstudija.lt\/produktas\/sakos-manyje-moderni-teksturine-abstrakcija-100x70cm-2025m\/#primaryimage\",\"inLanguage\":\"en-US\",\"url\":\"https:\/\/igartstudija.lt\/wp-content\/uploads\/2025\/05\/IMG_1740.jpg\",\"contentUrl\":\"https:\/\/igartstudija.lt\/wp-content\/uploads\/2025\/05\/IMG_1740.jpg\",\"width\":780,\"height\":780,\"caption\":\"\\u201eVetri vnutri menya\\u201c \\u2013 moderni tekst\\u016brin\\u0117 abstrakcija apie vidin\\u0119 kelion\\u0119, augim\\u0105 ir \\u0161vies\\u0105 tamsos gl\\u016bdumoje.\"},{\"@type\":\"WebPage\",\"@id\":\"https:\/\/igartstudija.lt\/produktas\/sakos-manyje-moderni-teksturine-abstrakcija-100x70cm-2025m\/#webpage\",\"url\":\"https:\/\/igartstudija.lt\/produktas\/sakos-manyje-moderni-teksturine-abstrakcija-100x70cm-2025m\/\",\"name\":\"\\u201e\\u0160akos manyje\\u201c \\u2013 moderni tekst\\u016brin\\u0117 abstrakcija 100x70cm, 2025m. - Interjero Paveikslai\",\"isPartOf\":{\"@id\":\"https:\/\/igartstudija.lt\/#website\"},\"primaryImageOfPage\":{\"@id\":\"https:\/\/igartstudija.lt\/produktas\/sakos-manyje-moderni-teksturine-abstrakcija-100x70cm-2025m\/#primaryimage\"},\"datePublished\":\"2025-05-09T19:13:02+00:00\",\"dateModified\":\"2026-03-09T19:16:29+00:00\",\"description\":\"Paveikslas \\u201e\\u0160akos manyje\\u201c \\u2013 moderni tekst\\u016brin\\u0117 abstrakcija apie vidin\\u0119 stipryb\\u0119 ir \\u0161vies\\u0105 \\u0161e\\u0161\\u0117lyje. Originalus darbas interjerui \\u2013 molio tinkas, akrilas, drob\\u0117.\",\"breadcrumb\":{\"@id\":\"https:\/\/igartstudija.lt\/produktas\/sakos-manyje-moderni-teksturine-abstrakcija-100x70cm-2025m\/#breadcrumb\"},\"inLanguage\":\"en-US\",\"potentialAction\":[{\"@type\":\"ReadAction\",\"target\":[\"https:\/\/igartstudija.lt\/produktas\/sakos-manyje-moderni-teksturine-abstrakcija-100x70cm-2025m\/\"]}]},{\"@type\":\"BreadcrumbList\",\"@id\":\"https:\/\/igartstudija.lt\/produktas\/sakos-manyje-moderni-teksturine-abstrakcija-100x70cm-2025m\/#breadcrumb\",\"itemListElement\":[{\"@type\":\"ListItem\",\"position\":1,\"item\":{\"@type\":\"WebPage\",\"@id\":\"https:\/\/igartstudija.lt\/en\/\",\"url\":\"https:\/\/igartstudija.lt\/en\/\",\"name\":\"Home\"}},{\"@type\":\"ListItem\",\"position\":2,\"item\":{\"@type\":\"WebPage\",\"@id\":\"https:\/\/igartstudija.lt\/en\/shop\/\",\"url\":\"https:\/\/igartstudija.lt\/en\/shop\/\",\"name\":\"Gallery\"}},{\"@type\":\"ListItem\",\"position\":3,\"item\":{\"@id\":\"https:\/\/igartstudija.lt\/produktas\/sakos-manyje-moderni-teksturine-abstrakcija-100x70cm-2025m\/#webpage\"}}]}]}<\/script>\n<!-- \/ Yoast SEO plugin. -->","_links":{"self":[{"href":"https:\/\/igartstudija.lt\/en\/wp-json\/wp\/v2\/product\/24292","targetHints":{"allow":["GET"]}}],"collection":[{"href":"https:\/\/igartstudija.lt\/en\/wp-json\/wp\/v2\/product"}],"about":[{"href":"https:\/\/igartstudija.lt\/en\/wp-json\/wp\/v2\/types\/product"}],"wp:featuredmedia":[{"embeddable":true,"href":"https:\/\/igartstudija.lt\/en\/wp-json\/wp\/v2\/media\/24297"}],"wp:attachment":[{"href":"https:\/\/igartstudija.lt\/en\/wp-json\/wp\/v2\/media?parent=24292"}],"curies":[{"name":"wp","href":"https:\/\/api.w.org\/{rel}","templated":true}]}}