{"id":24342,"date":"2025-07-11T03:48:32","date_gmt":"2025-07-11T03:48:32","guid":{"rendered":"https:\/\/igartstudija.lt\/?post_type=product&#038;p=24342"},"modified":"2026-03-09T19:16:19","modified_gmt":"2026-03-09T19:16:19","slug":"meiles-puokste-originalus-interjerinis-teksturinis-paveikslas-50x50cm-20224m","status":"publish","type":"product","link":"https:\/\/igartstudija.lt\/en\/produktas\/meiles-puokste-originalus-interjerinis-teksturinis-paveikslas-50x50cm-20224m\/","title":{"rendered":"&#8220;Meil\u0117s puok\u0161t\u0117&#8221; originalus interjerinis tekst\u016brinis paveikslas (50x50cm 20224m)"},"content":{"rendered":"","protected":false},"excerpt":{"rendered":"<h1 class=\"product_title entry-title\">\u201eMeil\u0117s puok\u0161t\u0117\u201d \u2013 romanti\u0161kas rank\u0173 darbo tekst\u016brinis paveikslas<\/h1>\n<div class=\"woocommerce-product-details__short-description\">\n<p><strong>\u201eMeil\u0117s puok\u0161t\u0117\u201c<\/strong>\u00a0\u2013 tai romantikos, subtilumo ir \u0161ilumos kupinas paveikslas, perteikiantis jausmus ir prisiminimus, kuriuos \u012fk\u016bnija d\u017eiovint\u0173 g\u0117li\u0173 gro\u017eis. K\u016brinys sujungia tekst\u016brin\u0119 technik\u0105 su \u0161velni\u0173 spalv\u0173 gama, kurioje dominuoja ro\u017einiai, pilki ir balti tonai. \u0160iame meno k\u016brinyje u\u017efiksuotas trapios ir nepraeinan\u010dios meil\u0117s simbolis \u2013 puok\u0161t\u0117, atspindinti laik\u0105, emocijas ir prisiminimus.<\/p>\n<p>Naudota tekst\u016brin\u0117 technika, praturtinta \u0161viesos ir \u0161e\u0161\u0117li\u0173 \u017eaismu, sukuria paveikslui reljef\u0105 ir suteikia jam gyvybingumo. \u0160is darbas yra puikus akcentas bet kuriame interjere, i\u0161siskiriantis ne tik savo gro\u017eiu, bet ir gilia simbolika.<\/p>\n<ul>\n<li><strong>Simbolika:<\/strong>\u00a0\u201eMeil\u0117s puok\u0161t\u0117\u201c simbolizuoja laikui nepavald\u0173 jausm\u0105, prisiminimus ir gro\u017e\u012f.<\/li>\n<li><strong>Rank\u0173 darbo tekst\u016bra:<\/strong>\u00a0Reljefas suteikia paveikslui gyvybingumo ir materialumo poj\u016bt\u012f.<\/li>\n<li><strong>Universalumas:<\/strong>\u00a0Puikiai dera \u012fvairiuose interjeruose, nuo klasikinio iki modernaus.<\/li>\n<li><strong>Unikalumas:<\/strong>\u00a0Kiekvienas elementas sukurtas rankomis, tod\u0117l tai vienetinis k\u016brinys.<\/li>\n<\/ul>\n<hr \/>\n<h3><strong>Detal\u0117s:<\/strong><\/h3>\n<ul>\n<li><strong>Matmenys:<\/strong>\u00a050\u00d750 cm<\/li>\n<li><strong>Med\u017eiagos:<\/strong>\u00a0Molio tinkas, molio da\u017eai, akriliniai da\u017eai, apsauginis lakas.<\/li>\n<li><strong>Kaina:<\/strong> \u20ac108<\/li>\n<li><strong>Pristatymas:<\/strong>\u00a0Nemokamas visoje Lietuvoje.<\/li>\n<\/ul>\n<hr \/>\n<h3><strong>Kaip \u012fsigyti?<\/strong><\/h3>\n<p><strong>I\u0161bandykite paveiksl\u0105 prie\u0161 \u012fsigyjant!<\/strong><br \/>\nSi\u016blome galimyb\u0119 ap\u017ei\u016br\u0117ti \u201eMeil\u0117s puok\u0161t\u0117\u201c savo nam\u0173 ar biuro aplinkoje prie\u0161 galutinai nusprend\u017eiant d\u0117l pirkimo.<\/p>\n<p><strong>Kaip tai veikia:<\/strong><\/p>\n<ol>\n<li><strong>Vizualizacija j\u016bs\u0173 erdv\u0117je:<\/strong>\u00a0Atsi\u0173skite savo kambario ar sienos nuotrauk\u0105, ir mes sukursime virtuali\u0105 vizualizacij\u0105.<\/li>\n<li><strong>Pristatymas ap\u017ei\u016brai:<\/strong>\u00a0Galime sutarti d\u0117l paveikslo pristatymo.<\/li>\n<li><strong>Priimkite sprendim\u0105:<\/strong>\u00a0Jei paveikslas jums tiks, patogiai atliksite mok\u0117jim\u0105. Jei ne, mes pasir\u016bpinsime gr\u0105\u017einimu.<\/li>\n<\/ol>\n<\/div>\n","protected":false},"featured_media":24351,"template":"","meta":[],"class_list":["post-24342","product","type-product","status-publish","has-post-thumbnail","hentry","product_cat-abstrakcijosabstrakcijos","product_tag-abstrakcijainterjere","product_tag-dovanapavaikslas","product_tag-menas-su-teksturiniais-akcentais","product_tag-modernus-teksturinis-paveikslas","product_tag-originaluspaveikslas","product_tag-paveikslaiispardavimui"],"yoast_head":"<!-- This site is optimized with the Yoast SEO plugin v16.2 - https:\/\/yoast.com\/wordpress\/plugins\/seo\/ -->\n<title>&quot;Meil\u0117s puok\u0161t\u0117&quot; originalus interjerinis tekst\u016brinis paveikslas (50x50cm 20224m) - Interjero Paveikslai<\/title>\n<meta name=\"description\" content=\"&quot;Meiles puok\u0161te&quot; Originalus interjerinis teksturinis paveikslas, tai romantikos, subtilumo ir \u0161ilumos kupinas paveikslas\" \/>\n<meta name=\"robots\" content=\"index, follow, max-snippet:-1, max-image-preview:large, max-video-preview:-1\" \/>\n<link rel=\"canonical\" href=\"https:\/\/igartstudija.lt\/produktas\/meiles-puokste-originalus-interjerinis-teksturinis-paveikslas-50x50cm-20224m\/\" \/>\n<meta property=\"og:locale\" content=\"en_US\" \/>\n<meta property=\"og:type\" content=\"article\" \/>\n<meta property=\"og:title\" content=\"&quot;Meil\u0117s puok\u0161t\u0117&quot; originalus interjerinis tekst\u016brinis paveikslas (50x50cm 20224m) - Interjero Paveikslai\" \/>\n<meta property=\"og:description\" content=\"&quot;Meiles puok\u0161te&quot; Originalus interjerinis teksturinis paveikslas, tai romantikos, subtilumo ir \u0161ilumos kupinas paveikslas\" \/>\n<meta property=\"og:url\" content=\"https:\/\/igartstudija.lt\/produktas\/meiles-puokste-originalus-interjerinis-teksturinis-paveikslas-50x50cm-20224m\/\" \/>\n<meta property=\"og:site_name\" content=\"Interjero Paveikslai\" \/>\n<meta property=\"article:publisher\" content=\"https:\/\/www.facebook.com\/irina.ges.art\" \/>\n<meta property=\"article:modified_time\" content=\"2026-03-09T19:16:19+00:00\" \/>\n<meta property=\"og:image\" content=\"https:\/\/igartstudija.lt\/wp-content\/uploads\/2025\/07\/IMG_2466.jpg\" \/>\n\t<meta property=\"og:image:width\" content=\"1351\" \/>\n\t<meta property=\"og:image:height\" content=\"2000\" \/>\n<meta name=\"twitter:card\" content=\"summary_large_image\" \/>\n<script type=\"application\/ld+json\" class=\"yoast-schema-graph\">{\"@context\":\"https:\/\/schema.org\",\"@graph\":[{\"@type\":\"Organization\",\"@id\":\"https:\/\/igartstudija.lt\/#organization\",\"name\":\"Irina Ges Art Studija\",\"url\":\"https:\/\/igartstudija.lt\/\",\"sameAs\":[\"https:\/\/www.facebook.com\/irina.ges.art\",\"https:\/\/www.instagram.com\/i.ges_arts\/\"],\"logo\":{\"@type\":\"ImageObject\",\"@id\":\"https:\/\/igartstudija.lt\/#logo\",\"inLanguage\":\"en-US\",\"url\":\"https:\/\/igartstudija.lt\/wp-content\/uploads\/2021\/05\/Group-1.png\",\"contentUrl\":\"https:\/\/igartstudija.lt\/wp-content\/uploads\/2021\/05\/Group-1.png\",\"width\":410,\"height\":84,\"caption\":\"Irina Ges Art Studija\"},\"image\":{\"@id\":\"https:\/\/igartstudija.lt\/#logo\"}},{\"@type\":\"WebSite\",\"@id\":\"https:\/\/igartstudija.lt\/#website\",\"url\":\"https:\/\/igartstudija.lt\/\",\"name\":\"Interjero Paveikslai\",\"description\":\"IGArt studija\",\"publisher\":{\"@id\":\"https:\/\/igartstudija.lt\/#organization\"},\"potentialAction\":[{\"@type\":\"SearchAction\",\"target\":\"https:\/\/igartstudija.lt\/?s={search_term_string}\",\"query-input\":\"required name=search_term_string\"}],\"inLanguage\":\"en-US\"},{\"@type\":\"ImageObject\",\"@id\":\"https:\/\/igartstudija.lt\/produktas\/meiles-puokste-originalus-interjerinis-teksturinis-paveikslas-50x50cm-20224m\/#primaryimage\",\"inLanguage\":\"en-US\",\"url\":\"https:\/\/igartstudija.lt\/wp-content\/uploads\/2025\/07\/IMG_2466.jpg\",\"contentUrl\":\"https:\/\/igartstudija.lt\/wp-content\/uploads\/2025\/07\/IMG_2466.jpg\",\"width\":1351,\"height\":2000,\"caption\":\"\\\"Meil\\u0117s puok\\u0161t\\u0117\\\" tai romantikos, subtilumo ir \\u0161ilumos kupinas paveikslas\"},{\"@type\":\"WebPage\",\"@id\":\"https:\/\/igartstudija.lt\/produktas\/meiles-puokste-originalus-interjerinis-teksturinis-paveikslas-50x50cm-20224m\/#webpage\",\"url\":\"https:\/\/igartstudija.lt\/produktas\/meiles-puokste-originalus-interjerinis-teksturinis-paveikslas-50x50cm-20224m\/\",\"name\":\"\\\"Meil\\u0117s puok\\u0161t\\u0117\\\" originalus interjerinis tekst\\u016brinis paveikslas (50x50cm 20224m) - Interjero Paveikslai\",\"isPartOf\":{\"@id\":\"https:\/\/igartstudija.lt\/#website\"},\"primaryImageOfPage\":{\"@id\":\"https:\/\/igartstudija.lt\/produktas\/meiles-puokste-originalus-interjerinis-teksturinis-paveikslas-50x50cm-20224m\/#primaryimage\"},\"datePublished\":\"2025-07-11T03:48:32+00:00\",\"dateModified\":\"2026-03-09T19:16:19+00:00\",\"description\":\"\\\"Meiles puok\\u0161te\\\" Originalus interjerinis teksturinis paveikslas, tai romantikos, subtilumo ir \\u0161ilumos kupinas paveikslas\",\"breadcrumb\":{\"@id\":\"https:\/\/igartstudija.lt\/produktas\/meiles-puokste-originalus-interjerinis-teksturinis-paveikslas-50x50cm-20224m\/#breadcrumb\"},\"inLanguage\":\"en-US\",\"potentialAction\":[{\"@type\":\"ReadAction\",\"target\":[\"https:\/\/igartstudija.lt\/produktas\/meiles-puokste-originalus-interjerinis-teksturinis-paveikslas-50x50cm-20224m\/\"]}]},{\"@type\":\"BreadcrumbList\",\"@id\":\"https:\/\/igartstudija.lt\/produktas\/meiles-puokste-originalus-interjerinis-teksturinis-paveikslas-50x50cm-20224m\/#breadcrumb\",\"itemListElement\":[{\"@type\":\"ListItem\",\"position\":1,\"item\":{\"@type\":\"WebPage\",\"@id\":\"https:\/\/igartstudija.lt\/en\/\",\"url\":\"https:\/\/igartstudija.lt\/en\/\",\"name\":\"Home\"}},{\"@type\":\"ListItem\",\"position\":2,\"item\":{\"@type\":\"WebPage\",\"@id\":\"https:\/\/igartstudija.lt\/en\/shop\/\",\"url\":\"https:\/\/igartstudija.lt\/en\/shop\/\",\"name\":\"Gallery\"}},{\"@type\":\"ListItem\",\"position\":3,\"item\":{\"@id\":\"https:\/\/igartstudija.lt\/produktas\/meiles-puokste-originalus-interjerinis-teksturinis-paveikslas-50x50cm-20224m\/#webpage\"}}]}]}<\/script>\n<!-- \/ Yoast SEO plugin. -->","_links":{"self":[{"href":"https:\/\/igartstudija.lt\/en\/wp-json\/wp\/v2\/product\/24342","targetHints":{"allow":["GET"]}}],"collection":[{"href":"https:\/\/igartstudija.lt\/en\/wp-json\/wp\/v2\/product"}],"about":[{"href":"https:\/\/igartstudija.lt\/en\/wp-json\/wp\/v2\/types\/product"}],"wp:featuredmedia":[{"embeddable":true,"href":"https:\/\/igartstudija.lt\/en\/wp-json\/wp\/v2\/media\/24351"}],"wp:attachment":[{"href":"https:\/\/igartstudija.lt\/en\/wp-json\/wp\/v2\/media?parent=24342"}],"curies":[{"name":"wp","href":"https:\/\/api.w.org\/{rel}","templated":true}]}}