{"id":24546,"date":"2025-11-05T06:16:52","date_gmt":"2025-11-05T06:16:52","guid":{"rendered":"https:\/\/igartstudija.lt\/?post_type=product&#038;p=24546"},"modified":"2026-03-09T19:16:12","modified_gmt":"2026-03-09T19:16:12","slug":"triju-gausa-minimalistinis-sienos-meno-objektas-90x30cm-2025m","status":"publish","type":"product","link":"https:\/\/igartstudija.lt\/en\/produktas\/triju-gausa-minimalistinis-sienos-meno-objektas-90x30cm-2025m\/","title":{"rendered":"\u201eTrij\u0173 gausa\u201c \u2013  minimalistinis sienos meno objektas 90x30cm. 2025m."},"content":{"rendered":"","protected":false},"excerpt":{"rendered":"<h3 data-start=\"212\" data-end=\"233\"><strong data-start=\"216\" data-end=\"231\">Trij\u0173 gausa<\/strong><\/h3>\n<p data-start=\"234\" data-end=\"291\"><strong data-start=\"234\" data-end=\"291\">90 \u00d7 30 cm | Molio tinkas, akrilas, putplastis | 2025<\/strong><\/p>\n<p data-start=\"293\" data-end=\"537\"><strong data-start=\"293\" data-end=\"310\">\u201eTrij\u0173 gausa\u201c<\/strong> \u2013 tai minimalistinis sienos meno objektas, kuriame trys i\u0161kylan\u010dios formos \u012fk\u016bnija stabilum\u0105, tyl\u0105 ir pilnatv\u0119. Jos \u0161velnios, bet turin\u010dios svor\u012f, tarsi ma\u017ei \u017eenklai, kalbantys apie tai, kad <strong data-start=\"502\" data-end=\"536\">tikroji gausa slypi paprastume<\/strong>.<\/p>\n<p data-start=\"539\" data-end=\"806\">\u0160is k\u016brinys sukurtas naudojant molio tink\u0105, akrilinius da\u017eus ir putplast\u012f, leid\u017eiant\u012f suformuoti subtil\u0173 trimat\u012f reljef\u0105. Ramus, tekst\u016brinis fonas kontrastuoja su \u0161viesiomis, beveik auksu spindin\u010diomis formomis \u2013 tarsi primenan\u010diomis akmenis ar meditacijos simbolius.<\/p>\n<p data-start=\"808\" data-end=\"1025\"><strong data-start=\"808\" data-end=\"825\">\u201eTrij\u0173 gausa\u201c<\/strong> \u2013 tai ne tik dekoratyvus akcentas, bet ir <strong data-start=\"868\" data-end=\"935\">vizualus priminimas apie tyl\u0105, pusiausvyr\u0105 ir vidin\u012f turtingum\u0105<\/strong>. Puikiai tinka \u0161iuolaikiniams, japandi, wabi-sabi ar minimalistinio stiliaus interjerams.<\/p>\n","protected":false},"featured_media":24547,"template":"","meta":[],"class_list":["post-24546","product","type-product","status-publish","has-post-thumbnail","hentry","product_cat-interjero-paveikslai","product_tag-triju-gausa-tai-ne-tik-dekoratyvus-akcentas","product_tag-bet-ir-vizualus-priminimas-apie-tyla","product_tag-japandi","product_tag-neutralios-spalvos-dekoras","product_tag-pusiausvyra-ir-vidini-turtinguma-puikiai-tinka-siuolaikiniams","product_tag-siuolaikinis-menas","product_tag-skulpturinis-paveikslas","product_tag-teksturine-tapyba","product_tag-wabi-sabi-ar-minimalistinio-stiliaus-interjerams","product_tag-wabi-sabi-interjeras"],"yoast_head":"<!-- This site is optimized with the Yoast SEO plugin v16.2 - https:\/\/yoast.com\/wordpress\/plugins\/seo\/ -->\n<title>\u201eTrij\u0173 gausa\u201c \u2013 minimalistinis sienos meno objektas 90x30cm. 2025m. - Interjero Paveikslai<\/title>\n<meta name=\"description\" content=\"\u201eTrij\u0173 gausa\u201c \u2013 tai ne tik dekoratyvus akcentas, bet ir vizualus priminimas apie tyl\u0105, pusiausvyr\u0105 ir vidin\u012f turtingum\u0105. Puikiai tinka \u0161iuolaikiniams, japandi, wabi-sabi ar minimalistinio stiliaus interjerams.\" \/>\n<meta name=\"robots\" content=\"index, follow, max-snippet:-1, max-image-preview:large, max-video-preview:-1\" \/>\n<link rel=\"canonical\" href=\"https:\/\/igartstudija.lt\/produktas\/triju-gausa-minimalistinis-sienos-meno-objektas-90x30cm-2025m\/\" \/>\n<meta property=\"og:locale\" content=\"en_US\" \/>\n<meta property=\"og:type\" content=\"article\" \/>\n<meta property=\"og:title\" content=\"\u201eTrij\u0173 gausa\u201c \u2013 minimalistinis sienos meno objektas 90x30cm. 2025m. - Interjero Paveikslai\" \/>\n<meta property=\"og:description\" content=\"\u201eTrij\u0173 gausa\u201c \u2013 tai ne tik dekoratyvus akcentas, bet ir vizualus priminimas apie tyl\u0105, pusiausvyr\u0105 ir vidin\u012f turtingum\u0105. Puikiai tinka \u0161iuolaikiniams, japandi, wabi-sabi ar minimalistinio stiliaus interjerams.\" \/>\n<meta property=\"og:url\" content=\"https:\/\/igartstudija.lt\/produktas\/triju-gausa-minimalistinis-sienos-meno-objektas-90x30cm-2025m\/\" \/>\n<meta property=\"og:site_name\" content=\"Interjero Paveikslai\" \/>\n<meta property=\"article:publisher\" content=\"https:\/\/www.facebook.com\/irina.ges.art\" \/>\n<meta property=\"article:modified_time\" content=\"2026-03-09T19:16:12+00:00\" \/>\n<meta property=\"og:image\" content=\"https:\/\/igartstudija.lt\/wp-content\/uploads\/2025\/11\/IMG_4467.jpg\" \/>\n\t<meta property=\"og:image:width\" content=\"900\" \/>\n\t<meta property=\"og:image:height\" content=\"900\" \/>\n<meta name=\"twitter:card\" content=\"summary_large_image\" \/>\n<script type=\"application\/ld+json\" class=\"yoast-schema-graph\">{\"@context\":\"https:\/\/schema.org\",\"@graph\":[{\"@type\":\"Organization\",\"@id\":\"https:\/\/igartstudija.lt\/#organization\",\"name\":\"Irina Ges Art Studija\",\"url\":\"https:\/\/igartstudija.lt\/\",\"sameAs\":[\"https:\/\/www.facebook.com\/irina.ges.art\",\"https:\/\/www.instagram.com\/i.ges_arts\/\"],\"logo\":{\"@type\":\"ImageObject\",\"@id\":\"https:\/\/igartstudija.lt\/#logo\",\"inLanguage\":\"en-US\",\"url\":\"https:\/\/igartstudija.lt\/wp-content\/uploads\/2021\/05\/Group-1.png\",\"contentUrl\":\"https:\/\/igartstudija.lt\/wp-content\/uploads\/2021\/05\/Group-1.png\",\"width\":410,\"height\":84,\"caption\":\"Irina Ges Art Studija\"},\"image\":{\"@id\":\"https:\/\/igartstudija.lt\/#logo\"}},{\"@type\":\"WebSite\",\"@id\":\"https:\/\/igartstudija.lt\/#website\",\"url\":\"https:\/\/igartstudija.lt\/\",\"name\":\"Interjero Paveikslai\",\"description\":\"IGArt studija\",\"publisher\":{\"@id\":\"https:\/\/igartstudija.lt\/#organization\"},\"potentialAction\":[{\"@type\":\"SearchAction\",\"target\":\"https:\/\/igartstudija.lt\/?s={search_term_string}\",\"query-input\":\"required name=search_term_string\"}],\"inLanguage\":\"en-US\"},{\"@type\":\"ImageObject\",\"@id\":\"https:\/\/igartstudija.lt\/produktas\/triju-gausa-minimalistinis-sienos-meno-objektas-90x30cm-2025m\/#primaryimage\",\"inLanguage\":\"en-US\",\"url\":\"https:\/\/igartstudija.lt\/wp-content\/uploads\/2025\/11\/IMG_4467.jpg\",\"contentUrl\":\"https:\/\/igartstudija.lt\/wp-content\/uploads\/2025\/11\/IMG_4467.jpg\",\"width\":900,\"height\":900,\"caption\":\"\\u201eTrij\\u0173 gausa\\u201c \\u2013 tai minimalistinis sienos meno objektas\"},{\"@type\":\"WebPage\",\"@id\":\"https:\/\/igartstudija.lt\/produktas\/triju-gausa-minimalistinis-sienos-meno-objektas-90x30cm-2025m\/#webpage\",\"url\":\"https:\/\/igartstudija.lt\/produktas\/triju-gausa-minimalistinis-sienos-meno-objektas-90x30cm-2025m\/\",\"name\":\"\\u201eTrij\\u0173 gausa\\u201c \\u2013 minimalistinis sienos meno objektas 90x30cm. 2025m. - Interjero Paveikslai\",\"isPartOf\":{\"@id\":\"https:\/\/igartstudija.lt\/#website\"},\"primaryImageOfPage\":{\"@id\":\"https:\/\/igartstudija.lt\/produktas\/triju-gausa-minimalistinis-sienos-meno-objektas-90x30cm-2025m\/#primaryimage\"},\"datePublished\":\"2025-11-05T06:16:52+00:00\",\"dateModified\":\"2026-03-09T19:16:12+00:00\",\"description\":\"\\u201eTrij\\u0173 gausa\\u201c \\u2013 tai ne tik dekoratyvus akcentas, bet ir vizualus priminimas apie tyl\\u0105, pusiausvyr\\u0105 ir vidin\\u012f turtingum\\u0105. Puikiai tinka \\u0161iuolaikiniams, japandi, wabi-sabi ar minimalistinio stiliaus interjerams.\",\"breadcrumb\":{\"@id\":\"https:\/\/igartstudija.lt\/produktas\/triju-gausa-minimalistinis-sienos-meno-objektas-90x30cm-2025m\/#breadcrumb\"},\"inLanguage\":\"en-US\",\"potentialAction\":[{\"@type\":\"ReadAction\",\"target\":[\"https:\/\/igartstudija.lt\/produktas\/triju-gausa-minimalistinis-sienos-meno-objektas-90x30cm-2025m\/\"]}]},{\"@type\":\"BreadcrumbList\",\"@id\":\"https:\/\/igartstudija.lt\/produktas\/triju-gausa-minimalistinis-sienos-meno-objektas-90x30cm-2025m\/#breadcrumb\",\"itemListElement\":[{\"@type\":\"ListItem\",\"position\":1,\"item\":{\"@type\":\"WebPage\",\"@id\":\"https:\/\/igartstudija.lt\/en\/\",\"url\":\"https:\/\/igartstudija.lt\/en\/\",\"name\":\"Home\"}},{\"@type\":\"ListItem\",\"position\":2,\"item\":{\"@type\":\"WebPage\",\"@id\":\"https:\/\/igartstudija.lt\/en\/shop\/\",\"url\":\"https:\/\/igartstudija.lt\/en\/shop\/\",\"name\":\"Gallery\"}},{\"@type\":\"ListItem\",\"position\":3,\"item\":{\"@id\":\"https:\/\/igartstudija.lt\/produktas\/triju-gausa-minimalistinis-sienos-meno-objektas-90x30cm-2025m\/#webpage\"}}]}]}<\/script>\n<!-- \/ Yoast SEO plugin. -->","_links":{"self":[{"href":"https:\/\/igartstudija.lt\/en\/wp-json\/wp\/v2\/product\/24546","targetHints":{"allow":["GET"]}}],"collection":[{"href":"https:\/\/igartstudija.lt\/en\/wp-json\/wp\/v2\/product"}],"about":[{"href":"https:\/\/igartstudija.lt\/en\/wp-json\/wp\/v2\/types\/product"}],"wp:featuredmedia":[{"embeddable":true,"href":"https:\/\/igartstudija.lt\/en\/wp-json\/wp\/v2\/media\/24547"}],"wp:attachment":[{"href":"https:\/\/igartstudija.lt\/en\/wp-json\/wp\/v2\/media?parent=24546"}],"curies":[{"name":"wp","href":"https:\/\/api.w.org\/{rel}","templated":true}]}}