{"id":24572,"date":"2025-11-09T12:26:11","date_gmt":"2025-11-09T12:26:11","guid":{"rendered":"https:\/\/igartstudija.lt\/?post_type=product&#038;p=24572"},"modified":"2026-03-09T18:30:39","modified_gmt":"2026-03-09T18:30:39","slug":"minimalistinis-sienos-dekoras-akmenys","status":"publish","type":"product","link":"https:\/\/igartstudija.lt\/en\/produktas\/minimalistinis-sienos-dekoras-akmenys\/","title":{"rendered":"Minimalistinis sienos dekoras &#8211; \u201eAkmenys\u201c"},"content":{"rendered":"","protected":false},"excerpt":{"rendered":"<p data-start=\"240\" data-end=\"307\"><strong data-start=\"240\" data-end=\"307\">Tekst\u016brin\u0117 pasta, putplastis, akrilas, drobe | 2025<\/strong><\/p>\n<p data-start=\"309\" data-end=\"530\">Minimalistinis sienos dekoras, \u012fkv\u0117ptas gamtos form\u0173 \u2013 tarsi \u0161velniai nugludinti akmenys ar kriaukl\u0117s, i\u0161kylantys vir\u0161 pavir\u0161iaus. Organin\u0117s formos ir subtili fakt\u016bra sukuria jaukumo, tylos ir nat\u016bralumo poj\u016bt\u012f interjere.<\/p>\n<p data-start=\"532\" data-end=\"698\">Lengvi, bet tvirti, \u0161ie objektai pagaminti i\u0161 tekst\u016brin\u0117s pastos, putplas\u010dio ir akrilo da\u017e\u0173, sumontuoti ant drobes. Kiekvienas j\u0173 \u2013 unikalus ir rank\u0173 darbo.<\/p>\n<p data-start=\"700\" data-end=\"841\">Puikiai tinka tiek moderniam, tiek wabi-sabi ar japandi stiliaus interjerui. Galima kabinti grup\u0117mis arba po vien\u0105 \u2013 kaip akcent\u0105 ant sienos.<\/p>\n","protected":false},"featured_media":24579,"template":"","meta":[],"class_list":["post-24572","product","type-product","status-publish","has-post-thumbnail","hentry","product_cat-kiti"],"yoast_head":"<!-- This site is optimized with the Yoast SEO plugin v16.2 - https:\/\/yoast.com\/wordpress\/plugins\/seo\/ -->\n<title>Minimalistinis sienos dekoras - \u201eAkmenys\u201c - Interjero Paveikslai<\/title>\n<meta name=\"robots\" content=\"index, follow, max-snippet:-1, max-image-preview:large, max-video-preview:-1\" \/>\n<link rel=\"canonical\" href=\"https:\/\/igartstudija.lt\/produktas\/minimalistinis-sienos-dekoras-akmenys\/\" \/>\n<meta property=\"og:locale\" content=\"en_US\" \/>\n<meta property=\"og:type\" content=\"article\" \/>\n<meta property=\"og:title\" content=\"Minimalistinis sienos dekoras - \u201eAkmenys\u201c - Interjero Paveikslai\" \/>\n<meta property=\"og:description\" content=\"Tekst\u016brin\u0117 pasta, putplastis, akrilas, drobe | 2025 Minimalistinis sienos dekoras, \u012fkv\u0117ptas gamtos form\u0173 \u2013 tarsi \u0161velniai nugludinti akmenys ar kriaukl\u0117s, i\u0161kylantys vir\u0161 pavir\u0161iaus. Organin\u0117s formos ir subtili fakt\u016bra sukuria jaukumo, tylos ir nat\u016bralumo poj\u016bt\u012f interjere. Lengvi, bet tvirti, \u0161ie objektai pagaminti i\u0161 tekst\u016brin\u0117s pastos, putplas\u010dio ir akrilo da\u017e\u0173, sumontuoti ant drobes. Kiekvienas j\u0173 \u2013 unikalus ir rank\u0173 darbo. Puikiai tinka tiek moderniam, tiek wabi-sabi ar japandi stiliaus interjerui. Galima kabinti grup\u0117mis arba po vien\u0105 \u2013 kaip akcent\u0105 ant sienos.\" \/>\n<meta property=\"og:url\" content=\"https:\/\/igartstudija.lt\/produktas\/minimalistinis-sienos-dekoras-akmenys\/\" \/>\n<meta property=\"og:site_name\" content=\"Interjero Paveikslai\" \/>\n<meta property=\"article:publisher\" content=\"https:\/\/www.facebook.com\/irina.ges.art\" \/>\n<meta property=\"article:modified_time\" content=\"2026-03-09T18:30:39+00:00\" \/>\n<meta property=\"og:image\" content=\"https:\/\/igartstudija.lt\/wp-content\/uploads\/2025\/11\/IMG_4575-scaled.jpg\" \/>\n\t<meta property=\"og:image:width\" content=\"2560\" \/>\n\t<meta property=\"og:image:height\" content=\"1920\" \/>\n<meta name=\"twitter:card\" content=\"summary_large_image\" \/>\n<script type=\"application\/ld+json\" class=\"yoast-schema-graph\">{\"@context\":\"https:\/\/schema.org\",\"@graph\":[{\"@type\":\"Organization\",\"@id\":\"https:\/\/igartstudija.lt\/#organization\",\"name\":\"Irina Ges Art Studija\",\"url\":\"https:\/\/igartstudija.lt\/\",\"sameAs\":[\"https:\/\/www.facebook.com\/irina.ges.art\",\"https:\/\/www.instagram.com\/i.ges_arts\/\"],\"logo\":{\"@type\":\"ImageObject\",\"@id\":\"https:\/\/igartstudija.lt\/#logo\",\"inLanguage\":\"en-US\",\"url\":\"https:\/\/igartstudija.lt\/wp-content\/uploads\/2021\/05\/Group-1.png\",\"contentUrl\":\"https:\/\/igartstudija.lt\/wp-content\/uploads\/2021\/05\/Group-1.png\",\"width\":410,\"height\":84,\"caption\":\"Irina Ges Art Studija\"},\"image\":{\"@id\":\"https:\/\/igartstudija.lt\/#logo\"}},{\"@type\":\"WebSite\",\"@id\":\"https:\/\/igartstudija.lt\/#website\",\"url\":\"https:\/\/igartstudija.lt\/\",\"name\":\"Interjero Paveikslai\",\"description\":\"IGArt studija\",\"publisher\":{\"@id\":\"https:\/\/igartstudija.lt\/#organization\"},\"potentialAction\":[{\"@type\":\"SearchAction\",\"target\":\"https:\/\/igartstudija.lt\/?s={search_term_string}\",\"query-input\":\"required name=search_term_string\"}],\"inLanguage\":\"en-US\"},{\"@type\":\"ImageObject\",\"@id\":\"https:\/\/igartstudija.lt\/produktas\/minimalistinis-sienos-dekoras-akmenys\/#primaryimage\",\"inLanguage\":\"en-US\",\"url\":\"https:\/\/igartstudija.lt\/wp-content\/uploads\/2025\/11\/IMG_4575-scaled.jpg\",\"contentUrl\":\"https:\/\/igartstudija.lt\/wp-content\/uploads\/2025\/11\/IMG_4575-scaled.jpg\",\"width\":2560,\"height\":1920},{\"@type\":\"WebPage\",\"@id\":\"https:\/\/igartstudija.lt\/produktas\/minimalistinis-sienos-dekoras-akmenys\/#webpage\",\"url\":\"https:\/\/igartstudija.lt\/produktas\/minimalistinis-sienos-dekoras-akmenys\/\",\"name\":\"Minimalistinis sienos dekoras - \\u201eAkmenys\\u201c - Interjero Paveikslai\",\"isPartOf\":{\"@id\":\"https:\/\/igartstudija.lt\/#website\"},\"primaryImageOfPage\":{\"@id\":\"https:\/\/igartstudija.lt\/produktas\/minimalistinis-sienos-dekoras-akmenys\/#primaryimage\"},\"datePublished\":\"2025-11-09T12:26:11+00:00\",\"dateModified\":\"2026-03-09T18:30:39+00:00\",\"breadcrumb\":{\"@id\":\"https:\/\/igartstudija.lt\/produktas\/minimalistinis-sienos-dekoras-akmenys\/#breadcrumb\"},\"inLanguage\":\"en-US\",\"potentialAction\":[{\"@type\":\"ReadAction\",\"target\":[\"https:\/\/igartstudija.lt\/produktas\/minimalistinis-sienos-dekoras-akmenys\/\"]}]},{\"@type\":\"BreadcrumbList\",\"@id\":\"https:\/\/igartstudija.lt\/produktas\/minimalistinis-sienos-dekoras-akmenys\/#breadcrumb\",\"itemListElement\":[{\"@type\":\"ListItem\",\"position\":1,\"item\":{\"@type\":\"WebPage\",\"@id\":\"https:\/\/igartstudija.lt\/en\/\",\"url\":\"https:\/\/igartstudija.lt\/en\/\",\"name\":\"Home\"}},{\"@type\":\"ListItem\",\"position\":2,\"item\":{\"@type\":\"WebPage\",\"@id\":\"https:\/\/igartstudija.lt\/en\/shop\/\",\"url\":\"https:\/\/igartstudija.lt\/en\/shop\/\",\"name\":\"Gallery\"}},{\"@type\":\"ListItem\",\"position\":3,\"item\":{\"@id\":\"https:\/\/igartstudija.lt\/produktas\/minimalistinis-sienos-dekoras-akmenys\/#webpage\"}}]}]}<\/script>\n<!-- \/ Yoast SEO plugin. -->","_links":{"self":[{"href":"https:\/\/igartstudija.lt\/en\/wp-json\/wp\/v2\/product\/24572","targetHints":{"allow":["GET"]}}],"collection":[{"href":"https:\/\/igartstudija.lt\/en\/wp-json\/wp\/v2\/product"}],"about":[{"href":"https:\/\/igartstudija.lt\/en\/wp-json\/wp\/v2\/types\/product"}],"wp:featuredmedia":[{"embeddable":true,"href":"https:\/\/igartstudija.lt\/en\/wp-json\/wp\/v2\/media\/24579"}],"wp:attachment":[{"href":"https:\/\/igartstudija.lt\/en\/wp-json\/wp\/v2\/media?parent=24572"}],"curies":[{"name":"wp","href":"https:\/\/api.w.org\/{rel}","templated":true}]}}