{"id":24610,"date":"2025-11-26T06:46:05","date_gmt":"2025-11-26T06:46:05","guid":{"rendered":"https:\/\/igartstudija.lt\/?post_type=product&#038;p=24610"},"modified":"2026-03-09T19:15:54","modified_gmt":"2026-03-09T19:15:54","slug":"apvalus-reljefinis-paveikslas-80cm","status":"publish","type":"product","link":"https:\/\/igartstudija.lt\/en\/produktas\/apvalus-reljefinis-paveikslas-80cm\/","title":{"rendered":"Apvalus reljefinis paveikslas 80cm"},"content":{"rendered":"","protected":false},"excerpt":{"rendered":"<p data-start=\"343\" data-end=\"588\">\u0160is darbas gim\u0117 i\u0161 noro tyrin\u0117ti med\u017eiag\u0105 ir jos elges\u012f erdv\u0117je. \u010cia man svarbus ne objektas, o pati forma \u2013 jos ritmas, pavir\u0161iaus fakt\u016bra ir \u0161viesos \u017eaismas. Band\u017eiau leisti med\u017eiagai kalb\u0117ti savaip, be i\u0161ankstini\u0173 ketinim\u0173 ar apibr\u0117\u017eim\u0173.<\/p>\n<p data-start=\"590\" data-end=\"748\">Spalva ir metalo atspalviai gali b\u016bti pritaikyti konkre\u010diai erdvei \u2013 kiekvienas k\u016brinys kaskart \u012fgauna kit\u0105 nuotaik\u0105, priklausomai nuo \u0161viesos ir aplinkos.<\/p>\n","protected":false},"featured_media":24615,"template":"","meta":[],"class_list":["post-24610","product","type-product","status-publish","has-post-thumbnail","hentry","product_cat-kiti","product_tag-apvaluspaveikslas","product_tag-apvalusreljeinispaveikslas","product_tag-dekoro-elementas","product_tag-dizaino-sprendimas","product_tag-reljefinis-pano"],"yoast_head":"<!-- This site is optimized with the Yoast SEO plugin v16.2 - https:\/\/yoast.com\/wordpress\/plugins\/seo\/ -->\n<title>Apvalus reljefinis paveikslas 80cm - Interjero Paveikslai<\/title>\n<meta name=\"description\" content=\"Apvalus reljefinis paveikslas 80cm. Spalva ir metalo atspalviai gali b\u016bti pritaikyti konkre\u010diai erdvei \u2013 kiekvienas k\u016brinys kaskart \u012fgauna kit\u0105 nuotaik\u0105, priklausomai nuo \u0161viesos ir aplinkos.\" \/>\n<meta name=\"robots\" content=\"index, follow, max-snippet:-1, max-image-preview:large, max-video-preview:-1\" \/>\n<link rel=\"canonical\" href=\"https:\/\/igartstudija.lt\/produktas\/apvalus-reljefinis-paveikslas-80cm\/\" \/>\n<meta property=\"og:locale\" content=\"en_US\" \/>\n<meta property=\"og:type\" content=\"article\" \/>\n<meta property=\"og:title\" content=\"Apvalus reljefinis paveikslas 80cm - Interjero Paveikslai\" \/>\n<meta property=\"og:description\" content=\"Apvalus reljefinis paveikslas 80cm. Spalva ir metalo atspalviai gali b\u016bti pritaikyti konkre\u010diai erdvei \u2013 kiekvienas k\u016brinys kaskart \u012fgauna kit\u0105 nuotaik\u0105, priklausomai nuo \u0161viesos ir aplinkos.\" \/>\n<meta property=\"og:url\" content=\"https:\/\/igartstudija.lt\/produktas\/apvalus-reljefinis-paveikslas-80cm\/\" \/>\n<meta property=\"og:site_name\" content=\"Interjero Paveikslai\" \/>\n<meta property=\"article:publisher\" content=\"https:\/\/www.facebook.com\/irina.ges.art\" \/>\n<meta property=\"article:modified_time\" content=\"2026-03-09T19:15:54+00:00\" \/>\n<meta property=\"og:image\" content=\"https:\/\/igartstudija.lt\/wp-content\/uploads\/2025\/11\/round13-100.jpg\" \/>\n\t<meta property=\"og:image:width\" content=\"1137\" \/>\n\t<meta property=\"og:image:height\" content=\"2021\" \/>\n<meta name=\"twitter:card\" content=\"summary_large_image\" \/>\n<script type=\"application\/ld+json\" class=\"yoast-schema-graph\">{\"@context\":\"https:\/\/schema.org\",\"@graph\":[{\"@type\":\"Organization\",\"@id\":\"https:\/\/igartstudija.lt\/#organization\",\"name\":\"Irina Ges Art Studija\",\"url\":\"https:\/\/igartstudija.lt\/\",\"sameAs\":[\"https:\/\/www.facebook.com\/irina.ges.art\",\"https:\/\/www.instagram.com\/i.ges_arts\/\"],\"logo\":{\"@type\":\"ImageObject\",\"@id\":\"https:\/\/igartstudija.lt\/#logo\",\"inLanguage\":\"en-US\",\"url\":\"https:\/\/igartstudija.lt\/wp-content\/uploads\/2021\/05\/Group-1.png\",\"contentUrl\":\"https:\/\/igartstudija.lt\/wp-content\/uploads\/2021\/05\/Group-1.png\",\"width\":410,\"height\":84,\"caption\":\"Irina Ges Art Studija\"},\"image\":{\"@id\":\"https:\/\/igartstudija.lt\/#logo\"}},{\"@type\":\"WebSite\",\"@id\":\"https:\/\/igartstudija.lt\/#website\",\"url\":\"https:\/\/igartstudija.lt\/\",\"name\":\"Interjero Paveikslai\",\"description\":\"IGArt studija\",\"publisher\":{\"@id\":\"https:\/\/igartstudija.lt\/#organization\"},\"potentialAction\":[{\"@type\":\"SearchAction\",\"target\":\"https:\/\/igartstudija.lt\/?s={search_term_string}\",\"query-input\":\"required name=search_term_string\"}],\"inLanguage\":\"en-US\"},{\"@type\":\"ImageObject\",\"@id\":\"https:\/\/igartstudija.lt\/produktas\/apvalus-reljefinis-paveikslas-80cm\/#primaryimage\",\"inLanguage\":\"en-US\",\"url\":\"https:\/\/igartstudija.lt\/wp-content\/uploads\/2025\/11\/round13-100.jpg\",\"contentUrl\":\"https:\/\/igartstudija.lt\/wp-content\/uploads\/2025\/11\/round13-100.jpg\",\"width\":1137,\"height\":2021},{\"@type\":\"WebPage\",\"@id\":\"https:\/\/igartstudija.lt\/produktas\/apvalus-reljefinis-paveikslas-80cm\/#webpage\",\"url\":\"https:\/\/igartstudija.lt\/produktas\/apvalus-reljefinis-paveikslas-80cm\/\",\"name\":\"Apvalus reljefinis paveikslas 80cm - Interjero Paveikslai\",\"isPartOf\":{\"@id\":\"https:\/\/igartstudija.lt\/#website\"},\"primaryImageOfPage\":{\"@id\":\"https:\/\/igartstudija.lt\/produktas\/apvalus-reljefinis-paveikslas-80cm\/#primaryimage\"},\"datePublished\":\"2025-11-26T06:46:05+00:00\",\"dateModified\":\"2026-03-09T19:15:54+00:00\",\"description\":\"Apvalus reljefinis paveikslas 80cm. Spalva ir metalo atspalviai gali b\\u016bti pritaikyti konkre\\u010diai erdvei \\u2013 kiekvienas k\\u016brinys kaskart \\u012fgauna kit\\u0105 nuotaik\\u0105, priklausomai nuo \\u0161viesos ir aplinkos.\",\"breadcrumb\":{\"@id\":\"https:\/\/igartstudija.lt\/produktas\/apvalus-reljefinis-paveikslas-80cm\/#breadcrumb\"},\"inLanguage\":\"en-US\",\"potentialAction\":[{\"@type\":\"ReadAction\",\"target\":[\"https:\/\/igartstudija.lt\/produktas\/apvalus-reljefinis-paveikslas-80cm\/\"]}]},{\"@type\":\"BreadcrumbList\",\"@id\":\"https:\/\/igartstudija.lt\/produktas\/apvalus-reljefinis-paveikslas-80cm\/#breadcrumb\",\"itemListElement\":[{\"@type\":\"ListItem\",\"position\":1,\"item\":{\"@type\":\"WebPage\",\"@id\":\"https:\/\/igartstudija.lt\/en\/\",\"url\":\"https:\/\/igartstudija.lt\/en\/\",\"name\":\"Home\"}},{\"@type\":\"ListItem\",\"position\":2,\"item\":{\"@type\":\"WebPage\",\"@id\":\"https:\/\/igartstudija.lt\/en\/shop\/\",\"url\":\"https:\/\/igartstudija.lt\/en\/shop\/\",\"name\":\"Gallery\"}},{\"@type\":\"ListItem\",\"position\":3,\"item\":{\"@id\":\"https:\/\/igartstudija.lt\/produktas\/apvalus-reljefinis-paveikslas-80cm\/#webpage\"}}]}]}<\/script>\n<!-- \/ Yoast SEO plugin. -->","_links":{"self":[{"href":"https:\/\/igartstudija.lt\/en\/wp-json\/wp\/v2\/product\/24610","targetHints":{"allow":["GET"]}}],"collection":[{"href":"https:\/\/igartstudija.lt\/en\/wp-json\/wp\/v2\/product"}],"about":[{"href":"https:\/\/igartstudija.lt\/en\/wp-json\/wp\/v2\/types\/product"}],"wp:featuredmedia":[{"embeddable":true,"href":"https:\/\/igartstudija.lt\/en\/wp-json\/wp\/v2\/media\/24615"}],"wp:attachment":[{"href":"https:\/\/igartstudija.lt\/en\/wp-json\/wp\/v2\/media?parent=24610"}],"curies":[{"name":"wp","href":"https:\/\/api.w.org\/{rel}","templated":true}]}}