{"id":24619,"date":"2025-11-26T06:56:15","date_gmt":"2025-11-26T06:56:15","guid":{"rendered":"https:\/\/igartstudija.lt\/?post_type=product&#038;p=24619"},"modified":"2026-03-09T19:15:45","modified_gmt":"2026-03-09T19:15:45","slug":"apvalus-reljefinis-pano-90cm","status":"publish","type":"product","link":"https:\/\/igartstudija.lt\/en\/produktas\/apvalus-reljefinis-pano-90cm\/","title":{"rendered":"Apvalus reljefinis pano 90cm"},"content":{"rendered":"","protected":false},"excerpt":{"rendered":"<p data-start=\"127\" data-end=\"300\">\u0160iame darbe tyrin\u0117ju formos tyl\u0105 ir \u0161viesos jud\u0117jim\u0105. \u010cia man svarbi pusiausvyra tarp \u0161velnaus pavir\u0161iaus ir metalo atspind\u017eio \u2013 tarp to, kas kinta, ir to, kas i\u0161lieka.<\/p>\n<p data-start=\"302\" data-end=\"504\">Nor\u0117josi sukurti form\u0105, kuri kv\u0117puoja erdve, bet nevaldo jos. Ji gali b\u016bti pritaikyta skirtingoms aplinkoms \u2013 kei\u010diant ton\u0105, \u0161viesos intensyvum\u0105 ar metalo atspalv\u012f, k\u016brinys visada \u012fgauna nauj\u0105 b\u016bsen\u0105.<\/p>\n<p data-start=\"506\" data-end=\"613\">Man \u0161i med\u017eiaga leid\u017eia kalb\u0117ti be \u017eod\u017ei\u0173 \u2013 tik pavir\u0161iaus ritmu, \u0161viesos atspind\u017eiu ir ramyb\u0117s poj\u016b\u010diu.<\/p>\n<p data-start=\"590\" data-end=\"748\">Spalva ir metalo atspalviai gali b\u016bti pritaikyti konkre\u010diai erdvei \u2013 kiekvienas k\u016brinys kaskart \u012fgauna kit\u0105 nuotaik\u0105, priklausomai nuo \u0161viesos ir aplinkos.<\/p>\n","protected":false},"featured_media":24622,"template":"","meta":[],"class_list":["post-24619","product","type-product","status-publish","has-post-thumbnail","hentry","product_cat-kiti","product_tag-apvalus-reljefinis-paveikslas","product_tag-apvalus-reljefinis-skulpturinis-paveikslas","product_tag-apvalus-teksturinis-paveikslas","product_tag-reilefinis-apvalus-pano"],"yoast_head":"<!-- This site is optimized with the Yoast SEO plugin v16.2 - https:\/\/yoast.com\/wordpress\/plugins\/seo\/ -->\n<title>Apvalus reljefinis pano 90cm - Interjero Paveikslai<\/title>\n<meta name=\"robots\" content=\"index, follow, max-snippet:-1, max-image-preview:large, max-video-preview:-1\" \/>\n<link rel=\"canonical\" href=\"https:\/\/igartstudija.lt\/produktas\/apvalus-reljefinis-pano-90cm\/\" \/>\n<meta property=\"og:locale\" content=\"en_US\" \/>\n<meta property=\"og:type\" content=\"article\" \/>\n<meta property=\"og:title\" content=\"Apvalus reljefinis pano 90cm - Interjero Paveikslai\" \/>\n<meta property=\"og:description\" content=\"\u0160iame darbe tyrin\u0117ju formos tyl\u0105 ir \u0161viesos jud\u0117jim\u0105. \u010cia man svarbi pusiausvyra tarp \u0161velnaus pavir\u0161iaus ir metalo atspind\u017eio \u2013 tarp to, kas kinta, ir to, kas i\u0161lieka. Nor\u0117josi sukurti form\u0105, kuri kv\u0117puoja erdve, bet nevaldo jos. Ji gali b\u016bti pritaikyta skirtingoms aplinkoms \u2013 kei\u010diant ton\u0105, \u0161viesos intensyvum\u0105 ar metalo atspalv\u012f, k\u016brinys visada \u012fgauna nauj\u0105 b\u016bsen\u0105. Man \u0161i med\u017eiaga leid\u017eia kalb\u0117ti be \u017eod\u017ei\u0173 \u2013 tik pavir\u0161iaus ritmu, \u0161viesos atspind\u017eiu ir ramyb\u0117s poj\u016b\u010diu. Spalva ir metalo atspalviai gali b\u016bti pritaikyti konkre\u010diai erdvei \u2013 kiekvienas k\u016brinys kaskart \u012fgauna kit\u0105 nuotaik\u0105, priklausomai nuo \u0161viesos ir aplinkos.\" \/>\n<meta property=\"og:url\" content=\"https:\/\/igartstudija.lt\/produktas\/apvalus-reljefinis-pano-90cm\/\" \/>\n<meta property=\"og:site_name\" content=\"Interjero Paveikslai\" \/>\n<meta property=\"article:publisher\" content=\"https:\/\/www.facebook.com\/irina.ges.art\" \/>\n<meta property=\"article:modified_time\" content=\"2026-03-09T19:15:45+00:00\" \/>\n<meta property=\"og:image\" content=\"https:\/\/igartstudija.lt\/wp-content\/uploads\/2025\/11\/round15-100.jpg\" \/>\n\t<meta property=\"og:image:width\" content=\"1125\" \/>\n\t<meta property=\"og:image:height\" content=\"1129\" \/>\n<meta name=\"twitter:card\" content=\"summary_large_image\" \/>\n<script type=\"application\/ld+json\" class=\"yoast-schema-graph\">{\"@context\":\"https:\/\/schema.org\",\"@graph\":[{\"@type\":\"Organization\",\"@id\":\"https:\/\/igartstudija.lt\/#organization\",\"name\":\"Irina Ges Art Studija\",\"url\":\"https:\/\/igartstudija.lt\/\",\"sameAs\":[\"https:\/\/www.facebook.com\/irina.ges.art\",\"https:\/\/www.instagram.com\/i.ges_arts\/\"],\"logo\":{\"@type\":\"ImageObject\",\"@id\":\"https:\/\/igartstudija.lt\/#logo\",\"inLanguage\":\"en-US\",\"url\":\"https:\/\/igartstudija.lt\/wp-content\/uploads\/2021\/05\/Group-1.png\",\"contentUrl\":\"https:\/\/igartstudija.lt\/wp-content\/uploads\/2021\/05\/Group-1.png\",\"width\":410,\"height\":84,\"caption\":\"Irina Ges Art Studija\"},\"image\":{\"@id\":\"https:\/\/igartstudija.lt\/#logo\"}},{\"@type\":\"WebSite\",\"@id\":\"https:\/\/igartstudija.lt\/#website\",\"url\":\"https:\/\/igartstudija.lt\/\",\"name\":\"Interjero Paveikslai\",\"description\":\"IGArt studija\",\"publisher\":{\"@id\":\"https:\/\/igartstudija.lt\/#organization\"},\"potentialAction\":[{\"@type\":\"SearchAction\",\"target\":\"https:\/\/igartstudija.lt\/?s={search_term_string}\",\"query-input\":\"required name=search_term_string\"}],\"inLanguage\":\"en-US\"},{\"@type\":\"ImageObject\",\"@id\":\"https:\/\/igartstudija.lt\/produktas\/apvalus-reljefinis-pano-90cm\/#primaryimage\",\"inLanguage\":\"en-US\",\"url\":\"https:\/\/igartstudija.lt\/wp-content\/uploads\/2025\/11\/round15-100.jpg\",\"contentUrl\":\"https:\/\/igartstudija.lt\/wp-content\/uploads\/2025\/11\/round15-100.jpg\",\"width\":1125,\"height\":1129,\"caption\":\"Apvalus reljefinis paveikslas\"},{\"@type\":\"WebPage\",\"@id\":\"https:\/\/igartstudija.lt\/produktas\/apvalus-reljefinis-pano-90cm\/#webpage\",\"url\":\"https:\/\/igartstudija.lt\/produktas\/apvalus-reljefinis-pano-90cm\/\",\"name\":\"Apvalus reljefinis pano 90cm - Interjero Paveikslai\",\"isPartOf\":{\"@id\":\"https:\/\/igartstudija.lt\/#website\"},\"primaryImageOfPage\":{\"@id\":\"https:\/\/igartstudija.lt\/produktas\/apvalus-reljefinis-pano-90cm\/#primaryimage\"},\"datePublished\":\"2025-11-26T06:56:15+00:00\",\"dateModified\":\"2026-03-09T19:15:45+00:00\",\"breadcrumb\":{\"@id\":\"https:\/\/igartstudija.lt\/produktas\/apvalus-reljefinis-pano-90cm\/#breadcrumb\"},\"inLanguage\":\"en-US\",\"potentialAction\":[{\"@type\":\"ReadAction\",\"target\":[\"https:\/\/igartstudija.lt\/produktas\/apvalus-reljefinis-pano-90cm\/\"]}]},{\"@type\":\"BreadcrumbList\",\"@id\":\"https:\/\/igartstudija.lt\/produktas\/apvalus-reljefinis-pano-90cm\/#breadcrumb\",\"itemListElement\":[{\"@type\":\"ListItem\",\"position\":1,\"item\":{\"@type\":\"WebPage\",\"@id\":\"https:\/\/igartstudija.lt\/en\/\",\"url\":\"https:\/\/igartstudija.lt\/en\/\",\"name\":\"Home\"}},{\"@type\":\"ListItem\",\"position\":2,\"item\":{\"@type\":\"WebPage\",\"@id\":\"https:\/\/igartstudija.lt\/en\/shop\/\",\"url\":\"https:\/\/igartstudija.lt\/en\/shop\/\",\"name\":\"Gallery\"}},{\"@type\":\"ListItem\",\"position\":3,\"item\":{\"@id\":\"https:\/\/igartstudija.lt\/produktas\/apvalus-reljefinis-pano-90cm\/#webpage\"}}]}]}<\/script>\n<!-- \/ Yoast SEO plugin. -->","_links":{"self":[{"href":"https:\/\/igartstudija.lt\/en\/wp-json\/wp\/v2\/product\/24619","targetHints":{"allow":["GET"]}}],"collection":[{"href":"https:\/\/igartstudija.lt\/en\/wp-json\/wp\/v2\/product"}],"about":[{"href":"https:\/\/igartstudija.lt\/en\/wp-json\/wp\/v2\/types\/product"}],"wp:featuredmedia":[{"embeddable":true,"href":"https:\/\/igartstudija.lt\/en\/wp-json\/wp\/v2\/media\/24622"}],"wp:attachment":[{"href":"https:\/\/igartstudija.lt\/en\/wp-json\/wp\/v2\/media?parent=24619"}],"curies":[{"name":"wp","href":"https:\/\/api.w.org\/{rel}","templated":true}]}}