{"id":24628,"date":"2025-11-26T07:12:09","date_gmt":"2025-11-26T07:12:09","guid":{"rendered":"https:\/\/igartstudija.lt\/?post_type=product&#038;p=24628"},"modified":"2026-03-09T19:15:35","modified_gmt":"2026-03-09T19:15:35","slug":"apvalus-reljefinis-paveikslas-100cm","status":"publish","type":"product","link":"https:\/\/igartstudija.lt\/en\/produktas\/apvalus-reljefinis-paveikslas-100cm\/","title":{"rendered":"Apvalus reljefinis paveikslas 100cm"},"content":{"rendered":"","protected":false},"excerpt":{"rendered":"<p data-start=\"135\" data-end=\"326\">\u0160iame k\u016brinyje man buvo svarbu i\u0161laikyti pusiausvyr\u0105 tarp strukt\u016bros ir nat\u016bralumo. Formos gimsta i\u0161 med\u017eiagos judesio \u2013 jos atrodo tarsi i\u0161augusios pa\u010dios, be grie\u017eto plano ar br\u0117\u017einio.<\/p>\n<p data-start=\"328\" data-end=\"440\">\u010cia \u0161altas metalo pavir\u0161ius susitinka su \u0161iltu, \u017eemi\u0161ku tonu. \u0160is kontrastas kuria ramyb\u0119 ir stabilumo poj\u016bt\u012f.<\/p>\n<p data-start=\"442\" data-end=\"632\">Man \u0161i med\u017eiaga \u012fdomi tuo, kad leid\u017eia jungti prie\u0161ybes \u2013 tvirtum\u0105 ir \u0161velnum\u0105, tvark\u0105 ir atsitiktinum\u0105. Kiekvienas pavir\u0161iaus niuansas tampa ma\u017eu atspind\u017eiu laiko, prisilietimo ir tylos<\/p>\n<p data-start=\"442\" data-end=\"632\">Spalva ir metalo atspalviai gali b\u016bti pritaikyti konkre\u010diai erdvei \u2013 kiekvienas k\u016brinys kaskart \u012fgauna kit\u0105 nuotaik\u0105, priklausomai nuo \u0161viesos ir aplinkos.<\/p>\n","protected":false},"featured_media":24637,"template":"","meta":[],"class_list":["post-24628","product","type-product","status-publish","has-post-thumbnail","hentry","product_cat-kiti","product_tag-apvalus-reljefinas-paveikslas","product_tag-apvalus-teksturinis-paveikslas","product_tag-reljefinis-paveikslas","product_tag-teksturinis-paveikslas"],"yoast_head":"<!-- This site is optimized with the Yoast SEO plugin v16.2 - https:\/\/yoast.com\/wordpress\/plugins\/seo\/ -->\n<title>Apvalus reljefinis paveikslas 100cm - Interjero Paveikslai<\/title>\n<meta name=\"robots\" content=\"index, follow, max-snippet:-1, max-image-preview:large, max-video-preview:-1\" \/>\n<link rel=\"canonical\" href=\"https:\/\/igartstudija.lt\/produktas\/apvalus-reljefinis-paveikslas-100cm\/\" \/>\n<meta property=\"og:locale\" content=\"en_US\" \/>\n<meta property=\"og:type\" content=\"article\" \/>\n<meta property=\"og:title\" content=\"Apvalus reljefinis paveikslas 100cm - Interjero Paveikslai\" \/>\n<meta property=\"og:description\" content=\"\u0160iame k\u016brinyje man buvo svarbu i\u0161laikyti pusiausvyr\u0105 tarp strukt\u016bros ir nat\u016bralumo. Formos gimsta i\u0161 med\u017eiagos judesio \u2013 jos atrodo tarsi i\u0161augusios pa\u010dios, be grie\u017eto plano ar br\u0117\u017einio. \u010cia \u0161altas metalo pavir\u0161ius susitinka su \u0161iltu, \u017eemi\u0161ku tonu. \u0160is kontrastas kuria ramyb\u0119 ir stabilumo poj\u016bt\u012f. Man \u0161i med\u017eiaga \u012fdomi tuo, kad leid\u017eia jungti prie\u0161ybes \u2013 tvirtum\u0105 ir \u0161velnum\u0105, tvark\u0105 ir atsitiktinum\u0105. Kiekvienas pavir\u0161iaus niuansas tampa ma\u017eu atspind\u017eiu laiko, prisilietimo ir tylos Spalva ir metalo atspalviai gali b\u016bti pritaikyti konkre\u010diai erdvei \u2013 kiekvienas k\u016brinys kaskart \u012fgauna kit\u0105 nuotaik\u0105, priklausomai nuo \u0161viesos ir aplinkos.\" \/>\n<meta property=\"og:url\" content=\"https:\/\/igartstudija.lt\/produktas\/apvalus-reljefinis-paveikslas-100cm\/\" \/>\n<meta property=\"og:site_name\" content=\"Interjero Paveikslai\" \/>\n<meta property=\"article:publisher\" content=\"https:\/\/www.facebook.com\/irina.ges.art\" \/>\n<meta property=\"article:modified_time\" content=\"2026-03-09T19:15:35+00:00\" \/>\n<meta property=\"og:image\" content=\"https:\/\/igartstudija.lt\/wp-content\/uploads\/2025\/11\/kr5-100.jpg\" \/>\n\t<meta property=\"og:image:width\" content=\"596\" \/>\n\t<meta property=\"og:image:height\" content=\"595\" \/>\n<meta name=\"twitter:card\" content=\"summary_large_image\" \/>\n<script type=\"application\/ld+json\" class=\"yoast-schema-graph\">{\"@context\":\"https:\/\/schema.org\",\"@graph\":[{\"@type\":\"Organization\",\"@id\":\"https:\/\/igartstudija.lt\/#organization\",\"name\":\"Irina Ges Art Studija\",\"url\":\"https:\/\/igartstudija.lt\/\",\"sameAs\":[\"https:\/\/www.facebook.com\/irina.ges.art\",\"https:\/\/www.instagram.com\/i.ges_arts\/\"],\"logo\":{\"@type\":\"ImageObject\",\"@id\":\"https:\/\/igartstudija.lt\/#logo\",\"inLanguage\":\"en-US\",\"url\":\"https:\/\/igartstudija.lt\/wp-content\/uploads\/2021\/05\/Group-1.png\",\"contentUrl\":\"https:\/\/igartstudija.lt\/wp-content\/uploads\/2021\/05\/Group-1.png\",\"width\":410,\"height\":84,\"caption\":\"Irina Ges Art Studija\"},\"image\":{\"@id\":\"https:\/\/igartstudija.lt\/#logo\"}},{\"@type\":\"WebSite\",\"@id\":\"https:\/\/igartstudija.lt\/#website\",\"url\":\"https:\/\/igartstudija.lt\/\",\"name\":\"Interjero Paveikslai\",\"description\":\"IGArt studija\",\"publisher\":{\"@id\":\"https:\/\/igartstudija.lt\/#organization\"},\"potentialAction\":[{\"@type\":\"SearchAction\",\"target\":\"https:\/\/igartstudija.lt\/?s={search_term_string}\",\"query-input\":\"required name=search_term_string\"}],\"inLanguage\":\"en-US\"},{\"@type\":\"ImageObject\",\"@id\":\"https:\/\/igartstudija.lt\/produktas\/apvalus-reljefinis-paveikslas-100cm\/#primaryimage\",\"inLanguage\":\"en-US\",\"url\":\"https:\/\/igartstudija.lt\/wp-content\/uploads\/2025\/11\/kr5-100.jpg\",\"contentUrl\":\"https:\/\/igartstudija.lt\/wp-content\/uploads\/2025\/11\/kr5-100.jpg\",\"width\":596,\"height\":595},{\"@type\":\"WebPage\",\"@id\":\"https:\/\/igartstudija.lt\/produktas\/apvalus-reljefinis-paveikslas-100cm\/#webpage\",\"url\":\"https:\/\/igartstudija.lt\/produktas\/apvalus-reljefinis-paveikslas-100cm\/\",\"name\":\"Apvalus reljefinis paveikslas 100cm - Interjero Paveikslai\",\"isPartOf\":{\"@id\":\"https:\/\/igartstudija.lt\/#website\"},\"primaryImageOfPage\":{\"@id\":\"https:\/\/igartstudija.lt\/produktas\/apvalus-reljefinis-paveikslas-100cm\/#primaryimage\"},\"datePublished\":\"2025-11-26T07:12:09+00:00\",\"dateModified\":\"2026-03-09T19:15:35+00:00\",\"breadcrumb\":{\"@id\":\"https:\/\/igartstudija.lt\/produktas\/apvalus-reljefinis-paveikslas-100cm\/#breadcrumb\"},\"inLanguage\":\"en-US\",\"potentialAction\":[{\"@type\":\"ReadAction\",\"target\":[\"https:\/\/igartstudija.lt\/produktas\/apvalus-reljefinis-paveikslas-100cm\/\"]}]},{\"@type\":\"BreadcrumbList\",\"@id\":\"https:\/\/igartstudija.lt\/produktas\/apvalus-reljefinis-paveikslas-100cm\/#breadcrumb\",\"itemListElement\":[{\"@type\":\"ListItem\",\"position\":1,\"item\":{\"@type\":\"WebPage\",\"@id\":\"https:\/\/igartstudija.lt\/en\/\",\"url\":\"https:\/\/igartstudija.lt\/en\/\",\"name\":\"Home\"}},{\"@type\":\"ListItem\",\"position\":2,\"item\":{\"@type\":\"WebPage\",\"@id\":\"https:\/\/igartstudija.lt\/en\/shop\/\",\"url\":\"https:\/\/igartstudija.lt\/en\/shop\/\",\"name\":\"Gallery\"}},{\"@type\":\"ListItem\",\"position\":3,\"item\":{\"@id\":\"https:\/\/igartstudija.lt\/produktas\/apvalus-reljefinis-paveikslas-100cm\/#webpage\"}}]}]}<\/script>\n<!-- \/ Yoast SEO plugin. -->","_links":{"self":[{"href":"https:\/\/igartstudija.lt\/en\/wp-json\/wp\/v2\/product\/24628","targetHints":{"allow":["GET"]}}],"collection":[{"href":"https:\/\/igartstudija.lt\/en\/wp-json\/wp\/v2\/product"}],"about":[{"href":"https:\/\/igartstudija.lt\/en\/wp-json\/wp\/v2\/types\/product"}],"wp:featuredmedia":[{"embeddable":true,"href":"https:\/\/igartstudija.lt\/en\/wp-json\/wp\/v2\/media\/24637"}],"wp:attachment":[{"href":"https:\/\/igartstudija.lt\/en\/wp-json\/wp\/v2\/media?parent=24628"}],"curies":[{"name":"wp","href":"https:\/\/api.w.org\/{rel}","templated":true}]}}