{"id":24783,"date":"2025-12-22T14:33:17","date_gmt":"2025-12-22T14:33:17","guid":{"rendered":"https:\/\/igartstudija.lt\/?post_type=product&#038;p=24783"},"modified":"2026-04-07T05:08:29","modified_gmt":"2026-04-07T05:08:29","slug":"kazkur-tarp-modernus-teksturinis-paveikslas-70x100cm-2025m-2","status":"publish","type":"product","link":"https:\/\/igartstudija.lt\/en\/produktas\/kazkur-tarp-modernus-teksturinis-paveikslas-70x100cm-2025m-2\/","title":{"rendered":"&#8220;Ka\u017ekur tarp&#8221; modernus tekst\u016brinis paveikslas 70x100cm, 2025m."},"content":{"rendered":"","protected":false},"excerpt":{"rendered":"<h3 class=\"\" data-start=\"144\" data-end=\"172\"><strong data-start=\"148\" data-end=\"172\">Paveikslo apra\u0161ymas:<\/strong><\/h3>\n<p class=\"\" data-start=\"174\" data-end=\"313\">Tarp \u0161viesos ir \u0161e\u0161\u0117lio, tarp prisiminimo ir tylos gimsta \u201eKa\u017ekur tarp\u201c \u2013 paveikslas, kuris nekalba garsiai, bet kvie\u010dia \u012f vidin\u0119 kelion\u0119.<\/p>\n<p class=\"\" data-start=\"315\" data-end=\"612\">Tekst\u016bros sluoksniuojasi tarsi laiko nus\u0117dusios dulk\u0117s, o kiekvienas pavir\u0161iaus \u012ftr\u016bkimas, rauk\u0161l\u0117 ar da\u017eo pot\u0117pis tampa nebyliu pasakojimu apie tai, kas liko nepasakyta. Molio tinkas sukuria \u017eemi\u0161k\u0105, beveik archeologin\u012f fon\u0105, o akrilo ir tekstil\u0117s jungtis prideda trapios \u0161iuolaikin\u0117s dinamikos.<\/p>\n<p class=\"\" data-start=\"614\" data-end=\"773\">Tai ne tik vaizdas, bet poj\u016btis \u2013 vieta, kur \u017ei\u016brovas gali susitikti su savo pa\u010di\u0173 \u201etarp\u201c. \u010cia n\u0117ra ai\u0161ki\u0173 atsakym\u0173 \u2013 tik sustabdytas laikas ir kvietimas b\u016bti.<\/p>\n<h3 class=\"\" data-start=\"196\" data-end=\"227\"><\/h3>\n<p class=\"\" data-start=\"228\" data-end=\"393\">Dydis: 70 \u00d7 100 cm<br data-start=\"246\" data-end=\"249\" \/>Technika: molio tinkas, akrilas, tekstil\u0117<br data-start=\"290\" data-end=\"293\" \/>Metai: 2025<br data-start=\"304\" data-end=\"307\" \/>Paveikslas \u012fr\u0117mintas. R\u0117mas \u2013 nat\u016bralaus med\u017eio, su \u0161iltu \u017ealvario (lat\u016bno) atspalviu.<\/p>\n","protected":false},"featured_media":24237,"template":"","meta":[],"class_list":["post-24783","product","type-product","status-publish","has-post-thumbnail","hentry","product_cat-kiti","product_tag-abstrakti-tapyba","product_tag-dovana","product_tag-elegatiskaspaveikslas","product_tag-estetika","product_tag-inrerjeropaveikslas","product_tag-jaukusbutas","product_tag-meno-galerija","product_tag-modenusnamas","product_tag-modernus-interjeras","product_tag-modernuspaveikslas","product_tag-paveikslasi-interjera","product_tag-siolaikiskatinterjeras","product_tag-siuolaikinis-menas","product_tag-teksturos","product_tag-vizualizacija"],"yoast_head":"<!-- This site is optimized with the Yoast SEO plugin v16.2 - https:\/\/yoast.com\/wordpress\/plugins\/seo\/ -->\n<title>&quot;Ka\u017ekur tarp&quot; modernus tekst\u016brinis paveikslas 70x100cm, 2025m. - Interjero Paveikslai<\/title>\n<meta name=\"description\" content=\"Atraskite paveiksl\u0105 \u201eKa\u017ekur tarp\u201c \u2013 unikal\u0173 70x100 cm abstrakt\u0173 meno k\u016brin\u012f, sukurt\u0105 naudojant molio tink\u0105, akril\u0105 ir tekstil\u0119. \u0160iuolaikin\u0117 tekst\u016brin\u0117 tapyba, kvie\u010dianti \u012f tylos ir laiko erdv\u0119.\" \/>\n<meta name=\"robots\" content=\"index, follow, max-snippet:-1, max-image-preview:large, max-video-preview:-1\" \/>\n<link rel=\"canonical\" href=\"https:\/\/igartstudija.lt\/produktas\/kazkur-tarp-modernus-teksturinis-paveikslas-70x100cm-2025m-2\/\" \/>\n<meta property=\"og:locale\" content=\"en_US\" \/>\n<meta property=\"og:type\" content=\"article\" \/>\n<meta property=\"og:title\" content=\"&quot;Ka\u017ekur tarp&quot; modernus tekst\u016brinis paveikslas 70x100cm, 2025m. - Interjero Paveikslai\" \/>\n<meta property=\"og:description\" content=\"Atraskite paveiksl\u0105 \u201eKa\u017ekur tarp\u201c \u2013 unikal\u0173 70x100 cm abstrakt\u0173 meno k\u016brin\u012f, sukurt\u0105 naudojant molio tink\u0105, akril\u0105 ir tekstil\u0119. \u0160iuolaikin\u0117 tekst\u016brin\u0117 tapyba, kvie\u010dianti \u012f tylos ir laiko erdv\u0119.\" \/>\n<meta property=\"og:url\" content=\"https:\/\/igartstudija.lt\/produktas\/kazkur-tarp-modernus-teksturinis-paveikslas-70x100cm-2025m-2\/\" \/>\n<meta property=\"og:site_name\" content=\"Interjero Paveikslai\" \/>\n<meta property=\"article:publisher\" content=\"https:\/\/www.facebook.com\/irina.ges.art\" \/>\n<meta property=\"article:modified_time\" content=\"2026-04-07T05:08:29+00:00\" \/>\n<meta property=\"og:image\" content=\"https:\/\/igartstudija.lt\/wp-content\/uploads\/2025\/04\/IMG_1587.jpg\" \/>\n\t<meta property=\"og:image:width\" content=\"1090\" \/>\n\t<meta property=\"og:image:height\" content=\"1090\" \/>\n<meta name=\"twitter:card\" content=\"summary_large_image\" \/>\n<script type=\"application\/ld+json\" class=\"yoast-schema-graph\">{\"@context\":\"https:\/\/schema.org\",\"@graph\":[{\"@type\":\"Organization\",\"@id\":\"https:\/\/igartstudija.lt\/#organization\",\"name\":\"Irina Ges Art Studija\",\"url\":\"https:\/\/igartstudija.lt\/\",\"sameAs\":[\"https:\/\/www.facebook.com\/irina.ges.art\",\"https:\/\/www.instagram.com\/i.ges_arts\/\"],\"logo\":{\"@type\":\"ImageObject\",\"@id\":\"https:\/\/igartstudija.lt\/#logo\",\"inLanguage\":\"en-US\",\"url\":\"https:\/\/igartstudija.lt\/wp-content\/uploads\/2021\/05\/Group-1.png\",\"contentUrl\":\"https:\/\/igartstudija.lt\/wp-content\/uploads\/2021\/05\/Group-1.png\",\"width\":410,\"height\":84,\"caption\":\"Irina Ges Art Studija\"},\"image\":{\"@id\":\"https:\/\/igartstudija.lt\/#logo\"}},{\"@type\":\"WebSite\",\"@id\":\"https:\/\/igartstudija.lt\/#website\",\"url\":\"https:\/\/igartstudija.lt\/\",\"name\":\"Interjero Paveikslai\",\"description\":\"IGArt studija\",\"publisher\":{\"@id\":\"https:\/\/igartstudija.lt\/#organization\"},\"potentialAction\":[{\"@type\":\"SearchAction\",\"target\":\"https:\/\/igartstudija.lt\/?s={search_term_string}\",\"query-input\":\"required name=search_term_string\"}],\"inLanguage\":\"en-US\"},{\"@type\":\"ImageObject\",\"@id\":\"https:\/\/igartstudija.lt\/produktas\/kazkur-tarp-modernus-teksturinis-paveikslas-70x100cm-2025m-2\/#primaryimage\",\"inLanguage\":\"en-US\",\"url\":\"https:\/\/igartstudija.lt\/wp-content\/uploads\/2025\/04\/IMG_1587.jpg\",\"contentUrl\":\"https:\/\/igartstudija.lt\/wp-content\/uploads\/2025\/04\/IMG_1587.jpg\",\"width\":1090,\"height\":1090},{\"@type\":\"WebPage\",\"@id\":\"https:\/\/igartstudija.lt\/produktas\/kazkur-tarp-modernus-teksturinis-paveikslas-70x100cm-2025m-2\/#webpage\",\"url\":\"https:\/\/igartstudija.lt\/produktas\/kazkur-tarp-modernus-teksturinis-paveikslas-70x100cm-2025m-2\/\",\"name\":\"\\\"Ka\\u017ekur tarp\\\" modernus tekst\\u016brinis paveikslas 70x100cm, 2025m. - Interjero Paveikslai\",\"isPartOf\":{\"@id\":\"https:\/\/igartstudija.lt\/#website\"},\"primaryImageOfPage\":{\"@id\":\"https:\/\/igartstudija.lt\/produktas\/kazkur-tarp-modernus-teksturinis-paveikslas-70x100cm-2025m-2\/#primaryimage\"},\"datePublished\":\"2025-12-22T14:33:17+00:00\",\"dateModified\":\"2026-04-07T05:08:29+00:00\",\"description\":\"Atraskite paveiksl\\u0105 \\u201eKa\\u017ekur tarp\\u201c \\u2013 unikal\\u0173 70x100 cm abstrakt\\u0173 meno k\\u016brin\\u012f, sukurt\\u0105 naudojant molio tink\\u0105, akril\\u0105 ir tekstil\\u0119. \\u0160iuolaikin\\u0117 tekst\\u016brin\\u0117 tapyba, kvie\\u010dianti \\u012f tylos ir laiko erdv\\u0119.\",\"breadcrumb\":{\"@id\":\"https:\/\/igartstudija.lt\/produktas\/kazkur-tarp-modernus-teksturinis-paveikslas-70x100cm-2025m-2\/#breadcrumb\"},\"inLanguage\":\"en-US\",\"potentialAction\":[{\"@type\":\"ReadAction\",\"target\":[\"https:\/\/igartstudija.lt\/produktas\/kazkur-tarp-modernus-teksturinis-paveikslas-70x100cm-2025m-2\/\"]}]},{\"@type\":\"BreadcrumbList\",\"@id\":\"https:\/\/igartstudija.lt\/produktas\/kazkur-tarp-modernus-teksturinis-paveikslas-70x100cm-2025m-2\/#breadcrumb\",\"itemListElement\":[{\"@type\":\"ListItem\",\"position\":1,\"item\":{\"@type\":\"WebPage\",\"@id\":\"https:\/\/igartstudija.lt\/en\/\",\"url\":\"https:\/\/igartstudija.lt\/en\/\",\"name\":\"Home\"}},{\"@type\":\"ListItem\",\"position\":2,\"item\":{\"@type\":\"WebPage\",\"@id\":\"https:\/\/igartstudija.lt\/en\/shop\/\",\"url\":\"https:\/\/igartstudija.lt\/en\/shop\/\",\"name\":\"Gallery\"}},{\"@type\":\"ListItem\",\"position\":3,\"item\":{\"@id\":\"https:\/\/igartstudija.lt\/produktas\/kazkur-tarp-modernus-teksturinis-paveikslas-70x100cm-2025m-2\/#webpage\"}}]}]}<\/script>\n<!-- \/ Yoast SEO plugin. -->","_links":{"self":[{"href":"https:\/\/igartstudija.lt\/en\/wp-json\/wp\/v2\/product\/24783","targetHints":{"allow":["GET"]}}],"collection":[{"href":"https:\/\/igartstudija.lt\/en\/wp-json\/wp\/v2\/product"}],"about":[{"href":"https:\/\/igartstudija.lt\/en\/wp-json\/wp\/v2\/types\/product"}],"wp:featuredmedia":[{"embeddable":true,"href":"https:\/\/igartstudija.lt\/en\/wp-json\/wp\/v2\/media\/24237"}],"wp:attachment":[{"href":"https:\/\/igartstudija.lt\/en\/wp-json\/wp\/v2\/media?parent=24783"}],"curies":[{"name":"wp","href":"https:\/\/api.w.org\/{rel}","templated":true}]}}