{"id":24784,"date":"2025-12-22T14:34:32","date_gmt":"2025-12-22T14:34:32","guid":{"rendered":"https:\/\/igartstudija.lt\/?post_type=product&#038;p=24784"},"modified":"2026-03-31T04:42:19","modified_gmt":"2026-03-31T04:42:19","slug":"gravitacija-modernus-interjerinis-paveikslas-2","status":"publish","type":"product","link":"https:\/\/igartstudija.lt\/en\/produktas\/gravitacija-modernus-interjerinis-paveikslas-2\/","title":{"rendered":"Gravitacija- modernus interjerinis paveikslas"},"content":{"rendered":"","protected":false},"excerpt":{"rendered":"<p data-start=\"62\" data-end=\"124\"><strong data-start=\"62\" data-end=\"79\">\u201eGravitacija\u201c<\/strong><br data-start=\"79\" data-end=\"82\" \/>(90&#215;90 cm, molio tinkas, akrilas, 2025 m.)<\/p>\n<p data-start=\"126\" data-end=\"436\">\u0160is paveikslas \u2013 tai tylus traukos j\u0117gos apm\u0105stymas. Ne tik fizin\u0117s, bet ir vidin\u0117s \u2013 tai, kas mus traukia vienas prie kito, prie id\u0117j\u0173, prisiminim\u0173, b\u016bsen\u0173. K\u016brinio fakt\u016bra primena \u017eem\u0119, mineralus, nat\u016bral\u0173 cikl\u0105, o geometriniai plotai simbolizuoja \u017emogaus bandym\u0105 strukt\u016brizuoti tai, kas yra neap\u010diuopiama.<\/p>\n<p data-start=\"438\" data-end=\"532\">Tai darbas apie balans\u0105 tarp \u0161viesos ir \u0161e\u0161\u0117lio, s\u0105mon\u0117s ir pas\u0105mon\u0117s, \u017emogi\u0161ko ir kosminio.<\/p>\n","protected":false},"featured_media":24433,"template":"","meta":[],"class_list":["post-24784","product","type-product","status-publish","has-post-thumbnail","hentry","product_cat-interjero-paveikslai","product_tag-abstrakcija","product_tag-abstrakcijainterjere","product_tag-intenjeropaveikslas","product_tag-modernus-paveikslas","product_tag-paveikslaipardavimui"],"yoast_head":"<!-- This site is optimized with the Yoast SEO plugin v16.2 - https:\/\/yoast.com\/wordpress\/plugins\/seo\/ -->\n<title>Gravitacija- modernus interjerinis paveikslas - Interjero Paveikslai<\/title>\n<meta name=\"description\" content=\"Gravitacija(90x90 cm, molio tinkas, akrilas, 2025 m.) - modernus interjerinis paveikslas, tai tylus traukos j\u0117gos apm\u0105stymas.Tai darbas apie balans\u0105 tarp \u0161viesos ir \u0161e\u0161\u0117lio, s\u0105mon\u0117s ir pas\u0105mon\u0117s, \u017emogi\u0161ko ir kosminio.\" \/>\n<meta name=\"robots\" content=\"index, follow, max-snippet:-1, max-image-preview:large, max-video-preview:-1\" \/>\n<link rel=\"canonical\" href=\"https:\/\/igartstudija.lt\/produktas\/gravitacija-modernus-interjerinis-paveikslas-2\/\" \/>\n<meta property=\"og:locale\" content=\"en_US\" \/>\n<meta property=\"og:type\" content=\"article\" \/>\n<meta property=\"og:title\" content=\"Gravitacija- modernus interjerinis paveikslas - Interjero Paveikslai\" \/>\n<meta property=\"og:description\" content=\"Gravitacija(90x90 cm, molio tinkas, akrilas, 2025 m.) - modernus interjerinis paveikslas, tai tylus traukos j\u0117gos apm\u0105stymas.Tai darbas apie balans\u0105 tarp \u0161viesos ir \u0161e\u0161\u0117lio, s\u0105mon\u0117s ir pas\u0105mon\u0117s, \u017emogi\u0161ko ir kosminio.\" \/>\n<meta property=\"og:url\" content=\"https:\/\/igartstudija.lt\/produktas\/gravitacija-modernus-interjerinis-paveikslas-2\/\" \/>\n<meta property=\"og:site_name\" content=\"Interjero Paveikslai\" \/>\n<meta property=\"article:publisher\" content=\"https:\/\/www.facebook.com\/irina.ges.art\" \/>\n<meta property=\"article:modified_time\" content=\"2026-03-31T04:42:19+00:00\" \/>\n<meta property=\"og:image\" content=\"https:\/\/igartstudija.lt\/wp-content\/uploads\/2025\/08\/IMG_3008-scaled.jpg\" \/>\n\t<meta property=\"og:image:width\" content=\"1920\" \/>\n\t<meta property=\"og:image:height\" content=\"2560\" \/>\n<meta name=\"twitter:card\" content=\"summary_large_image\" \/>\n<script type=\"application\/ld+json\" class=\"yoast-schema-graph\">{\"@context\":\"https:\/\/schema.org\",\"@graph\":[{\"@type\":\"Organization\",\"@id\":\"https:\/\/igartstudija.lt\/#organization\",\"name\":\"Irina Ges Art Studija\",\"url\":\"https:\/\/igartstudija.lt\/\",\"sameAs\":[\"https:\/\/www.facebook.com\/irina.ges.art\",\"https:\/\/www.instagram.com\/i.ges_arts\/\"],\"logo\":{\"@type\":\"ImageObject\",\"@id\":\"https:\/\/igartstudija.lt\/#logo\",\"inLanguage\":\"en-US\",\"url\":\"https:\/\/igartstudija.lt\/wp-content\/uploads\/2021\/05\/Group-1.png\",\"contentUrl\":\"https:\/\/igartstudija.lt\/wp-content\/uploads\/2021\/05\/Group-1.png\",\"width\":410,\"height\":84,\"caption\":\"Irina Ges Art Studija\"},\"image\":{\"@id\":\"https:\/\/igartstudija.lt\/#logo\"}},{\"@type\":\"WebSite\",\"@id\":\"https:\/\/igartstudija.lt\/#website\",\"url\":\"https:\/\/igartstudija.lt\/\",\"name\":\"Interjero Paveikslai\",\"description\":\"IGArt studija\",\"publisher\":{\"@id\":\"https:\/\/igartstudija.lt\/#organization\"},\"potentialAction\":[{\"@type\":\"SearchAction\",\"target\":\"https:\/\/igartstudija.lt\/?s={search_term_string}\",\"query-input\":\"required name=search_term_string\"}],\"inLanguage\":\"en-US\"},{\"@type\":\"ImageObject\",\"@id\":\"https:\/\/igartstudija.lt\/produktas\/gravitacija-modernus-interjerinis-paveikslas-2\/#primaryimage\",\"inLanguage\":\"en-US\",\"url\":\"https:\/\/igartstudija.lt\/wp-content\/uploads\/2025\/08\/IMG_3008-scaled.jpg\",\"contentUrl\":\"https:\/\/igartstudija.lt\/wp-content\/uploads\/2025\/08\/IMG_3008-scaled.jpg\",\"width\":1920,\"height\":2560,\"caption\":\"Modernus inrerjerinis paveikslas\"},{\"@type\":\"WebPage\",\"@id\":\"https:\/\/igartstudija.lt\/produktas\/gravitacija-modernus-interjerinis-paveikslas-2\/#webpage\",\"url\":\"https:\/\/igartstudija.lt\/produktas\/gravitacija-modernus-interjerinis-paveikslas-2\/\",\"name\":\"Gravitacija- modernus interjerinis paveikslas - Interjero Paveikslai\",\"isPartOf\":{\"@id\":\"https:\/\/igartstudija.lt\/#website\"},\"primaryImageOfPage\":{\"@id\":\"https:\/\/igartstudija.lt\/produktas\/gravitacija-modernus-interjerinis-paveikslas-2\/#primaryimage\"},\"datePublished\":\"2025-12-22T14:34:32+00:00\",\"dateModified\":\"2026-03-31T04:42:19+00:00\",\"description\":\"Gravitacija(90x90 cm, molio tinkas, akrilas, 2025 m.) - modernus interjerinis paveikslas, tai tylus traukos j\\u0117gos apm\\u0105stymas.Tai darbas apie balans\\u0105 tarp \\u0161viesos ir \\u0161e\\u0161\\u0117lio, s\\u0105mon\\u0117s ir pas\\u0105mon\\u0117s, \\u017emogi\\u0161ko ir kosminio.\",\"breadcrumb\":{\"@id\":\"https:\/\/igartstudija.lt\/produktas\/gravitacija-modernus-interjerinis-paveikslas-2\/#breadcrumb\"},\"inLanguage\":\"en-US\",\"potentialAction\":[{\"@type\":\"ReadAction\",\"target\":[\"https:\/\/igartstudija.lt\/produktas\/gravitacija-modernus-interjerinis-paveikslas-2\/\"]}]},{\"@type\":\"BreadcrumbList\",\"@id\":\"https:\/\/igartstudija.lt\/produktas\/gravitacija-modernus-interjerinis-paveikslas-2\/#breadcrumb\",\"itemListElement\":[{\"@type\":\"ListItem\",\"position\":1,\"item\":{\"@type\":\"WebPage\",\"@id\":\"https:\/\/igartstudija.lt\/en\/\",\"url\":\"https:\/\/igartstudija.lt\/en\/\",\"name\":\"Home\"}},{\"@type\":\"ListItem\",\"position\":2,\"item\":{\"@type\":\"WebPage\",\"@id\":\"https:\/\/igartstudija.lt\/en\/shop\/\",\"url\":\"https:\/\/igartstudija.lt\/en\/shop\/\",\"name\":\"Gallery\"}},{\"@type\":\"ListItem\",\"position\":3,\"item\":{\"@id\":\"https:\/\/igartstudija.lt\/produktas\/gravitacija-modernus-interjerinis-paveikslas-2\/#webpage\"}}]}]}<\/script>\n<!-- \/ Yoast SEO plugin. -->","_links":{"self":[{"href":"https:\/\/igartstudija.lt\/en\/wp-json\/wp\/v2\/product\/24784","targetHints":{"allow":["GET"]}}],"collection":[{"href":"https:\/\/igartstudija.lt\/en\/wp-json\/wp\/v2\/product"}],"about":[{"href":"https:\/\/igartstudija.lt\/en\/wp-json\/wp\/v2\/types\/product"}],"wp:featuredmedia":[{"embeddable":true,"href":"https:\/\/igartstudija.lt\/en\/wp-json\/wp\/v2\/media\/24433"}],"wp:attachment":[{"href":"https:\/\/igartstudija.lt\/en\/wp-json\/wp\/v2\/media?parent=24784"}],"curies":[{"name":"wp","href":"https:\/\/api.w.org\/{rel}","templated":true}]}}