{"id":24817,"date":"2025-12-22T15:40:41","date_gmt":"2025-12-22T15:40:41","guid":{"rendered":"https:\/\/igartstudija.lt\/?post_type=product&#038;p=24817"},"modified":"2026-03-09T18:26:40","modified_gmt":"2026-03-09T18:26:40","slug":"all-is-one-teksturinis-paveikslas-100x150cm-2025m-2","status":"publish","type":"product","link":"https:\/\/igartstudija.lt\/en\/produktas\/all-is-one-teksturinis-paveikslas-100x150cm-2025m-2\/","title":{"rendered":"All is One\u201c &#8211; tekst\u016brinis paveikslas (100x150cm) 2025m."},"content":{"rendered":"","protected":false},"excerpt":{"rendered":"<p>\u201eAll is One\u201c &#8211; tekst\u016brinis paveikslas (100x150cm) 2025m.<\/p>\n<p>(Molio tinkas, akriliniai da\u017eai)<\/p>\n<p>\u0160is darbas \u2013 apie visk\u0105 jungiant\u012f ry\u0161\u012f. Apie tai, kad skirtingos formos, kryptys ir patirtys veda \u012f vien\u0105 esm\u0119. Kartais viskas atrodo chaoti\u0161ka, bet u\u017e to slypi tvarka. Vienyb\u0117 \u2013 ne vienodumas, o gili vidin\u0117 jungtis, kuri\u0105 jau\u010diame per save ir pasaul\u012f.<\/p>\n","protected":false},"featured_media":24463,"template":"","meta":[],"class_list":["post-24817","product","type-product","status-publish","has-post-thumbnail","hentry","product_cat-abstrakcijosabstrakcijos","product_tag-abstraktus-teksturinis-menas","product_tag-inerjero-detale","product_tag-minimalistine-abstrakcija","product_tag-modernus-paveikslai","product_tag-sienu-dekoras"],"yoast_head":"<!-- This site is optimized with the Yoast SEO plugin v16.2 - https:\/\/yoast.com\/wordpress\/plugins\/seo\/ -->\n<title>All is One\u201c - tekst\u016brinis paveikslas (100x150cm) 2025m. - Interjero Paveikslai<\/title>\n<meta name=\"description\" content=\"All is One\u201c - tekst\u016brinis paveikslas (100x150cm) 2025m. Modernus, minimalistinis, apie visk\u0105 jungiant\u012f ry\u0161\u012f\" \/>\n<meta name=\"robots\" content=\"index, follow, max-snippet:-1, max-image-preview:large, max-video-preview:-1\" \/>\n<link rel=\"canonical\" href=\"https:\/\/igartstudija.lt\/produktas\/all-is-one-teksturinis-paveikslas-100x150cm-2025m-2\/\" \/>\n<meta property=\"og:locale\" content=\"en_US\" \/>\n<meta property=\"og:type\" content=\"article\" \/>\n<meta property=\"og:title\" content=\"All is One\u201c - tekst\u016brinis paveikslas (100x150cm) 2025m. - Interjero Paveikslai\" \/>\n<meta property=\"og:description\" content=\"All is One\u201c - tekst\u016brinis paveikslas (100x150cm) 2025m. Modernus, minimalistinis, apie visk\u0105 jungiant\u012f ry\u0161\u012f\" \/>\n<meta property=\"og:url\" content=\"https:\/\/igartstudija.lt\/produktas\/all-is-one-teksturinis-paveikslas-100x150cm-2025m-2\/\" \/>\n<meta property=\"og:site_name\" content=\"Interjero Paveikslai\" \/>\n<meta property=\"article:publisher\" content=\"https:\/\/www.facebook.com\/irina.ges.art\" \/>\n<meta property=\"article:modified_time\" content=\"2026-03-09T18:26:40+00:00\" \/>\n<meta property=\"og:image\" content=\"https:\/\/igartstudija.lt\/wp-content\/uploads\/2025\/08\/IMG_3355.jpg\" \/>\n\t<meta property=\"og:image:width\" content=\"1205\" \/>\n\t<meta property=\"og:image:height\" content=\"1500\" \/>\n<meta name=\"twitter:card\" content=\"summary_large_image\" \/>\n<script type=\"application\/ld+json\" class=\"yoast-schema-graph\">{\"@context\":\"https:\/\/schema.org\",\"@graph\":[{\"@type\":\"Organization\",\"@id\":\"https:\/\/igartstudija.lt\/#organization\",\"name\":\"Irina Ges Art Studija\",\"url\":\"https:\/\/igartstudija.lt\/\",\"sameAs\":[\"https:\/\/www.facebook.com\/irina.ges.art\",\"https:\/\/www.instagram.com\/i.ges_arts\/\"],\"logo\":{\"@type\":\"ImageObject\",\"@id\":\"https:\/\/igartstudija.lt\/#logo\",\"inLanguage\":\"en-US\",\"url\":\"https:\/\/igartstudija.lt\/wp-content\/uploads\/2021\/05\/Group-1.png\",\"contentUrl\":\"https:\/\/igartstudija.lt\/wp-content\/uploads\/2021\/05\/Group-1.png\",\"width\":410,\"height\":84,\"caption\":\"Irina Ges Art Studija\"},\"image\":{\"@id\":\"https:\/\/igartstudija.lt\/#logo\"}},{\"@type\":\"WebSite\",\"@id\":\"https:\/\/igartstudija.lt\/#website\",\"url\":\"https:\/\/igartstudija.lt\/\",\"name\":\"Interjero Paveikslai\",\"description\":\"IGArt studija\",\"publisher\":{\"@id\":\"https:\/\/igartstudija.lt\/#organization\"},\"potentialAction\":[{\"@type\":\"SearchAction\",\"target\":\"https:\/\/igartstudija.lt\/?s={search_term_string}\",\"query-input\":\"required name=search_term_string\"}],\"inLanguage\":\"en-US\"},{\"@type\":\"ImageObject\",\"@id\":\"https:\/\/igartstudija.lt\/produktas\/all-is-one-teksturinis-paveikslas-100x150cm-2025m-2\/#primaryimage\",\"inLanguage\":\"en-US\",\"url\":\"https:\/\/igartstudija.lt\/wp-content\/uploads\/2025\/08\/IMG_3355.jpg\",\"contentUrl\":\"https:\/\/igartstudija.lt\/wp-content\/uploads\/2025\/08\/IMG_3355.jpg\",\"width\":1205,\"height\":1500,\"caption\":\"\\\"All is One\\\" Modernus paveikslas apie\"},{\"@type\":\"WebPage\",\"@id\":\"https:\/\/igartstudija.lt\/produktas\/all-is-one-teksturinis-paveikslas-100x150cm-2025m-2\/#webpage\",\"url\":\"https:\/\/igartstudija.lt\/produktas\/all-is-one-teksturinis-paveikslas-100x150cm-2025m-2\/\",\"name\":\"All is One\\u201c - tekst\\u016brinis paveikslas (100x150cm) 2025m. - Interjero Paveikslai\",\"isPartOf\":{\"@id\":\"https:\/\/igartstudija.lt\/#website\"},\"primaryImageOfPage\":{\"@id\":\"https:\/\/igartstudija.lt\/produktas\/all-is-one-teksturinis-paveikslas-100x150cm-2025m-2\/#primaryimage\"},\"datePublished\":\"2025-12-22T15:40:41+00:00\",\"dateModified\":\"2026-03-09T18:26:40+00:00\",\"description\":\"All is One\\u201c - tekst\\u016brinis paveikslas (100x150cm) 2025m. Modernus, minimalistinis, apie visk\\u0105 jungiant\\u012f ry\\u0161\\u012f\",\"breadcrumb\":{\"@id\":\"https:\/\/igartstudija.lt\/produktas\/all-is-one-teksturinis-paveikslas-100x150cm-2025m-2\/#breadcrumb\"},\"inLanguage\":\"en-US\",\"potentialAction\":[{\"@type\":\"ReadAction\",\"target\":[\"https:\/\/igartstudija.lt\/produktas\/all-is-one-teksturinis-paveikslas-100x150cm-2025m-2\/\"]}]},{\"@type\":\"BreadcrumbList\",\"@id\":\"https:\/\/igartstudija.lt\/produktas\/all-is-one-teksturinis-paveikslas-100x150cm-2025m-2\/#breadcrumb\",\"itemListElement\":[{\"@type\":\"ListItem\",\"position\":1,\"item\":{\"@type\":\"WebPage\",\"@id\":\"https:\/\/igartstudija.lt\/en\/\",\"url\":\"https:\/\/igartstudija.lt\/en\/\",\"name\":\"Home\"}},{\"@type\":\"ListItem\",\"position\":2,\"item\":{\"@type\":\"WebPage\",\"@id\":\"https:\/\/igartstudija.lt\/en\/shop\/\",\"url\":\"https:\/\/igartstudija.lt\/en\/shop\/\",\"name\":\"Gallery\"}},{\"@type\":\"ListItem\",\"position\":3,\"item\":{\"@id\":\"https:\/\/igartstudija.lt\/produktas\/all-is-one-teksturinis-paveikslas-100x150cm-2025m-2\/#webpage\"}}]}]}<\/script>\n<!-- \/ Yoast SEO plugin. -->","_links":{"self":[{"href":"https:\/\/igartstudija.lt\/en\/wp-json\/wp\/v2\/product\/24817","targetHints":{"allow":["GET"]}}],"collection":[{"href":"https:\/\/igartstudija.lt\/en\/wp-json\/wp\/v2\/product"}],"about":[{"href":"https:\/\/igartstudija.lt\/en\/wp-json\/wp\/v2\/types\/product"}],"wp:featuredmedia":[{"embeddable":true,"href":"https:\/\/igartstudija.lt\/en\/wp-json\/wp\/v2\/media\/24463"}],"wp:attachment":[{"href":"https:\/\/igartstudija.lt\/en\/wp-json\/wp\/v2\/media?parent=24817"}],"curies":[{"name":"wp","href":"https:\/\/api.w.org\/{rel}","templated":true}]}}