{"id":24818,"date":"2025-12-22T15:46:27","date_gmt":"2025-12-22T15:46:27","guid":{"rendered":"https:\/\/igartstudija.lt\/?post_type=product&#038;p=24818"},"modified":"2026-03-31T04:41:24","modified_gmt":"2026-03-31T04:41:24","slug":"uz-horizonto-modernus-teksturinis-paveikslas-150x100cm-2025m","status":"publish","type":"product","link":"https:\/\/igartstudija.lt\/en\/produktas\/uz-horizonto-modernus-teksturinis-paveikslas-150x100cm-2025m\/","title":{"rendered":"\u201eU\u017e horizonto\u201c modernus tekst\u016brinis paveikslas 150x100cm 2025m."},"content":{"rendered":"","protected":false},"excerpt":{"rendered":"<h3 data-start=\"290\" data-end=\"314\"><strong data-start=\"294\" data-end=\"312\">\u201eU\u017e horizonto\u201c<\/strong><\/h3>\n<p data-start=\"315\" data-end=\"371\"><strong data-start=\"315\" data-end=\"371\">150 \u00d7 100 cm | Molio tinkas, akriliniai da\u017eai | 2025<\/strong><\/p>\n<p data-start=\"373\" data-end=\"647\">\u0160is paveikslas \u2013 tai mano bandymas u\u017efiksuoti akimirk\u0105, kai viskas sustoja. Paj\u016bris, lengvas v\u0117jas, mink\u0161tas sm\u0117lis po kojomis, \u0161viesa tolumoje&#8230; Viskas tarsi kvie\u010dia \u017evilgsn\u012f ir mintis nukeliauti <strong data-start=\"571\" data-end=\"587\">u\u017e horizonto<\/strong> \u2013 ten, kur prasideda vidin\u0117 tyla, svajon\u0117s ar prisiminimai.<\/p>\n<p data-start=\"649\" data-end=\"838\">Fakt\u016brinis pavir\u0161ius, sukurtas naudojant molio tink\u0105, suteikia paveikslui nat\u016bralumo ir gyvumo. \u0160veln\u016bs akrilini\u0173 da\u017e\u0173 per\u0117jimai sukuria erdv\u0117s poj\u016bt\u012f ir leid\u017eia \u017ei\u016brovui \u201e\u012feiti\u201c \u012f peiza\u017e\u0105.<\/p>\n<p data-start=\"840\" data-end=\"1017\"><strong data-start=\"840\" data-end=\"858\">\u201eU\u017e horizonto\u201c<\/strong> \u2013 tai ne tik vaizdas, tai b\u016bsena. Paveikslas puikiai tinka \u0161iuolaikiniam, ramiam interjerui, kuriame svarbus ne tik estetinis gro\u017eis, bet ir emocinis gilumas.<\/p>\n","protected":false},"featured_media":24530,"template":"","meta":[],"class_list":["post-24818","product","type-product","status-publish","has-post-thumbnail","hentry","product_cat-peizazai","product_tag-didelio-formato-paveikslas","product_tag-interjero-dekoras","product_tag-meno-kurinys-svetainei","product_tag-pajurio-motyvai","product_tag-reljefinis-paveikslas","product_tag-siuolaikinis-menas","product_tag-teksturine-tapyba","product_tag-teksturinispaveikslas"],"yoast_head":"<!-- This site is optimized with the Yoast SEO plugin v16.2 - https:\/\/yoast.com\/wordpress\/plugins\/seo\/ -->\n<title>\u201eU\u017e horizonto\u201c modernus tekst\u016brinis paveikslas 150x100cm 2025m. - Interjero Paveikslai<\/title>\n<meta name=\"description\" content=\"\u201eU\u017e horizonto\u201c \u2013 tai ne tik vaizdas, tai b\u016bsena. Paveikslas puikiai tinka \u0161iuolaikiniam, ramiam interjerui\" \/>\n<meta name=\"robots\" content=\"index, follow, max-snippet:-1, max-image-preview:large, max-video-preview:-1\" \/>\n<link rel=\"canonical\" href=\"https:\/\/igartstudija.lt\/produktas\/uz-horizonto-modernus-teksturinis-paveikslas-150x100cm-2025m\/\" \/>\n<meta property=\"og:locale\" content=\"en_US\" \/>\n<meta property=\"og:type\" content=\"article\" \/>\n<meta property=\"og:title\" content=\"\u201eU\u017e horizonto\u201c modernus tekst\u016brinis paveikslas 150x100cm 2025m. - Interjero Paveikslai\" \/>\n<meta property=\"og:description\" content=\"\u201eU\u017e horizonto\u201c \u2013 tai ne tik vaizdas, tai b\u016bsena. Paveikslas puikiai tinka \u0161iuolaikiniam, ramiam interjerui\" \/>\n<meta property=\"og:url\" content=\"https:\/\/igartstudija.lt\/produktas\/uz-horizonto-modernus-teksturinis-paveikslas-150x100cm-2025m\/\" \/>\n<meta property=\"og:site_name\" content=\"Interjero Paveikslai\" \/>\n<meta property=\"article:publisher\" content=\"https:\/\/www.facebook.com\/irina.ges.art\" \/>\n<meta property=\"article:modified_time\" content=\"2026-03-31T04:41:24+00:00\" \/>\n<meta property=\"og:image\" content=\"https:\/\/igartstudija.lt\/wp-content\/uploads\/2025\/10\/IMG_4237.jpg\" \/>\n\t<meta property=\"og:image:width\" content=\"2000\" \/>\n\t<meta property=\"og:image:height\" content=\"1706\" \/>\n<meta name=\"twitter:card\" content=\"summary_large_image\" \/>\n<script type=\"application\/ld+json\" class=\"yoast-schema-graph\">{\"@context\":\"https:\/\/schema.org\",\"@graph\":[{\"@type\":\"Organization\",\"@id\":\"https:\/\/igartstudija.lt\/#organization\",\"name\":\"Irina Ges Art Studija\",\"url\":\"https:\/\/igartstudija.lt\/\",\"sameAs\":[\"https:\/\/www.facebook.com\/irina.ges.art\",\"https:\/\/www.instagram.com\/i.ges_arts\/\"],\"logo\":{\"@type\":\"ImageObject\",\"@id\":\"https:\/\/igartstudija.lt\/#logo\",\"inLanguage\":\"en-US\",\"url\":\"https:\/\/igartstudija.lt\/wp-content\/uploads\/2021\/05\/Group-1.png\",\"contentUrl\":\"https:\/\/igartstudija.lt\/wp-content\/uploads\/2021\/05\/Group-1.png\",\"width\":410,\"height\":84,\"caption\":\"Irina Ges Art Studija\"},\"image\":{\"@id\":\"https:\/\/igartstudija.lt\/#logo\"}},{\"@type\":\"WebSite\",\"@id\":\"https:\/\/igartstudija.lt\/#website\",\"url\":\"https:\/\/igartstudija.lt\/\",\"name\":\"Interjero Paveikslai\",\"description\":\"IGArt studija\",\"publisher\":{\"@id\":\"https:\/\/igartstudija.lt\/#organization\"},\"potentialAction\":[{\"@type\":\"SearchAction\",\"target\":\"https:\/\/igartstudija.lt\/?s={search_term_string}\",\"query-input\":\"required name=search_term_string\"}],\"inLanguage\":\"en-US\"},{\"@type\":\"ImageObject\",\"@id\":\"https:\/\/igartstudija.lt\/produktas\/uz-horizonto-modernus-teksturinis-paveikslas-150x100cm-2025m\/#primaryimage\",\"inLanguage\":\"en-US\",\"url\":\"https:\/\/igartstudija.lt\/wp-content\/uploads\/2025\/10\/IMG_4237.jpg\",\"contentUrl\":\"https:\/\/igartstudija.lt\/wp-content\/uploads\/2025\/10\/IMG_4237.jpg\",\"width\":2000,\"height\":1706,\"caption\":\"Modernus teksturinis paveikslas\"},{\"@type\":\"WebPage\",\"@id\":\"https:\/\/igartstudija.lt\/produktas\/uz-horizonto-modernus-teksturinis-paveikslas-150x100cm-2025m\/#webpage\",\"url\":\"https:\/\/igartstudija.lt\/produktas\/uz-horizonto-modernus-teksturinis-paveikslas-150x100cm-2025m\/\",\"name\":\"\\u201eU\\u017e horizonto\\u201c modernus tekst\\u016brinis paveikslas 150x100cm 2025m. - Interjero Paveikslai\",\"isPartOf\":{\"@id\":\"https:\/\/igartstudija.lt\/#website\"},\"primaryImageOfPage\":{\"@id\":\"https:\/\/igartstudija.lt\/produktas\/uz-horizonto-modernus-teksturinis-paveikslas-150x100cm-2025m\/#primaryimage\"},\"datePublished\":\"2025-12-22T15:46:27+00:00\",\"dateModified\":\"2026-03-31T04:41:24+00:00\",\"description\":\"\\u201eU\\u017e horizonto\\u201c \\u2013 tai ne tik vaizdas, tai b\\u016bsena. Paveikslas puikiai tinka \\u0161iuolaikiniam, ramiam interjerui\",\"breadcrumb\":{\"@id\":\"https:\/\/igartstudija.lt\/produktas\/uz-horizonto-modernus-teksturinis-paveikslas-150x100cm-2025m\/#breadcrumb\"},\"inLanguage\":\"en-US\",\"potentialAction\":[{\"@type\":\"ReadAction\",\"target\":[\"https:\/\/igartstudija.lt\/produktas\/uz-horizonto-modernus-teksturinis-paveikslas-150x100cm-2025m\/\"]}]},{\"@type\":\"BreadcrumbList\",\"@id\":\"https:\/\/igartstudija.lt\/produktas\/uz-horizonto-modernus-teksturinis-paveikslas-150x100cm-2025m\/#breadcrumb\",\"itemListElement\":[{\"@type\":\"ListItem\",\"position\":1,\"item\":{\"@type\":\"WebPage\",\"@id\":\"https:\/\/igartstudija.lt\/en\/\",\"url\":\"https:\/\/igartstudija.lt\/en\/\",\"name\":\"Home\"}},{\"@type\":\"ListItem\",\"position\":2,\"item\":{\"@type\":\"WebPage\",\"@id\":\"https:\/\/igartstudija.lt\/en\/shop\/\",\"url\":\"https:\/\/igartstudija.lt\/en\/shop\/\",\"name\":\"Gallery\"}},{\"@type\":\"ListItem\",\"position\":3,\"item\":{\"@id\":\"https:\/\/igartstudija.lt\/produktas\/uz-horizonto-modernus-teksturinis-paveikslas-150x100cm-2025m\/#webpage\"}}]}]}<\/script>\n<!-- \/ Yoast SEO plugin. -->","_links":{"self":[{"href":"https:\/\/igartstudija.lt\/en\/wp-json\/wp\/v2\/product\/24818","targetHints":{"allow":["GET"]}}],"collection":[{"href":"https:\/\/igartstudija.lt\/en\/wp-json\/wp\/v2\/product"}],"about":[{"href":"https:\/\/igartstudija.lt\/en\/wp-json\/wp\/v2\/types\/product"}],"wp:featuredmedia":[{"embeddable":true,"href":"https:\/\/igartstudija.lt\/en\/wp-json\/wp\/v2\/media\/24530"}],"wp:attachment":[{"href":"https:\/\/igartstudija.lt\/en\/wp-json\/wp\/v2\/media?parent=24818"}],"curies":[{"name":"wp","href":"https:\/\/api.w.org\/{rel}","templated":true}]}}