{"id":24819,"date":"2025-12-22T15:48:11","date_gmt":"2025-12-22T15:48:11","guid":{"rendered":"https:\/\/igartstudija.lt\/?post_type=product&#038;p=24819"},"modified":"2025-12-25T20:16:01","modified_gmt":"2025-12-25T20:16:01","slug":"teksturinis-paveikslas-sukurtas-pagal-uzsakyma-150x100cm-2","status":"publish","type":"product","link":"https:\/\/igartstudija.lt\/en\/produktas\/teksturinis-paveikslas-sukurtas-pagal-uzsakyma-150x100cm-2\/","title":{"rendered":"Tekst\u016brinis paveikslas, sukurtas pagal u\u017esakym\u0105 150x100cm"},"content":{"rendered":"","protected":false},"excerpt":{"rendered":"<p>Tekst\u016brinis paveikslas, sukurtas pagal u\u017esakym\u0105 pagal skaitmeninio k\u016brinio pop art stiliaus motyvus. Perk\u016briau kompozicij\u0105 ir spalvin\u012f sprendim\u0105, prid\u0117jau autorin\u0119 fakt\u016br\u0105, kad darbas gyvoje med\u017eiagoje suskamb\u0117t\u0173 naujai.<\/p>\n","protected":false},"featured_media":24682,"template":"","meta":[],"class_list":["post-24819","product","type-product","status-publish","has-post-thumbnail","hentry","product_cat-kiti","product_tag-modernus-teksturinis-paveikslas","product_tag-reljefinai-paveikslai","product_tag-unikalus-interjero-paveikslas"],"yoast_head":"<!-- This site is optimized with the Yoast SEO plugin v16.2 - https:\/\/yoast.com\/wordpress\/plugins\/seo\/ -->\n<title>Tekst\u016brinis paveikslas, sukurtas pagal u\u017esakym\u0105 150x100cm - Interjero Paveikslai<\/title>\n<meta name=\"robots\" content=\"index, follow, max-snippet:-1, max-image-preview:large, max-video-preview:-1\" \/>\n<link rel=\"canonical\" href=\"https:\/\/igartstudija.lt\/produktas\/teksturinis-paveikslas-sukurtas-pagal-uzsakyma-150x100cm-2\/\" \/>\n<meta property=\"og:locale\" content=\"en_US\" \/>\n<meta property=\"og:type\" content=\"article\" \/>\n<meta property=\"og:title\" content=\"Tekst\u016brinis paveikslas, sukurtas pagal u\u017esakym\u0105 150x100cm - Interjero Paveikslai\" \/>\n<meta property=\"og:description\" content=\"Tekst\u016brinis paveikslas, sukurtas pagal u\u017esakym\u0105 pagal skaitmeninio k\u016brinio pop art stiliaus motyvus. Perk\u016briau kompozicij\u0105 ir spalvin\u012f sprendim\u0105, prid\u0117jau autorin\u0119 fakt\u016br\u0105, kad darbas gyvoje med\u017eiagoje suskamb\u0117t\u0173 naujai.\" \/>\n<meta property=\"og:url\" content=\"https:\/\/igartstudija.lt\/produktas\/teksturinis-paveikslas-sukurtas-pagal-uzsakyma-150x100cm-2\/\" \/>\n<meta property=\"og:site_name\" content=\"Interjero Paveikslai\" \/>\n<meta property=\"article:publisher\" content=\"https:\/\/www.facebook.com\/irina.ges.art\" \/>\n<meta property=\"article:modified_time\" content=\"2025-12-25T20:16:01+00:00\" \/>\n<meta property=\"og:image\" content=\"https:\/\/igartstudija.lt\/wp-content\/uploads\/2025\/12\/IMG_5354-scaled.jpg\" \/>\n\t<meta property=\"og:image:width\" content=\"1707\" \/>\n\t<meta property=\"og:image:height\" content=\"2560\" \/>\n<meta name=\"twitter:card\" content=\"summary_large_image\" \/>\n<script type=\"application\/ld+json\" class=\"yoast-schema-graph\">{\"@context\":\"https:\/\/schema.org\",\"@graph\":[{\"@type\":\"Organization\",\"@id\":\"https:\/\/igartstudija.lt\/#organization\",\"name\":\"Irina Ges Art Studija\",\"url\":\"https:\/\/igartstudija.lt\/\",\"sameAs\":[\"https:\/\/www.facebook.com\/irina.ges.art\",\"https:\/\/www.instagram.com\/i.ges_arts\/\"],\"logo\":{\"@type\":\"ImageObject\",\"@id\":\"https:\/\/igartstudija.lt\/#logo\",\"inLanguage\":\"en-US\",\"url\":\"https:\/\/igartstudija.lt\/wp-content\/uploads\/2021\/05\/Group-1.png\",\"contentUrl\":\"https:\/\/igartstudija.lt\/wp-content\/uploads\/2021\/05\/Group-1.png\",\"width\":410,\"height\":84,\"caption\":\"Irina Ges Art Studija\"},\"image\":{\"@id\":\"https:\/\/igartstudija.lt\/#logo\"}},{\"@type\":\"WebSite\",\"@id\":\"https:\/\/igartstudija.lt\/#website\",\"url\":\"https:\/\/igartstudija.lt\/\",\"name\":\"Interjero Paveikslai\",\"description\":\"IGArt studija\",\"publisher\":{\"@id\":\"https:\/\/igartstudija.lt\/#organization\"},\"potentialAction\":[{\"@type\":\"SearchAction\",\"target\":\"https:\/\/igartstudija.lt\/?s={search_term_string}\",\"query-input\":\"required name=search_term_string\"}],\"inLanguage\":\"en-US\"},{\"@type\":\"ImageObject\",\"@id\":\"https:\/\/igartstudija.lt\/produktas\/teksturinis-paveikslas-sukurtas-pagal-uzsakyma-150x100cm-2\/#primaryimage\",\"inLanguage\":\"en-US\",\"url\":\"https:\/\/igartstudija.lt\/wp-content\/uploads\/2025\/12\/IMG_5354-scaled.jpg\",\"contentUrl\":\"https:\/\/igartstudija.lt\/wp-content\/uploads\/2025\/12\/IMG_5354-scaled.jpg\",\"width\":1707,\"height\":2560},{\"@type\":\"WebPage\",\"@id\":\"https:\/\/igartstudija.lt\/produktas\/teksturinis-paveikslas-sukurtas-pagal-uzsakyma-150x100cm-2\/#webpage\",\"url\":\"https:\/\/igartstudija.lt\/produktas\/teksturinis-paveikslas-sukurtas-pagal-uzsakyma-150x100cm-2\/\",\"name\":\"Tekst\\u016brinis paveikslas, sukurtas pagal u\\u017esakym\\u0105 150x100cm - Interjero Paveikslai\",\"isPartOf\":{\"@id\":\"https:\/\/igartstudija.lt\/#website\"},\"primaryImageOfPage\":{\"@id\":\"https:\/\/igartstudija.lt\/produktas\/teksturinis-paveikslas-sukurtas-pagal-uzsakyma-150x100cm-2\/#primaryimage\"},\"datePublished\":\"2025-12-22T15:48:11+00:00\",\"dateModified\":\"2025-12-25T20:16:01+00:00\",\"breadcrumb\":{\"@id\":\"https:\/\/igartstudija.lt\/produktas\/teksturinis-paveikslas-sukurtas-pagal-uzsakyma-150x100cm-2\/#breadcrumb\"},\"inLanguage\":\"en-US\",\"potentialAction\":[{\"@type\":\"ReadAction\",\"target\":[\"https:\/\/igartstudija.lt\/produktas\/teksturinis-paveikslas-sukurtas-pagal-uzsakyma-150x100cm-2\/\"]}]},{\"@type\":\"BreadcrumbList\",\"@id\":\"https:\/\/igartstudija.lt\/produktas\/teksturinis-paveikslas-sukurtas-pagal-uzsakyma-150x100cm-2\/#breadcrumb\",\"itemListElement\":[{\"@type\":\"ListItem\",\"position\":1,\"item\":{\"@type\":\"WebPage\",\"@id\":\"https:\/\/igartstudija.lt\/en\/\",\"url\":\"https:\/\/igartstudija.lt\/en\/\",\"name\":\"Home\"}},{\"@type\":\"ListItem\",\"position\":2,\"item\":{\"@type\":\"WebPage\",\"@id\":\"https:\/\/igartstudija.lt\/en\/shop\/\",\"url\":\"https:\/\/igartstudija.lt\/en\/shop\/\",\"name\":\"Gallery\"}},{\"@type\":\"ListItem\",\"position\":3,\"item\":{\"@id\":\"https:\/\/igartstudija.lt\/produktas\/teksturinis-paveikslas-sukurtas-pagal-uzsakyma-150x100cm-2\/#webpage\"}}]}]}<\/script>\n<!-- \/ Yoast SEO plugin. -->","_links":{"self":[{"href":"https:\/\/igartstudija.lt\/en\/wp-json\/wp\/v2\/product\/24819","targetHints":{"allow":["GET"]}}],"collection":[{"href":"https:\/\/igartstudija.lt\/en\/wp-json\/wp\/v2\/product"}],"about":[{"href":"https:\/\/igartstudija.lt\/en\/wp-json\/wp\/v2\/types\/product"}],"wp:featuredmedia":[{"embeddable":true,"href":"https:\/\/igartstudija.lt\/en\/wp-json\/wp\/v2\/media\/24682"}],"wp:attachment":[{"href":"https:\/\/igartstudija.lt\/en\/wp-json\/wp\/v2\/media?parent=24819"}],"curies":[{"name":"wp","href":"https:\/\/api.w.org\/{rel}","templated":true}]}}