{"id":24855,"date":"2025-12-22T16:43:57","date_gmt":"2025-12-22T16:43:57","guid":{"rendered":"https:\/\/igartstudija.lt\/?post_type=product&#038;p=24855"},"modified":"2026-03-31T04:40:25","modified_gmt":"2026-03-31T04:40:25","slug":"balansas-teksturinis-diptikas-didelio-dydzio-110x220cm-2025m","status":"publish","type":"product","link":"https:\/\/igartstudija.lt\/en\/produktas\/balansas-teksturinis-diptikas-didelio-dydzio-110x220cm-2025m\/","title":{"rendered":"&#8220;Balansas&#8221; Teksturinis diptikas didelio dyd\u017eio 110x220cm 2025m."},"content":{"rendered":"","protected":false},"excerpt":{"rendered":"<h3 data-start=\"163\" data-end=\"181\"><strong data-start=\"167\" data-end=\"179\">Balansas<\/strong><\/h3>\n<p data-start=\"182\" data-end=\"262\"><strong data-start=\"182\" data-end=\"227\">Tekst\u016brin\u0117 tapyba, diptikas, 110 \u00d7 220 cm<\/strong><br data-start=\"227\" data-end=\"230\" \/><em data-start=\"230\" data-end=\"262\">Molio tinkas, akrilas, 2025 m.<\/em><\/p>\n<p data-start=\"264\" data-end=\"590\">\u00a0 \u0160iame diptike tyrin\u0117ju pusiausvyr\u0105 \u2013 tarp \u0161viesos ir \u0161e\u0161\u0117lio, ramyb\u0117s ir vidin\u0117s \u012ftampos, materijos ir tu\u0161tumos. Tekst\u016brinis pavir\u0161ius formuojamas sluoksniuojant molio tink\u0105, leid\u017eiant med\u017eiagai nat\u016braliai kurti reljef\u0105 ir gilum\u0105. Vertikali linija, jungianti abu paveikslus, tampa tylia a\u0161imi \u2013 vizualiu balanso simboliu.<\/p>\n<p data-start=\"592\" data-end=\"916\">Man svarbu, kad k\u016brinys ne tik b\u016bt\u0173 matomas, bet ir jau\u010diamas \u2013 per fakt\u016br\u0105, \u0161viesos \u017eaism\u0105 ir subtilius ton\u0173 per\u0117jimus. \u0160is tekst\u016brinis diptikas skirtas \u0161iuolaikiniam interjerui, kuriame vertinama ramyb\u0117, minimalizmas ir nat\u016bralios med\u017eiagos. Darbas gali tapti centriniu akcentu gyvenamojoje ar reprezentacin\u0117je erdv\u0117je<\/p>\n","protected":false},"featured_media":24856,"template":"","meta":[],"class_list":["post-24855","product","type-product","status-publish","has-post-thumbnail","hentry","product_cat-abstrakcijosabstrakcijos","product_tag-abstrakcijainterjere","product_tag-didelio-dydzio-paveikslai","product_tag-minimalistinis-dizainas","product_tag-modernus-paveikslas","product_tag-reljefinai-paveikslai","product_tag-reljefinis-paveikslas","product_tag-teksturinis-paveikslas","product_tag-wabi-sabi-art"],"yoast_head":"<!-- This site is optimized with the Yoast SEO plugin v16.2 - https:\/\/yoast.com\/wordpress\/plugins\/seo\/ -->\n<title>&quot;Balansas&quot; Teksturinis diptikas didelio dyd\u017eio 110x220cm 2025m. - Interjero Paveikslai<\/title>\n<meta name=\"description\" content=\"&quot;Balansas&quot; Teksturinis diptikas didelio dyd\u017eio,\u00a0 \u0160iame diptike tyrin\u0117ju pusiausvyr\u0105 \u2013 tarp \u0161viesos ir \u0161e\u0161\u0117lio, ramyb\u0117s ir vidin\u0117s \u012ftampos, materijos ir tu\u0161tumos\" \/>\n<meta name=\"robots\" content=\"index, follow, max-snippet:-1, max-image-preview:large, max-video-preview:-1\" \/>\n<link rel=\"canonical\" href=\"https:\/\/igartstudija.lt\/produktas\/balansas-teksturinis-diptikas-didelio-dydzio-110x220cm-2025m\/\" \/>\n<meta property=\"og:locale\" content=\"en_US\" \/>\n<meta property=\"og:type\" content=\"article\" \/>\n<meta property=\"og:title\" content=\"&quot;Balansas&quot; Teksturinis diptikas didelio dyd\u017eio 110x220cm 2025m. - Interjero Paveikslai\" \/>\n<meta property=\"og:description\" content=\"&quot;Balansas&quot; Teksturinis diptikas didelio dyd\u017eio,\u00a0 \u0160iame diptike tyrin\u0117ju pusiausvyr\u0105 \u2013 tarp \u0161viesos ir \u0161e\u0161\u0117lio, ramyb\u0117s ir vidin\u0117s \u012ftampos, materijos ir tu\u0161tumos\" \/>\n<meta property=\"og:url\" content=\"https:\/\/igartstudija.lt\/produktas\/balansas-teksturinis-diptikas-didelio-dydzio-110x220cm-2025m\/\" \/>\n<meta property=\"og:site_name\" content=\"Interjero Paveikslai\" \/>\n<meta property=\"article:publisher\" content=\"https:\/\/www.facebook.com\/irina.ges.art\" \/>\n<meta property=\"article:modified_time\" content=\"2026-03-31T04:40:25+00:00\" \/>\n<meta property=\"og:image\" content=\"https:\/\/igartstudija.lt\/wp-content\/uploads\/2025\/12\/IMG_3154.jpg\" \/>\n\t<meta property=\"og:image:width\" content=\"1125\" \/>\n\t<meta property=\"og:image:height\" content=\"988\" \/>\n<meta name=\"twitter:card\" content=\"summary_large_image\" \/>\n<script type=\"application\/ld+json\" class=\"yoast-schema-graph\">{\"@context\":\"https:\/\/schema.org\",\"@graph\":[{\"@type\":\"Organization\",\"@id\":\"https:\/\/igartstudija.lt\/#organization\",\"name\":\"Irina Ges Art Studija\",\"url\":\"https:\/\/igartstudija.lt\/\",\"sameAs\":[\"https:\/\/www.facebook.com\/irina.ges.art\",\"https:\/\/www.instagram.com\/i.ges_arts\/\"],\"logo\":{\"@type\":\"ImageObject\",\"@id\":\"https:\/\/igartstudija.lt\/#logo\",\"inLanguage\":\"en-US\",\"url\":\"https:\/\/igartstudija.lt\/wp-content\/uploads\/2021\/05\/Group-1.png\",\"contentUrl\":\"https:\/\/igartstudija.lt\/wp-content\/uploads\/2021\/05\/Group-1.png\",\"width\":410,\"height\":84,\"caption\":\"Irina Ges Art Studija\"},\"image\":{\"@id\":\"https:\/\/igartstudija.lt\/#logo\"}},{\"@type\":\"WebSite\",\"@id\":\"https:\/\/igartstudija.lt\/#website\",\"url\":\"https:\/\/igartstudija.lt\/\",\"name\":\"Interjero Paveikslai\",\"description\":\"IGArt studija\",\"publisher\":{\"@id\":\"https:\/\/igartstudija.lt\/#organization\"},\"potentialAction\":[{\"@type\":\"SearchAction\",\"target\":\"https:\/\/igartstudija.lt\/?s={search_term_string}\",\"query-input\":\"required name=search_term_string\"}],\"inLanguage\":\"en-US\"},{\"@type\":\"ImageObject\",\"@id\":\"https:\/\/igartstudija.lt\/produktas\/balansas-teksturinis-diptikas-didelio-dydzio-110x220cm-2025m\/#primaryimage\",\"inLanguage\":\"en-US\",\"url\":\"https:\/\/igartstudija.lt\/wp-content\/uploads\/2025\/12\/IMG_3154.jpg\",\"contentUrl\":\"https:\/\/igartstudija.lt\/wp-content\/uploads\/2025\/12\/IMG_3154.jpg\",\"width\":1125,\"height\":988,\"caption\":\"Didelio formato teksturinis paveikslas\"},{\"@type\":\"WebPage\",\"@id\":\"https:\/\/igartstudija.lt\/produktas\/balansas-teksturinis-diptikas-didelio-dydzio-110x220cm-2025m\/#webpage\",\"url\":\"https:\/\/igartstudija.lt\/produktas\/balansas-teksturinis-diptikas-didelio-dydzio-110x220cm-2025m\/\",\"name\":\"\\\"Balansas\\\" Teksturinis diptikas didelio dyd\\u017eio 110x220cm 2025m. - Interjero Paveikslai\",\"isPartOf\":{\"@id\":\"https:\/\/igartstudija.lt\/#website\"},\"primaryImageOfPage\":{\"@id\":\"https:\/\/igartstudija.lt\/produktas\/balansas-teksturinis-diptikas-didelio-dydzio-110x220cm-2025m\/#primaryimage\"},\"datePublished\":\"2025-12-22T16:43:57+00:00\",\"dateModified\":\"2026-03-31T04:40:25+00:00\",\"description\":\"\\\"Balansas\\\" Teksturinis diptikas didelio dyd\\u017eio,\\u00a0 \\u0160iame diptike tyrin\\u0117ju pusiausvyr\\u0105 \\u2013 tarp \\u0161viesos ir \\u0161e\\u0161\\u0117lio, ramyb\\u0117s ir vidin\\u0117s \\u012ftampos, materijos ir tu\\u0161tumos\",\"breadcrumb\":{\"@id\":\"https:\/\/igartstudija.lt\/produktas\/balansas-teksturinis-diptikas-didelio-dydzio-110x220cm-2025m\/#breadcrumb\"},\"inLanguage\":\"en-US\",\"potentialAction\":[{\"@type\":\"ReadAction\",\"target\":[\"https:\/\/igartstudija.lt\/produktas\/balansas-teksturinis-diptikas-didelio-dydzio-110x220cm-2025m\/\"]}]},{\"@type\":\"BreadcrumbList\",\"@id\":\"https:\/\/igartstudija.lt\/produktas\/balansas-teksturinis-diptikas-didelio-dydzio-110x220cm-2025m\/#breadcrumb\",\"itemListElement\":[{\"@type\":\"ListItem\",\"position\":1,\"item\":{\"@type\":\"WebPage\",\"@id\":\"https:\/\/igartstudija.lt\/en\/\",\"url\":\"https:\/\/igartstudija.lt\/en\/\",\"name\":\"Home\"}},{\"@type\":\"ListItem\",\"position\":2,\"item\":{\"@type\":\"WebPage\",\"@id\":\"https:\/\/igartstudija.lt\/en\/shop\/\",\"url\":\"https:\/\/igartstudija.lt\/en\/shop\/\",\"name\":\"Gallery\"}},{\"@type\":\"ListItem\",\"position\":3,\"item\":{\"@id\":\"https:\/\/igartstudija.lt\/produktas\/balansas-teksturinis-diptikas-didelio-dydzio-110x220cm-2025m\/#webpage\"}}]}]}<\/script>\n<!-- \/ Yoast SEO plugin. -->","_links":{"self":[{"href":"https:\/\/igartstudija.lt\/en\/wp-json\/wp\/v2\/product\/24855","targetHints":{"allow":["GET"]}}],"collection":[{"href":"https:\/\/igartstudija.lt\/en\/wp-json\/wp\/v2\/product"}],"about":[{"href":"https:\/\/igartstudija.lt\/en\/wp-json\/wp\/v2\/types\/product"}],"wp:featuredmedia":[{"embeddable":true,"href":"https:\/\/igartstudija.lt\/en\/wp-json\/wp\/v2\/media\/24856"}],"wp:attachment":[{"href":"https:\/\/igartstudija.lt\/en\/wp-json\/wp\/v2\/media?parent=24855"}],"curies":[{"name":"wp","href":"https:\/\/api.w.org\/{rel}","templated":true}]}}