{"id":24892,"date":"2025-12-22T17:03:40","date_gmt":"2025-12-22T17:03:40","guid":{"rendered":"https:\/\/igartstudija.lt\/?post_type=product&#038;p=24892"},"modified":"2026-05-02T03:56:14","modified_gmt":"2026-05-02T03:56:14","slug":"erdves-poezija-didelio-formato-teksturinis-paveikslas-110x180cm-2025m","status":"publish","type":"product","link":"https:\/\/igartstudija.lt\/en\/produktas\/erdves-poezija-didelio-formato-teksturinis-paveikslas-110x180cm-2025m\/","title":{"rendered":"&#8220;Erdv\u0117s poezija&#8221; didelio formato tekst\u016brinis paveikslas 110x180cm 2025m."},"content":{"rendered":"","protected":false},"excerpt":{"rendered":"<p data-start=\"464\" data-end=\"726\">\u0160is k\u016brinys gim\u0117 i\u0161 noro pagauti vos juntam\u0105 harmonij\u0105 \u2013 t\u0105, kuri atsiranda tarp linijos, \u0161viesos ir erdv\u0117s kv\u0117pavimo. Ant \u0161velnios molo tinko fakt\u016bros tams\u016bs kont\u016brai juda laisvai, tarsi sekdami vidin\u012f ritm\u0105, kurio negalima i\u0161girsti, ta\u010diau galima pajusti.<\/p>\n<p data-start=\"728\" data-end=\"953\">Man nor\u0117josi sukurti paveiksl\u0105, kuriame \u017evilgsnis gal\u0117t\u0173 keliauti: atrasti gra\u017eias pauzes, tyl\u0173 per\u0117jim\u0105 ir lengv\u0105 spalv\u0173 virp\u0117jim\u0105. \u0160is darbas \u2013 kvietimas \u012f kontempliacij\u0105, \u012f ram\u0173 \u012fkv\u0117pim\u0105, \u012f ma\u017e\u0105 vidin\u0117s \u0161viesos akimirk\u0105.<\/p>\n<p data-start=\"955\" data-end=\"1010\">Mi\u0161r\u012f technika: molo tinkas ir akrilas. Dydis: 110\u00d7180 cm.<\/p>\n","protected":false},"featured_media":24590,"template":"","meta":[],"class_list":["post-24892","product","type-product","status-publish","has-post-thumbnail","hentry","product_cat-interjero-paveikslai"],"yoast_head":"<!-- This site is optimized with the Yoast SEO plugin v16.2 - https:\/\/yoast.com\/wordpress\/plugins\/seo\/ -->\n<title>&quot;Erdv\u0117s poezija&quot; didelio formato tekst\u016brinis paveikslas 110x180cm 2025m. - Interjero Paveikslai<\/title>\n<meta name=\"description\" content=\"&quot;Erdv\u0117s poezija&quot; didelio formato tekst\u016brinis interjerinis paveikslas 110x180cm 2025m.\" \/>\n<meta name=\"robots\" content=\"index, follow, max-snippet:-1, max-image-preview:large, max-video-preview:-1\" \/>\n<link rel=\"canonical\" href=\"https:\/\/igartstudija.lt\/produktas\/erdves-poezija-didelio-formato-teksturinis-paveikslas-110x180cm-2025m\/\" \/>\n<meta property=\"og:locale\" content=\"en_US\" \/>\n<meta property=\"og:type\" content=\"article\" \/>\n<meta property=\"og:title\" content=\"&quot;Erdv\u0117s poezija&quot; didelio formato tekst\u016brinis paveikslas 110x180cm 2025m. - Interjero Paveikslai\" \/>\n<meta property=\"og:description\" content=\"&quot;Erdv\u0117s poezija&quot; didelio formato tekst\u016brinis interjerinis paveikslas 110x180cm 2025m.\" \/>\n<meta property=\"og:url\" content=\"https:\/\/igartstudija.lt\/produktas\/erdves-poezija-didelio-formato-teksturinis-paveikslas-110x180cm-2025m\/\" \/>\n<meta property=\"og:site_name\" content=\"Interjero Paveikslai\" \/>\n<meta property=\"article:publisher\" content=\"https:\/\/www.facebook.com\/irina.ges.art\" \/>\n<meta property=\"article:modified_time\" content=\"2026-05-02T03:56:14+00:00\" \/>\n<meta property=\"og:image\" content=\"https:\/\/igartstudija.lt\/wp-content\/uploads\/2025\/11\/IMG_4657.jpg\" \/>\n\t<meta property=\"og:image:width\" content=\"2000\" \/>\n\t<meta property=\"og:image:height\" content=\"1500\" \/>\n<meta name=\"twitter:card\" content=\"summary_large_image\" \/>\n<script type=\"application\/ld+json\" class=\"yoast-schema-graph\">{\"@context\":\"https:\/\/schema.org\",\"@graph\":[{\"@type\":\"Organization\",\"@id\":\"https:\/\/igartstudija.lt\/#organization\",\"name\":\"Irina Ges Art Studija\",\"url\":\"https:\/\/igartstudija.lt\/\",\"sameAs\":[\"https:\/\/www.facebook.com\/irina.ges.art\",\"https:\/\/www.instagram.com\/i.ges_arts\/\"],\"logo\":{\"@type\":\"ImageObject\",\"@id\":\"https:\/\/igartstudija.lt\/#logo\",\"inLanguage\":\"en-US\",\"url\":\"https:\/\/igartstudija.lt\/wp-content\/uploads\/2021\/05\/Group-1.png\",\"contentUrl\":\"https:\/\/igartstudija.lt\/wp-content\/uploads\/2021\/05\/Group-1.png\",\"width\":410,\"height\":84,\"caption\":\"Irina Ges Art Studija\"},\"image\":{\"@id\":\"https:\/\/igartstudija.lt\/#logo\"}},{\"@type\":\"WebSite\",\"@id\":\"https:\/\/igartstudija.lt\/#website\",\"url\":\"https:\/\/igartstudija.lt\/\",\"name\":\"Interjero Paveikslai\",\"description\":\"IGArt studija\",\"publisher\":{\"@id\":\"https:\/\/igartstudija.lt\/#organization\"},\"potentialAction\":[{\"@type\":\"SearchAction\",\"target\":\"https:\/\/igartstudija.lt\/?s={search_term_string}\",\"query-input\":\"required name=search_term_string\"}],\"inLanguage\":\"en-US\"},{\"@type\":\"ImageObject\",\"@id\":\"https:\/\/igartstudija.lt\/produktas\/erdves-poezija-didelio-formato-teksturinis-paveikslas-110x180cm-2025m\/#primaryimage\",\"inLanguage\":\"en-US\",\"url\":\"https:\/\/igartstudija.lt\/wp-content\/uploads\/2025\/11\/IMG_4657.jpg\",\"contentUrl\":\"https:\/\/igartstudija.lt\/wp-content\/uploads\/2025\/11\/IMG_4657.jpg\",\"width\":2000,\"height\":1500,\"caption\":\"Didelio formato teksturinis interjero paveikslas\"},{\"@type\":\"WebPage\",\"@id\":\"https:\/\/igartstudija.lt\/produktas\/erdves-poezija-didelio-formato-teksturinis-paveikslas-110x180cm-2025m\/#webpage\",\"url\":\"https:\/\/igartstudija.lt\/produktas\/erdves-poezija-didelio-formato-teksturinis-paveikslas-110x180cm-2025m\/\",\"name\":\"\\\"Erdv\\u0117s poezija\\\" didelio formato tekst\\u016brinis paveikslas 110x180cm 2025m. - Interjero Paveikslai\",\"isPartOf\":{\"@id\":\"https:\/\/igartstudija.lt\/#website\"},\"primaryImageOfPage\":{\"@id\":\"https:\/\/igartstudija.lt\/produktas\/erdves-poezija-didelio-formato-teksturinis-paveikslas-110x180cm-2025m\/#primaryimage\"},\"datePublished\":\"2025-12-22T17:03:40+00:00\",\"dateModified\":\"2026-05-02T03:56:14+00:00\",\"description\":\"\\\"Erdv\\u0117s poezija\\\" didelio formato tekst\\u016brinis interjerinis paveikslas 110x180cm 2025m.\",\"breadcrumb\":{\"@id\":\"https:\/\/igartstudija.lt\/produktas\/erdves-poezija-didelio-formato-teksturinis-paveikslas-110x180cm-2025m\/#breadcrumb\"},\"inLanguage\":\"en-US\",\"potentialAction\":[{\"@type\":\"ReadAction\",\"target\":[\"https:\/\/igartstudija.lt\/produktas\/erdves-poezija-didelio-formato-teksturinis-paveikslas-110x180cm-2025m\/\"]}]},{\"@type\":\"BreadcrumbList\",\"@id\":\"https:\/\/igartstudija.lt\/produktas\/erdves-poezija-didelio-formato-teksturinis-paveikslas-110x180cm-2025m\/#breadcrumb\",\"itemListElement\":[{\"@type\":\"ListItem\",\"position\":1,\"item\":{\"@type\":\"WebPage\",\"@id\":\"https:\/\/igartstudija.lt\/en\/\",\"url\":\"https:\/\/igartstudija.lt\/en\/\",\"name\":\"Home\"}},{\"@type\":\"ListItem\",\"position\":2,\"item\":{\"@type\":\"WebPage\",\"@id\":\"https:\/\/igartstudija.lt\/en\/shop\/\",\"url\":\"https:\/\/igartstudija.lt\/en\/shop\/\",\"name\":\"Gallery\"}},{\"@type\":\"ListItem\",\"position\":3,\"item\":{\"@id\":\"https:\/\/igartstudija.lt\/produktas\/erdves-poezija-didelio-formato-teksturinis-paveikslas-110x180cm-2025m\/#webpage\"}}]}]}<\/script>\n<!-- \/ Yoast SEO plugin. -->","_links":{"self":[{"href":"https:\/\/igartstudija.lt\/en\/wp-json\/wp\/v2\/product\/24892","targetHints":{"allow":["GET"]}}],"collection":[{"href":"https:\/\/igartstudija.lt\/en\/wp-json\/wp\/v2\/product"}],"about":[{"href":"https:\/\/igartstudija.lt\/en\/wp-json\/wp\/v2\/types\/product"}],"wp:featuredmedia":[{"embeddable":true,"href":"https:\/\/igartstudija.lt\/en\/wp-json\/wp\/v2\/media\/24590"}],"wp:attachment":[{"href":"https:\/\/igartstudija.lt\/en\/wp-json\/wp\/v2\/media?parent=24892"}],"curies":[{"name":"wp","href":"https:\/\/api.w.org\/{rel}","templated":true}]}}