{"id":24893,"date":"2026-01-10T17:20:08","date_gmt":"2026-01-10T17:20:08","guid":{"rendered":"https:\/\/igartstudija.lt\/?post_type=product&#038;p=24893"},"modified":"2026-03-09T19:13:40","modified_gmt":"2026-03-09T19:13:40","slug":"zemes-kvepavimas-2-90x140cm-2026m","status":"publish","type":"product","link":"https:\/\/igartstudija.lt\/en\/produktas\/zemes-kvepavimas-2-90x140cm-2026m\/","title":{"rendered":"\u201e\u017dem\u0117s kv\u0117pavimas 2\u201c 90x140cm, 2026m."},"content":{"rendered":"","protected":false},"excerpt":{"rendered":"<p class=\"\" data-start=\"439\" data-end=\"770\"><strong data-start=\"439\" data-end=\"461\">\u201e\u017dem\u0117s kv\u0117pavimas 2\u201c<\/strong>\u00a0\u2013 tai modernus tekst\u016brinis paveikslas, perteikiantis gili\u0105 ir tyli\u0105 gamtos stichij\u0173 t\u0117km\u0119.<br data-start=\"552\" data-end=\"555\" \/>\u0160velnios sm\u0117lio, akmens ir vandens ton\u0173 spalvos susilieja \u012f organi\u0161k\u0105 visum\u0105, primenan\u010di\u0105 gyv\u0105, nuolat kintan\u010di\u0105 \u017eem\u0117s kv\u0117pavimo fakt\u016br\u0105.<br data-start=\"694\" data-end=\"697\" \/>\u0160is darbas pripildo erdv\u0119 ramybe, giluma ir nat\u016bralios gyvyb\u0117s poj\u016b\u010diu.<\/p>\n<p class=\"\" data-start=\"775\" data-end=\"903\"><strong data-start=\"775\" data-end=\"785\">Dydis:<\/strong> 90&#215;140 cm<br data-start=\"795\" data-end=\"798\" \/><strong data-start=\"800\" data-end=\"813\">Technika:<\/strong>\u00a0molio tinkas, akrilas ant drob\u0117s.<br data-start=\"847\" data-end=\"850\" \/><strong data-start=\"852\" data-end=\"864\">Stilius:<\/strong>\u00a0moderni tekst\u016brin\u0117 lyrin\u0117 abstrakcija.<\/p>\n","protected":false},"featured_media":24894,"template":"","meta":[],"class_list":["post-24893","product","type-product","status-publish","has-post-thumbnail","hentry","product_cat-kiti"],"yoast_head":"<!-- This site is optimized with the Yoast SEO plugin v16.2 - https:\/\/yoast.com\/wordpress\/plugins\/seo\/ -->\n<title>\u201e\u017dem\u0117s kv\u0117pavimas 2\u201c 90x140cm, 2026m. - Interjero Paveikslai<\/title>\n<meta name=\"robots\" content=\"index, follow, max-snippet:-1, max-image-preview:large, max-video-preview:-1\" \/>\n<link rel=\"canonical\" href=\"https:\/\/igartstudija.lt\/produktas\/zemes-kvepavimas-2-90x140cm-2026m\/\" \/>\n<meta property=\"og:locale\" content=\"en_US\" \/>\n<meta property=\"og:type\" content=\"article\" \/>\n<meta property=\"og:title\" content=\"\u201e\u017dem\u0117s kv\u0117pavimas 2\u201c 90x140cm, 2026m. - Interjero Paveikslai\" \/>\n<meta property=\"og:description\" content=\"\u201e\u017dem\u0117s kv\u0117pavimas 2\u201c\u00a0\u2013 tai modernus tekst\u016brinis paveikslas, perteikiantis gili\u0105 ir tyli\u0105 gamtos stichij\u0173 t\u0117km\u0119.\u0160velnios sm\u0117lio, akmens ir vandens ton\u0173 spalvos susilieja \u012f organi\u0161k\u0105 visum\u0105, primenan\u010di\u0105 gyv\u0105, nuolat kintan\u010di\u0105 \u017eem\u0117s kv\u0117pavimo fakt\u016br\u0105.\u0160is darbas pripildo erdv\u0119 ramybe, giluma ir nat\u016bralios gyvyb\u0117s poj\u016b\u010diu. Dydis: 90x140 cmTechnika:\u00a0molio tinkas, akrilas ant drob\u0117s.Stilius:\u00a0moderni tekst\u016brin\u0117 lyrin\u0117 abstrakcija.\" \/>\n<meta property=\"og:url\" content=\"https:\/\/igartstudija.lt\/produktas\/zemes-kvepavimas-2-90x140cm-2026m\/\" \/>\n<meta property=\"og:site_name\" content=\"Interjero Paveikslai\" \/>\n<meta property=\"article:publisher\" content=\"https:\/\/www.facebook.com\/irina.ges.art\" \/>\n<meta property=\"article:modified_time\" content=\"2026-03-09T19:13:40+00:00\" \/>\n<meta property=\"og:image\" content=\"https:\/\/igartstudija.lt\/wp-content\/uploads\/2026\/01\/IMG_5772-1-scaled.jpg\" \/>\n\t<meta property=\"og:image:width\" content=\"2560\" \/>\n\t<meta property=\"og:image:height\" content=\"1625\" \/>\n<meta name=\"twitter:card\" content=\"summary_large_image\" \/>\n<script type=\"application\/ld+json\" class=\"yoast-schema-graph\">{\"@context\":\"https:\/\/schema.org\",\"@graph\":[{\"@type\":\"Organization\",\"@id\":\"https:\/\/igartstudija.lt\/#organization\",\"name\":\"Irina Ges Art Studija\",\"url\":\"https:\/\/igartstudija.lt\/\",\"sameAs\":[\"https:\/\/www.facebook.com\/irina.ges.art\",\"https:\/\/www.instagram.com\/i.ges_arts\/\"],\"logo\":{\"@type\":\"ImageObject\",\"@id\":\"https:\/\/igartstudija.lt\/#logo\",\"inLanguage\":\"en-US\",\"url\":\"https:\/\/igartstudija.lt\/wp-content\/uploads\/2021\/05\/Group-1.png\",\"contentUrl\":\"https:\/\/igartstudija.lt\/wp-content\/uploads\/2021\/05\/Group-1.png\",\"width\":410,\"height\":84,\"caption\":\"Irina Ges Art Studija\"},\"image\":{\"@id\":\"https:\/\/igartstudija.lt\/#logo\"}},{\"@type\":\"WebSite\",\"@id\":\"https:\/\/igartstudija.lt\/#website\",\"url\":\"https:\/\/igartstudija.lt\/\",\"name\":\"Interjero Paveikslai\",\"description\":\"IGArt studija\",\"publisher\":{\"@id\":\"https:\/\/igartstudija.lt\/#organization\"},\"potentialAction\":[{\"@type\":\"SearchAction\",\"target\":\"https:\/\/igartstudija.lt\/?s={search_term_string}\",\"query-input\":\"required name=search_term_string\"}],\"inLanguage\":\"en-US\"},{\"@type\":\"ImageObject\",\"@id\":\"https:\/\/igartstudija.lt\/produktas\/zemes-kvepavimas-2-90x140cm-2026m\/#primaryimage\",\"inLanguage\":\"en-US\",\"url\":\"https:\/\/igartstudija.lt\/wp-content\/uploads\/2026\/01\/IMG_5772-1-scaled.jpg\",\"contentUrl\":\"https:\/\/igartstudija.lt\/wp-content\/uploads\/2026\/01\/IMG_5772-1-scaled.jpg\",\"width\":2560,\"height\":1625,\"caption\":\"moderni tekst\\u016brin\\u0117 lyrin\\u0117 abstrakcija.\"},{\"@type\":\"WebPage\",\"@id\":\"https:\/\/igartstudija.lt\/produktas\/zemes-kvepavimas-2-90x140cm-2026m\/#webpage\",\"url\":\"https:\/\/igartstudija.lt\/produktas\/zemes-kvepavimas-2-90x140cm-2026m\/\",\"name\":\"\\u201e\\u017dem\\u0117s kv\\u0117pavimas 2\\u201c 90x140cm, 2026m. - Interjero Paveikslai\",\"isPartOf\":{\"@id\":\"https:\/\/igartstudija.lt\/#website\"},\"primaryImageOfPage\":{\"@id\":\"https:\/\/igartstudija.lt\/produktas\/zemes-kvepavimas-2-90x140cm-2026m\/#primaryimage\"},\"datePublished\":\"2026-01-10T17:20:08+00:00\",\"dateModified\":\"2026-03-09T19:13:40+00:00\",\"breadcrumb\":{\"@id\":\"https:\/\/igartstudija.lt\/produktas\/zemes-kvepavimas-2-90x140cm-2026m\/#breadcrumb\"},\"inLanguage\":\"en-US\",\"potentialAction\":[{\"@type\":\"ReadAction\",\"target\":[\"https:\/\/igartstudija.lt\/produktas\/zemes-kvepavimas-2-90x140cm-2026m\/\"]}]},{\"@type\":\"BreadcrumbList\",\"@id\":\"https:\/\/igartstudija.lt\/produktas\/zemes-kvepavimas-2-90x140cm-2026m\/#breadcrumb\",\"itemListElement\":[{\"@type\":\"ListItem\",\"position\":1,\"item\":{\"@type\":\"WebPage\",\"@id\":\"https:\/\/igartstudija.lt\/en\/\",\"url\":\"https:\/\/igartstudija.lt\/en\/\",\"name\":\"Home\"}},{\"@type\":\"ListItem\",\"position\":2,\"item\":{\"@type\":\"WebPage\",\"@id\":\"https:\/\/igartstudija.lt\/en\/shop\/\",\"url\":\"https:\/\/igartstudija.lt\/en\/shop\/\",\"name\":\"Gallery\"}},{\"@type\":\"ListItem\",\"position\":3,\"item\":{\"@id\":\"https:\/\/igartstudija.lt\/produktas\/zemes-kvepavimas-2-90x140cm-2026m\/#webpage\"}}]}]}<\/script>\n<!-- \/ Yoast SEO plugin. -->","_links":{"self":[{"href":"https:\/\/igartstudija.lt\/en\/wp-json\/wp\/v2\/product\/24893","targetHints":{"allow":["GET"]}}],"collection":[{"href":"https:\/\/igartstudija.lt\/en\/wp-json\/wp\/v2\/product"}],"about":[{"href":"https:\/\/igartstudija.lt\/en\/wp-json\/wp\/v2\/types\/product"}],"wp:featuredmedia":[{"embeddable":true,"href":"https:\/\/igartstudija.lt\/en\/wp-json\/wp\/v2\/media\/24894"}],"wp:attachment":[{"href":"https:\/\/igartstudija.lt\/en\/wp-json\/wp\/v2\/media?parent=24893"}],"curies":[{"name":"wp","href":"https:\/\/api.w.org\/{rel}","templated":true}]}}