{"id":24906,"date":"2026-01-24T14:13:57","date_gmt":"2026-01-24T14:13:57","guid":{"rendered":"https:\/\/igartstudija.lt\/?post_type=product&#038;p=24906"},"modified":"2026-04-07T05:06:40","modified_gmt":"2026-04-07T05:06:40","slug":"zemes-kvepavimas-iii-didelio-formato-teksturinis-paveikslas-90-x-180-cm","status":"publish","type":"product","link":"https:\/\/igartstudija.lt\/en\/produktas\/zemes-kvepavimas-iii-didelio-formato-teksturinis-paveikslas-90-x-180-cm\/","title":{"rendered":"\u017dem\u0117s kv\u0117pavimas III  Didelio formato tekst\u016brinis paveikslas, 90 \u00d7 180 cm"},"content":{"rendered":"","protected":false},"excerpt":{"rendered":"<h3 data-start=\"140\" data-end=\"170\"><strong data-start=\"144\" data-end=\"168\">\u017dem\u0117s kv\u0117pavimas III<\/strong><\/h3>\n<p data-start=\"171\" data-end=\"286\"><strong data-start=\"171\" data-end=\"226\">Didelio formato tekst\u016brinis paveikslas, 90 \u00d7 180 cm<\/strong><br data-start=\"226\" data-end=\"229\" \/><em data-start=\"229\" data-end=\"286\">Mi\u0161ri technika: molio tinkas, akriliniai da\u017eai, 2026 m.<\/em><\/p>\n<p data-start=\"288\" data-end=\"669\"><strong data-start=\"288\" data-end=\"669\">\u201e\u0160iame k\u016brinyje t\u0119siu \u017eem\u0117s, kaip gyvos ir nuolat kintan\u010dios materijos, tem\u0105. Sluoksniuodama molio tink\u0105 ir akrilinius da\u017eus leid\u017eiu pavir\u0161iui formuotis nat\u016braliai \u2013 per judes\u012f, fakt\u016br\u0105 ir spalv\u0173 susiliejim\u0105. Reljefas ir ton\u0173 gylis kuria l\u0117to, gilaus kv\u0117pavimo poj\u016bt\u012f. Man svarbu, kad paveikslas ne tik b\u016bt\u0173 matomas, bet ir jau\u010diamas \u2013 kaip ramus, bet stiprus buvimas erdv\u0117je.\u201c<\/strong><\/p>\n","protected":false},"featured_media":24921,"template":"","meta":[],"class_list":["post-24906","product","type-product","status-publish","has-post-thumbnail","hentry","product_cat-abstrakcijosabstrakcijos","product_tag-didelio-dydzio-paveikslai","product_tag-didelio-dydzio-teksturinis-paveikslas","product_tag-moderni-abstrakcija","product_tag-moderni-teksturine-abstrakcija","product_tag-reljefinai-paveikslai"],"yoast_head":"<!-- This site is optimized with the Yoast SEO plugin v16.2 - https:\/\/yoast.com\/wordpress\/plugins\/seo\/ -->\n<title>\u017dem\u0117s kv\u0117pavimas III Didelio formato tekst\u016brinis paveikslas, 90 \u00d7 180 cm - Interjero Paveikslai<\/title>\n<meta name=\"description\" content=\"\u017dem\u0117s kv\u0117pavimas III Didelio formato tekst\u016brinis paveikslas, 90 \u00d7 180 cm\" \/>\n<meta name=\"robots\" content=\"index, follow, max-snippet:-1, max-image-preview:large, max-video-preview:-1\" \/>\n<link rel=\"canonical\" href=\"https:\/\/igartstudija.lt\/produktas\/zemes-kvepavimas-iii-didelio-formato-teksturinis-paveikslas-90-x-180-cm\/\" \/>\n<meta property=\"og:locale\" content=\"en_US\" \/>\n<meta property=\"og:type\" content=\"article\" \/>\n<meta property=\"og:title\" content=\"\u017dem\u0117s kv\u0117pavimas III Didelio formato tekst\u016brinis paveikslas, 90 \u00d7 180 cm - Interjero Paveikslai\" \/>\n<meta property=\"og:description\" content=\"\u017dem\u0117s kv\u0117pavimas III Didelio formato tekst\u016brinis paveikslas, 90 \u00d7 180 cm\" \/>\n<meta property=\"og:url\" content=\"https:\/\/igartstudija.lt\/produktas\/zemes-kvepavimas-iii-didelio-formato-teksturinis-paveikslas-90-x-180-cm\/\" \/>\n<meta property=\"og:site_name\" content=\"Interjero Paveikslai\" \/>\n<meta property=\"article:publisher\" content=\"https:\/\/www.facebook.com\/irina.ges.art\" \/>\n<meta property=\"article:modified_time\" content=\"2026-04-07T05:06:40+00:00\" \/>\n<meta property=\"og:image\" content=\"https:\/\/igartstudija.lt\/wp-content\/uploads\/2026\/01\/IMG_5919.jpg\" \/>\n\t<meta property=\"og:image:width\" content=\"1800\" \/>\n\t<meta property=\"og:image:height\" content=\"1800\" \/>\n<meta name=\"twitter:card\" content=\"summary_large_image\" \/>\n<script type=\"application\/ld+json\" class=\"yoast-schema-graph\">{\"@context\":\"https:\/\/schema.org\",\"@graph\":[{\"@type\":\"Organization\",\"@id\":\"https:\/\/igartstudija.lt\/#organization\",\"name\":\"Irina Ges Art Studija\",\"url\":\"https:\/\/igartstudija.lt\/\",\"sameAs\":[\"https:\/\/www.facebook.com\/irina.ges.art\",\"https:\/\/www.instagram.com\/i.ges_arts\/\"],\"logo\":{\"@type\":\"ImageObject\",\"@id\":\"https:\/\/igartstudija.lt\/#logo\",\"inLanguage\":\"en-US\",\"url\":\"https:\/\/igartstudija.lt\/wp-content\/uploads\/2021\/05\/Group-1.png\",\"contentUrl\":\"https:\/\/igartstudija.lt\/wp-content\/uploads\/2021\/05\/Group-1.png\",\"width\":410,\"height\":84,\"caption\":\"Irina Ges Art Studija\"},\"image\":{\"@id\":\"https:\/\/igartstudija.lt\/#logo\"}},{\"@type\":\"WebSite\",\"@id\":\"https:\/\/igartstudija.lt\/#website\",\"url\":\"https:\/\/igartstudija.lt\/\",\"name\":\"Interjero Paveikslai\",\"description\":\"IGArt studija\",\"publisher\":{\"@id\":\"https:\/\/igartstudija.lt\/#organization\"},\"potentialAction\":[{\"@type\":\"SearchAction\",\"target\":\"https:\/\/igartstudija.lt\/?s={search_term_string}\",\"query-input\":\"required name=search_term_string\"}],\"inLanguage\":\"en-US\"},{\"@type\":\"ImageObject\",\"@id\":\"https:\/\/igartstudija.lt\/produktas\/zemes-kvepavimas-iii-didelio-formato-teksturinis-paveikslas-90-x-180-cm\/#primaryimage\",\"inLanguage\":\"en-US\",\"url\":\"https:\/\/igartstudija.lt\/wp-content\/uploads\/2026\/01\/IMG_5919.jpg\",\"contentUrl\":\"https:\/\/igartstudija.lt\/wp-content\/uploads\/2026\/01\/IMG_5919.jpg\",\"width\":1800,\"height\":1800,\"caption\":\"didelio formato reljefinis paveikslas\"},{\"@type\":\"WebPage\",\"@id\":\"https:\/\/igartstudija.lt\/produktas\/zemes-kvepavimas-iii-didelio-formato-teksturinis-paveikslas-90-x-180-cm\/#webpage\",\"url\":\"https:\/\/igartstudija.lt\/produktas\/zemes-kvepavimas-iii-didelio-formato-teksturinis-paveikslas-90-x-180-cm\/\",\"name\":\"\\u017dem\\u0117s kv\\u0117pavimas III Didelio formato tekst\\u016brinis paveikslas, 90 \\u00d7 180 cm - Interjero Paveikslai\",\"isPartOf\":{\"@id\":\"https:\/\/igartstudija.lt\/#website\"},\"primaryImageOfPage\":{\"@id\":\"https:\/\/igartstudija.lt\/produktas\/zemes-kvepavimas-iii-didelio-formato-teksturinis-paveikslas-90-x-180-cm\/#primaryimage\"},\"datePublished\":\"2026-01-24T14:13:57+00:00\",\"dateModified\":\"2026-04-07T05:06:40+00:00\",\"description\":\"\\u017dem\\u0117s kv\\u0117pavimas III Didelio formato tekst\\u016brinis paveikslas, 90 \\u00d7 180 cm\",\"breadcrumb\":{\"@id\":\"https:\/\/igartstudija.lt\/produktas\/zemes-kvepavimas-iii-didelio-formato-teksturinis-paveikslas-90-x-180-cm\/#breadcrumb\"},\"inLanguage\":\"en-US\",\"potentialAction\":[{\"@type\":\"ReadAction\",\"target\":[\"https:\/\/igartstudija.lt\/produktas\/zemes-kvepavimas-iii-didelio-formato-teksturinis-paveikslas-90-x-180-cm\/\"]}]},{\"@type\":\"BreadcrumbList\",\"@id\":\"https:\/\/igartstudija.lt\/produktas\/zemes-kvepavimas-iii-didelio-formato-teksturinis-paveikslas-90-x-180-cm\/#breadcrumb\",\"itemListElement\":[{\"@type\":\"ListItem\",\"position\":1,\"item\":{\"@type\":\"WebPage\",\"@id\":\"https:\/\/igartstudija.lt\/en\/\",\"url\":\"https:\/\/igartstudija.lt\/en\/\",\"name\":\"Home\"}},{\"@type\":\"ListItem\",\"position\":2,\"item\":{\"@type\":\"WebPage\",\"@id\":\"https:\/\/igartstudija.lt\/en\/shop\/\",\"url\":\"https:\/\/igartstudija.lt\/en\/shop\/\",\"name\":\"Gallery\"}},{\"@type\":\"ListItem\",\"position\":3,\"item\":{\"@id\":\"https:\/\/igartstudija.lt\/produktas\/zemes-kvepavimas-iii-didelio-formato-teksturinis-paveikslas-90-x-180-cm\/#webpage\"}}]}]}<\/script>\n<!-- \/ Yoast SEO plugin. -->","_links":{"self":[{"href":"https:\/\/igartstudija.lt\/en\/wp-json\/wp\/v2\/product\/24906","targetHints":{"allow":["GET"]}}],"collection":[{"href":"https:\/\/igartstudija.lt\/en\/wp-json\/wp\/v2\/product"}],"about":[{"href":"https:\/\/igartstudija.lt\/en\/wp-json\/wp\/v2\/types\/product"}],"wp:featuredmedia":[{"embeddable":true,"href":"https:\/\/igartstudija.lt\/en\/wp-json\/wp\/v2\/media\/24921"}],"wp:attachment":[{"href":"https:\/\/igartstudija.lt\/en\/wp-json\/wp\/v2\/media?parent=24906"}],"curies":[{"name":"wp","href":"https:\/\/api.w.org\/{rel}","templated":true}]}}