{"id":24937,"date":"2026-02-05T15:56:38","date_gmt":"2026-02-05T15:56:38","guid":{"rendered":"https:\/\/igartstudija.lt\/?post_type=product&#038;p=24937"},"modified":"2026-03-31T04:39:35","modified_gmt":"2026-03-31T04:39:35","slug":"sviesi-diena-reljefinis-paveikslas-140-x-100-cm-2026m","status":"publish","type":"product","link":"https:\/\/igartstudija.lt\/en\/produktas\/sviesi-diena-reljefinis-paveikslas-140-x-100-cm-2026m\/","title":{"rendered":"&#8220;\u0160viesi diena&#8221; reljefinis paveikslas  140 \u00d7 100 cm, 2026m."},"content":{"rendered":"","protected":false},"excerpt":{"rendered":"<h3 data-start=\"96\" data-end=\"118\"><strong data-start=\"100\" data-end=\"116\">\u0160viesi diena reljefinis paveikslas<\/strong><\/h3>\n<p data-start=\"119\" data-end=\"177\"><strong data-start=\"119\" data-end=\"135\">140 \u00d7 100 cm<\/strong><br data-start=\"135\" data-end=\"138\" \/><em data-start=\"138\" data-end=\"177\">Mi\u0161ri technika: molio tinkas, akrilas<\/em><\/p>\n<p data-start=\"179\" data-end=\"437\">\u0160iame k\u016brinyje man buvo svarbu perteikti \u0161ilumos ir vasaros poj\u016bt\u012f \u2013 lengv\u0105, saul\u0117s prisodrint\u0105 dien\u0105, kupin\u0105 ramyb\u0117s ir nat\u016bralios harmonijos. Dirbdama su fakt\u016bra ir \u0161velniais spalv\u0173 per\u0117jimais leidau med\u017eiagoms susilieti laisvai, tarsi vasaros aromatams ore. \u0160is paveikslas kuria jauki\u0105, \u0161ilt\u0105 nuotaik\u0105 ir nat\u016braliai \u012fsilieja \u012f gyvenam\u0105j\u0105 erdv\u0119.<\/p>\n","protected":false},"featured_media":24960,"template":"","meta":[],"class_list":["post-24937","product","type-product","status-publish","has-post-thumbnail","hentry","product_cat-interjero-paveikslai","product_cat-peizazai","product_tag-dideliodydziopaveikslas","product_tag-didelioormatopaveikslas","product_tag-modernuspaveikslas","product_tag-paveikslasapievasara","product_tag-paveikslasinterjerui","product_tag-paveikslaspagaluzsakymo","product_tag-paveikslaspardavimui","product_tag-reljefinispaveikslas","product_tag-teksturinispaveikslas"],"yoast_head":"<!-- This site is optimized with the Yoast SEO plugin v16.2 - https:\/\/yoast.com\/wordpress\/plugins\/seo\/ -->\n<title>&quot;\u0160viesi diena&quot; reljefinis paveikslas 140 \u00d7 100 cm, 2026m. - Interjero Paveikslai<\/title>\n<meta name=\"description\" content=\"Didelio dydzio reljefinis paveikslas apie vasara 140x100cm\" \/>\n<meta name=\"robots\" content=\"index, follow, max-snippet:-1, max-image-preview:large, max-video-preview:-1\" \/>\n<link rel=\"canonical\" href=\"https:\/\/igartstudija.lt\/produktas\/sviesi-diena-reljefinis-paveikslas-140-x-100-cm-2026m\/\" \/>\n<meta property=\"og:locale\" content=\"en_US\" \/>\n<meta property=\"og:type\" content=\"article\" \/>\n<meta property=\"og:title\" content=\"&quot;\u0160viesi diena&quot; reljefinis paveikslas 140 \u00d7 100 cm, 2026m. - Interjero Paveikslai\" \/>\n<meta property=\"og:description\" content=\"Didelio dydzio reljefinis paveikslas apie vasara 140x100cm\" \/>\n<meta property=\"og:url\" content=\"https:\/\/igartstudija.lt\/produktas\/sviesi-diena-reljefinis-paveikslas-140-x-100-cm-2026m\/\" \/>\n<meta property=\"og:site_name\" content=\"Interjero Paveikslai\" \/>\n<meta property=\"article:publisher\" content=\"https:\/\/www.facebook.com\/irina.ges.art\" \/>\n<meta property=\"article:modified_time\" content=\"2026-03-31T04:39:35+00:00\" \/>\n<meta property=\"og:image\" content=\"https:\/\/igartstudija.lt\/wp-content\/uploads\/2026\/02\/IMG_6055.jpg\" \/>\n\t<meta property=\"og:image:width\" content=\"960\" \/>\n\t<meta property=\"og:image:height\" content=\"1275\" \/>\n<meta name=\"twitter:card\" content=\"summary_large_image\" \/>\n<script type=\"application\/ld+json\" class=\"yoast-schema-graph\">{\"@context\":\"https:\/\/schema.org\",\"@graph\":[{\"@type\":\"Organization\",\"@id\":\"https:\/\/igartstudija.lt\/#organization\",\"name\":\"Irina Ges Art Studija\",\"url\":\"https:\/\/igartstudija.lt\/\",\"sameAs\":[\"https:\/\/www.facebook.com\/irina.ges.art\",\"https:\/\/www.instagram.com\/i.ges_arts\/\"],\"logo\":{\"@type\":\"ImageObject\",\"@id\":\"https:\/\/igartstudija.lt\/#logo\",\"inLanguage\":\"en-US\",\"url\":\"https:\/\/igartstudija.lt\/wp-content\/uploads\/2021\/05\/Group-1.png\",\"contentUrl\":\"https:\/\/igartstudija.lt\/wp-content\/uploads\/2021\/05\/Group-1.png\",\"width\":410,\"height\":84,\"caption\":\"Irina Ges Art Studija\"},\"image\":{\"@id\":\"https:\/\/igartstudija.lt\/#logo\"}},{\"@type\":\"WebSite\",\"@id\":\"https:\/\/igartstudija.lt\/#website\",\"url\":\"https:\/\/igartstudija.lt\/\",\"name\":\"Interjero Paveikslai\",\"description\":\"IGArt studija\",\"publisher\":{\"@id\":\"https:\/\/igartstudija.lt\/#organization\"},\"potentialAction\":[{\"@type\":\"SearchAction\",\"target\":\"https:\/\/igartstudija.lt\/?s={search_term_string}\",\"query-input\":\"required name=search_term_string\"}],\"inLanguage\":\"en-US\"},{\"@type\":\"ImageObject\",\"@id\":\"https:\/\/igartstudija.lt\/produktas\/sviesi-diena-reljefinis-paveikslas-140-x-100-cm-2026m\/#primaryimage\",\"inLanguage\":\"en-US\",\"url\":\"https:\/\/igartstudija.lt\/wp-content\/uploads\/2026\/02\/IMG_6055.jpg\",\"contentUrl\":\"https:\/\/igartstudija.lt\/wp-content\/uploads\/2026\/02\/IMG_6055.jpg\",\"width\":960,\"height\":1275,\"caption\":\"Didelio formato reljefinis paeikslas apie vasara\"},{\"@type\":\"WebPage\",\"@id\":\"https:\/\/igartstudija.lt\/produktas\/sviesi-diena-reljefinis-paveikslas-140-x-100-cm-2026m\/#webpage\",\"url\":\"https:\/\/igartstudija.lt\/produktas\/sviesi-diena-reljefinis-paveikslas-140-x-100-cm-2026m\/\",\"name\":\"\\\"\\u0160viesi diena\\\" reljefinis paveikslas 140 \\u00d7 100 cm, 2026m. - Interjero Paveikslai\",\"isPartOf\":{\"@id\":\"https:\/\/igartstudija.lt\/#website\"},\"primaryImageOfPage\":{\"@id\":\"https:\/\/igartstudija.lt\/produktas\/sviesi-diena-reljefinis-paveikslas-140-x-100-cm-2026m\/#primaryimage\"},\"datePublished\":\"2026-02-05T15:56:38+00:00\",\"dateModified\":\"2026-03-31T04:39:35+00:00\",\"description\":\"Didelio dydzio reljefinis paveikslas apie vasara 140x100cm\",\"breadcrumb\":{\"@id\":\"https:\/\/igartstudija.lt\/produktas\/sviesi-diena-reljefinis-paveikslas-140-x-100-cm-2026m\/#breadcrumb\"},\"inLanguage\":\"en-US\",\"potentialAction\":[{\"@type\":\"ReadAction\",\"target\":[\"https:\/\/igartstudija.lt\/produktas\/sviesi-diena-reljefinis-paveikslas-140-x-100-cm-2026m\/\"]}]},{\"@type\":\"BreadcrumbList\",\"@id\":\"https:\/\/igartstudija.lt\/produktas\/sviesi-diena-reljefinis-paveikslas-140-x-100-cm-2026m\/#breadcrumb\",\"itemListElement\":[{\"@type\":\"ListItem\",\"position\":1,\"item\":{\"@type\":\"WebPage\",\"@id\":\"https:\/\/igartstudija.lt\/en\/\",\"url\":\"https:\/\/igartstudija.lt\/en\/\",\"name\":\"Home\"}},{\"@type\":\"ListItem\",\"position\":2,\"item\":{\"@type\":\"WebPage\",\"@id\":\"https:\/\/igartstudija.lt\/en\/shop\/\",\"url\":\"https:\/\/igartstudija.lt\/en\/shop\/\",\"name\":\"Gallery\"}},{\"@type\":\"ListItem\",\"position\":3,\"item\":{\"@id\":\"https:\/\/igartstudija.lt\/produktas\/sviesi-diena-reljefinis-paveikslas-140-x-100-cm-2026m\/#webpage\"}}]}]}<\/script>\n<!-- \/ Yoast SEO plugin. -->","_links":{"self":[{"href":"https:\/\/igartstudija.lt\/en\/wp-json\/wp\/v2\/product\/24937","targetHints":{"allow":["GET"]}}],"collection":[{"href":"https:\/\/igartstudija.lt\/en\/wp-json\/wp\/v2\/product"}],"about":[{"href":"https:\/\/igartstudija.lt\/en\/wp-json\/wp\/v2\/types\/product"}],"wp:featuredmedia":[{"embeddable":true,"href":"https:\/\/igartstudija.lt\/en\/wp-json\/wp\/v2\/media\/24960"}],"wp:attachment":[{"href":"https:\/\/igartstudija.lt\/en\/wp-json\/wp\/v2\/media?parent=24937"}],"curies":[{"name":"wp","href":"https:\/\/api.w.org\/{rel}","templated":true}]}}