{"id":24962,"date":"2026-02-13T19:26:14","date_gmt":"2026-02-13T19:26:14","guid":{"rendered":"https:\/\/igartstudija.lt\/?post_type=product&#038;p=24962"},"modified":"2026-03-31T04:39:21","modified_gmt":"2026-03-31T04:39:21","slug":"judejimo-zenklai-reljefinis-paveikslas-2026m-140x90-cm-wabi-sabi-art","status":"publish","type":"product","link":"https:\/\/igartstudija.lt\/en\/produktas\/judejimo-zenklai-reljefinis-paveikslas-2026m-140x90-cm-wabi-sabi-art\/","title":{"rendered":"\u201eJud\u0117jimo \u017eenklai\u201c \u2013 reljefinis paveikslas 2026m.140\u00d790 cm | wabi-sabi art"},"content":{"rendered":"","protected":false},"excerpt":{"rendered":"<div dir=\"auto\">Judesys, sustabdytas ant drob\u0117s.<\/div>\n<div dir=\"auto\">Reljefas, kuris kalba l\u0117\u010diau nei mintys.<\/div>\n<div dir=\"auto\">\u0160iame k\u016brinyje \u2013 \u017eenklai, kurie gali tur\u0117ti t\u016bkstan\u010dius prasmi\u0173, arba nei vienos. \u201eJud\u0117jimo \u017eenklai\u201c \u2013 paveikslas, gim\u0119s i\u0161 steb\u0117jimo, tylos ir vidinio impulso.<\/div>\n<div dir=\"auto\">140\u00d790 cm |<\/div>\n","protected":false},"featured_media":24963,"template":"","meta":[],"class_list":["post-24962","product","type-product","status-publish","has-post-thumbnail","hentry","product_cat-interjero-paveikslai","product_tag-mdernus-paveikslas","product_tag-paveikslas-pardavimui","product_tag-reljefinis-paveiklsas","product_tag-teksturinis-paeikslas","product_tag-wabi-sabi-art","product_tag-wabi-sabi-interjeras"],"yoast_head":"<!-- This site is optimized with the Yoast SEO plugin v16.2 - https:\/\/yoast.com\/wordpress\/plugins\/seo\/ -->\n<title>\u201eJud\u0117jimo \u017eenklai\u201c \u2013 reljefinis paveikslas 2026m.140\u00d790 cm | wabi-sabi art - Interjero Paveikslai<\/title>\n<meta name=\"description\" content=\"&quot;Jud\u0117jimo \u017eenklai\u201c \u2013 reljefinis paveikslas 2026m.140\u00d790 cm | wabi-sabi art \u2013 paveikslas, gim\u0119s i\u0161 steb\u0117jimo, tylos ir vidinio impulso.\" \/>\n<meta name=\"robots\" content=\"index, follow, max-snippet:-1, max-image-preview:large, max-video-preview:-1\" \/>\n<link rel=\"canonical\" href=\"https:\/\/igartstudija.lt\/produktas\/judejimo-zenklai-reljefinis-paveikslas-2026m-140x90-cm-wabi-sabi-art\/\" \/>\n<meta property=\"og:locale\" content=\"en_US\" \/>\n<meta property=\"og:type\" content=\"article\" \/>\n<meta property=\"og:title\" content=\"\u201eJud\u0117jimo \u017eenklai\u201c \u2013 reljefinis paveikslas 2026m.140\u00d790 cm | wabi-sabi art - Interjero Paveikslai\" \/>\n<meta property=\"og:description\" content=\"&quot;Jud\u0117jimo \u017eenklai\u201c \u2013 reljefinis paveikslas 2026m.140\u00d790 cm | wabi-sabi art \u2013 paveikslas, gim\u0119s i\u0161 steb\u0117jimo, tylos ir vidinio impulso.\" \/>\n<meta property=\"og:url\" content=\"https:\/\/igartstudija.lt\/produktas\/judejimo-zenklai-reljefinis-paveikslas-2026m-140x90-cm-wabi-sabi-art\/\" \/>\n<meta property=\"og:site_name\" content=\"Interjero Paveikslai\" \/>\n<meta property=\"article:publisher\" content=\"https:\/\/www.facebook.com\/irina.ges.art\" \/>\n<meta property=\"article:modified_time\" content=\"2026-03-31T04:39:21+00:00\" \/>\n<meta property=\"og:image\" content=\"https:\/\/igartstudija.lt\/wp-content\/uploads\/2026\/02\/IMG_6284-1.jpg\" \/>\n\t<meta property=\"og:image:width\" content=\"1090\" \/>\n\t<meta property=\"og:image:height\" content=\"1090\" \/>\n<meta name=\"twitter:card\" content=\"summary_large_image\" \/>\n<script type=\"application\/ld+json\" class=\"yoast-schema-graph\">{\"@context\":\"https:\/\/schema.org\",\"@graph\":[{\"@type\":\"Organization\",\"@id\":\"https:\/\/igartstudija.lt\/#organization\",\"name\":\"Irina Ges Art Studija\",\"url\":\"https:\/\/igartstudija.lt\/\",\"sameAs\":[\"https:\/\/www.facebook.com\/irina.ges.art\",\"https:\/\/www.instagram.com\/i.ges_arts\/\"],\"logo\":{\"@type\":\"ImageObject\",\"@id\":\"https:\/\/igartstudija.lt\/#logo\",\"inLanguage\":\"en-US\",\"url\":\"https:\/\/igartstudija.lt\/wp-content\/uploads\/2021\/05\/Group-1.png\",\"contentUrl\":\"https:\/\/igartstudija.lt\/wp-content\/uploads\/2021\/05\/Group-1.png\",\"width\":410,\"height\":84,\"caption\":\"Irina Ges Art Studija\"},\"image\":{\"@id\":\"https:\/\/igartstudija.lt\/#logo\"}},{\"@type\":\"WebSite\",\"@id\":\"https:\/\/igartstudija.lt\/#website\",\"url\":\"https:\/\/igartstudija.lt\/\",\"name\":\"Interjero Paveikslai\",\"description\":\"IGArt studija\",\"publisher\":{\"@id\":\"https:\/\/igartstudija.lt\/#organization\"},\"potentialAction\":[{\"@type\":\"SearchAction\",\"target\":\"https:\/\/igartstudija.lt\/?s={search_term_string}\",\"query-input\":\"required name=search_term_string\"}],\"inLanguage\":\"en-US\"},{\"@type\":\"ImageObject\",\"@id\":\"https:\/\/igartstudija.lt\/produktas\/judejimo-zenklai-reljefinis-paveikslas-2026m-140x90-cm-wabi-sabi-art\/#primaryimage\",\"inLanguage\":\"en-US\",\"url\":\"https:\/\/igartstudija.lt\/wp-content\/uploads\/2026\/02\/IMG_6284-1.jpg\",\"contentUrl\":\"https:\/\/igartstudija.lt\/wp-content\/uploads\/2026\/02\/IMG_6284-1.jpg\",\"width\":1090,\"height\":1090,\"caption\":\"Reljefinis paveikslas, wabi sabi interjour\"},{\"@type\":\"WebPage\",\"@id\":\"https:\/\/igartstudija.lt\/produktas\/judejimo-zenklai-reljefinis-paveikslas-2026m-140x90-cm-wabi-sabi-art\/#webpage\",\"url\":\"https:\/\/igartstudija.lt\/produktas\/judejimo-zenklai-reljefinis-paveikslas-2026m-140x90-cm-wabi-sabi-art\/\",\"name\":\"\\u201eJud\\u0117jimo \\u017eenklai\\u201c \\u2013 reljefinis paveikslas 2026m.140\\u00d790 cm | wabi-sabi art - Interjero Paveikslai\",\"isPartOf\":{\"@id\":\"https:\/\/igartstudija.lt\/#website\"},\"primaryImageOfPage\":{\"@id\":\"https:\/\/igartstudija.lt\/produktas\/judejimo-zenklai-reljefinis-paveikslas-2026m-140x90-cm-wabi-sabi-art\/#primaryimage\"},\"datePublished\":\"2026-02-13T19:26:14+00:00\",\"dateModified\":\"2026-03-31T04:39:21+00:00\",\"description\":\"\\\"Jud\\u0117jimo \\u017eenklai\\u201c \\u2013 reljefinis paveikslas 2026m.140\\u00d790 cm | wabi-sabi art \\u2013 paveikslas, gim\\u0119s i\\u0161 steb\\u0117jimo, tylos ir vidinio impulso.\",\"breadcrumb\":{\"@id\":\"https:\/\/igartstudija.lt\/produktas\/judejimo-zenklai-reljefinis-paveikslas-2026m-140x90-cm-wabi-sabi-art\/#breadcrumb\"},\"inLanguage\":\"en-US\",\"potentialAction\":[{\"@type\":\"ReadAction\",\"target\":[\"https:\/\/igartstudija.lt\/produktas\/judejimo-zenklai-reljefinis-paveikslas-2026m-140x90-cm-wabi-sabi-art\/\"]}]},{\"@type\":\"BreadcrumbList\",\"@id\":\"https:\/\/igartstudija.lt\/produktas\/judejimo-zenklai-reljefinis-paveikslas-2026m-140x90-cm-wabi-sabi-art\/#breadcrumb\",\"itemListElement\":[{\"@type\":\"ListItem\",\"position\":1,\"item\":{\"@type\":\"WebPage\",\"@id\":\"https:\/\/igartstudija.lt\/en\/\",\"url\":\"https:\/\/igartstudija.lt\/en\/\",\"name\":\"Home\"}},{\"@type\":\"ListItem\",\"position\":2,\"item\":{\"@type\":\"WebPage\",\"@id\":\"https:\/\/igartstudija.lt\/en\/shop\/\",\"url\":\"https:\/\/igartstudija.lt\/en\/shop\/\",\"name\":\"Gallery\"}},{\"@type\":\"ListItem\",\"position\":3,\"item\":{\"@id\":\"https:\/\/igartstudija.lt\/produktas\/judejimo-zenklai-reljefinis-paveikslas-2026m-140x90-cm-wabi-sabi-art\/#webpage\"}}]}]}<\/script>\n<!-- \/ Yoast SEO plugin. -->","_links":{"self":[{"href":"https:\/\/igartstudija.lt\/en\/wp-json\/wp\/v2\/product\/24962","targetHints":{"allow":["GET"]}}],"collection":[{"href":"https:\/\/igartstudija.lt\/en\/wp-json\/wp\/v2\/product"}],"about":[{"href":"https:\/\/igartstudija.lt\/en\/wp-json\/wp\/v2\/types\/product"}],"wp:featuredmedia":[{"embeddable":true,"href":"https:\/\/igartstudija.lt\/en\/wp-json\/wp\/v2\/media\/24963"}],"wp:attachment":[{"href":"https:\/\/igartstudija.lt\/en\/wp-json\/wp\/v2\/media?parent=24962"}],"curies":[{"name":"wp","href":"https:\/\/api.w.org\/{rel}","templated":true}]}}