{"id":24987,"date":"2026-03-01T15:25:25","date_gmt":"2026-03-01T15:25:25","guid":{"rendered":"https:\/\/igartstudija.lt\/?post_type=product&#038;p=24987"},"modified":"2026-05-02T03:55:07","modified_gmt":"2026-05-02T03:55:07","slug":"gyvybes-tekme-90-x-180-cm-reljefinis-paveikslas-didelio-formato-2026m","status":"publish","type":"product","link":"https:\/\/igartstudija.lt\/en\/produktas\/gyvybes-tekme-90-x-180-cm-reljefinis-paveikslas-didelio-formato-2026m\/","title":{"rendered":"&#8220;Gyvyb\u0117s t\u0117km\u0117&#8221;  90 \u00d7 180 cm Reljefinis paveikslas didelio formato 2026m."},"content":{"rendered":"","protected":false},"excerpt":{"rendered":"<h3 data-start=\"204\" data-end=\"227\"><strong data-start=\"208\" data-end=\"225\">&#8220;Gyvyb\u0117s t\u0117km\u0117&#8221; 2026m.<\/strong><\/h3>\n<p data-start=\"228\" data-end=\"306\"><strong data-start=\"228\" data-end=\"243\">90 \u00d7 180 cm<\/strong><br data-start=\"243\" data-end=\"246\" \/><em data-start=\"246\" data-end=\"306\">Reljefinis paveikslas. (Molio tinkas, akrilas, perlamutras).<\/em><\/p>\n<p data-start=\"308\" data-end=\"629\"><strong data-start=\"308\" data-end=\"629\">\u0160iame k\u016brinyje siekiau perteikti nat\u016bral\u0173 jud\u0117jim\u0105 ir ram\u0173 gyvyb\u0117s ritm\u0105, kuris nuolat vyksta aplink mus. Reljefin\u0117s linijos kuria lengv\u0105 tek\u0117jimo poj\u016bt\u012f, o \u0161veln\u016bs spalv\u0173 ir perlamutro atspind\u017eiai kei\u010diasi priklausomai nuo \u0161viesos. Man svarbu, kad paveikslas erdv\u0117je kurt\u0173 harmonij\u0105, jaukum\u0105 ir vidin\u0119 pusiausvyr\u0105.<\/strong><\/p>\n","protected":false},"featured_media":25000,"template":"","meta":[],"class_list":["post-24987","product","type-product","status-publish","has-post-thumbnail","hentry","product_cat-abstrakcijosabstrakcijos","product_cat-interjero-paveikslai","product_tag-abstrakcija","product_tag-abstraktus-pavekslas","product_tag-dideli-abstrakcijos","product_tag-didelio-formato-pavikslai","product_tag-didelis-paveiksas","product_tag-modernus-paveikslas","product_tag-paveikslai-pardavimui","product_tag-reljefinis-paveikslas","product_tag-teksturinis-paveikslas"],"yoast_head":"<!-- This site is optimized with the Yoast SEO plugin v16.2 - https:\/\/yoast.com\/wordpress\/plugins\/seo\/ -->\n<title>&quot;Gyvyb\u0117s t\u0117km\u0117&quot; 90 \u00d7 180 cm Reljefinis paveikslas didelio formato 2026m. - Interjero Paveikslai<\/title>\n<meta name=\"description\" content=\"Gyvyb\u0117s t\u0117km\u0117&quot; 90 \u00d7 180 cm Reljefinis paveikslas didelio formato 2026 m. \u0160iame k\u016brinyje siekiau perteikti nat\u016bral\u0173 jud\u0117jim\u0105 ir ram\u0173 gyvyb\u0117s ritm\u0105, kuris nuolat vyksta aplink mus.\" \/>\n<meta name=\"robots\" content=\"index, follow, max-snippet:-1, max-image-preview:large, max-video-preview:-1\" \/>\n<link rel=\"canonical\" href=\"https:\/\/igartstudija.lt\/produktas\/gyvybes-tekme-90-x-180-cm-reljefinis-paveikslas-didelio-formato-2026m\/\" \/>\n<meta property=\"og:locale\" content=\"en_US\" \/>\n<meta property=\"og:type\" content=\"article\" \/>\n<meta property=\"og:title\" content=\"&quot;Gyvyb\u0117s t\u0117km\u0117&quot; 90 \u00d7 180 cm Reljefinis paveikslas didelio formato 2026m. - Interjero Paveikslai\" \/>\n<meta property=\"og:description\" content=\"Gyvyb\u0117s t\u0117km\u0117&quot; 90 \u00d7 180 cm Reljefinis paveikslas didelio formato 2026 m. \u0160iame k\u016brinyje siekiau perteikti nat\u016bral\u0173 jud\u0117jim\u0105 ir ram\u0173 gyvyb\u0117s ritm\u0105, kuris nuolat vyksta aplink mus.\" \/>\n<meta property=\"og:url\" content=\"https:\/\/igartstudija.lt\/produktas\/gyvybes-tekme-90-x-180-cm-reljefinis-paveikslas-didelio-formato-2026m\/\" \/>\n<meta property=\"og:site_name\" content=\"Interjero Paveikslai\" \/>\n<meta property=\"article:publisher\" content=\"https:\/\/www.facebook.com\/irina.ges.art\" \/>\n<meta property=\"article:modified_time\" content=\"2026-05-02T03:55:07+00:00\" \/>\n<meta property=\"og:image\" content=\"https:\/\/igartstudija.lt\/wp-content\/uploads\/2026\/03\/IMG_6521-scaled.jpg\" \/>\n\t<meta property=\"og:image:width\" content=\"1901\" \/>\n\t<meta property=\"og:image:height\" content=\"2560\" \/>\n<meta name=\"twitter:card\" content=\"summary_large_image\" \/>\n<script type=\"application\/ld+json\" class=\"yoast-schema-graph\">{\"@context\":\"https:\/\/schema.org\",\"@graph\":[{\"@type\":\"Organization\",\"@id\":\"https:\/\/igartstudija.lt\/#organization\",\"name\":\"Irina Ges Art Studija\",\"url\":\"https:\/\/igartstudija.lt\/\",\"sameAs\":[\"https:\/\/www.facebook.com\/irina.ges.art\",\"https:\/\/www.instagram.com\/i.ges_arts\/\"],\"logo\":{\"@type\":\"ImageObject\",\"@id\":\"https:\/\/igartstudija.lt\/#logo\",\"inLanguage\":\"en-US\",\"url\":\"https:\/\/igartstudija.lt\/wp-content\/uploads\/2021\/05\/Group-1.png\",\"contentUrl\":\"https:\/\/igartstudija.lt\/wp-content\/uploads\/2021\/05\/Group-1.png\",\"width\":410,\"height\":84,\"caption\":\"Irina Ges Art Studija\"},\"image\":{\"@id\":\"https:\/\/igartstudija.lt\/#logo\"}},{\"@type\":\"WebSite\",\"@id\":\"https:\/\/igartstudija.lt\/#website\",\"url\":\"https:\/\/igartstudija.lt\/\",\"name\":\"Interjero Paveikslai\",\"description\":\"IGArt studija\",\"publisher\":{\"@id\":\"https:\/\/igartstudija.lt\/#organization\"},\"potentialAction\":[{\"@type\":\"SearchAction\",\"target\":\"https:\/\/igartstudija.lt\/?s={search_term_string}\",\"query-input\":\"required name=search_term_string\"}],\"inLanguage\":\"en-US\"},{\"@type\":\"ImageObject\",\"@id\":\"https:\/\/igartstudija.lt\/produktas\/gyvybes-tekme-90-x-180-cm-reljefinis-paveikslas-didelio-formato-2026m\/#primaryimage\",\"inLanguage\":\"en-US\",\"url\":\"https:\/\/igartstudija.lt\/wp-content\/uploads\/2026\/03\/IMG_6521-scaled.jpg\",\"contentUrl\":\"https:\/\/igartstudija.lt\/wp-content\/uploads\/2026\/03\/IMG_6521-scaled.jpg\",\"width\":1901,\"height\":2560,\"caption\":\"Gyvyb\\u0117s t\\u0117km\\u0117 90 \\u00d7 180 cm Reljefinis paveikslas\"},{\"@type\":\"WebPage\",\"@id\":\"https:\/\/igartstudija.lt\/produktas\/gyvybes-tekme-90-x-180-cm-reljefinis-paveikslas-didelio-formato-2026m\/#webpage\",\"url\":\"https:\/\/igartstudija.lt\/produktas\/gyvybes-tekme-90-x-180-cm-reljefinis-paveikslas-didelio-formato-2026m\/\",\"name\":\"\\\"Gyvyb\\u0117s t\\u0117km\\u0117\\\" 90 \\u00d7 180 cm Reljefinis paveikslas didelio formato 2026m. - Interjero Paveikslai\",\"isPartOf\":{\"@id\":\"https:\/\/igartstudija.lt\/#website\"},\"primaryImageOfPage\":{\"@id\":\"https:\/\/igartstudija.lt\/produktas\/gyvybes-tekme-90-x-180-cm-reljefinis-paveikslas-didelio-formato-2026m\/#primaryimage\"},\"datePublished\":\"2026-03-01T15:25:25+00:00\",\"dateModified\":\"2026-05-02T03:55:07+00:00\",\"description\":\"Gyvyb\\u0117s t\\u0117km\\u0117\\\" 90 \\u00d7 180 cm Reljefinis paveikslas didelio formato 2026 m. \\u0160iame k\\u016brinyje siekiau perteikti nat\\u016bral\\u0173 jud\\u0117jim\\u0105 ir ram\\u0173 gyvyb\\u0117s ritm\\u0105, kuris nuolat vyksta aplink mus.\",\"breadcrumb\":{\"@id\":\"https:\/\/igartstudija.lt\/produktas\/gyvybes-tekme-90-x-180-cm-reljefinis-paveikslas-didelio-formato-2026m\/#breadcrumb\"},\"inLanguage\":\"en-US\",\"potentialAction\":[{\"@type\":\"ReadAction\",\"target\":[\"https:\/\/igartstudija.lt\/produktas\/gyvybes-tekme-90-x-180-cm-reljefinis-paveikslas-didelio-formato-2026m\/\"]}]},{\"@type\":\"BreadcrumbList\",\"@id\":\"https:\/\/igartstudija.lt\/produktas\/gyvybes-tekme-90-x-180-cm-reljefinis-paveikslas-didelio-formato-2026m\/#breadcrumb\",\"itemListElement\":[{\"@type\":\"ListItem\",\"position\":1,\"item\":{\"@type\":\"WebPage\",\"@id\":\"https:\/\/igartstudija.lt\/en\/\",\"url\":\"https:\/\/igartstudija.lt\/en\/\",\"name\":\"Home\"}},{\"@type\":\"ListItem\",\"position\":2,\"item\":{\"@type\":\"WebPage\",\"@id\":\"https:\/\/igartstudija.lt\/en\/shop\/\",\"url\":\"https:\/\/igartstudija.lt\/en\/shop\/\",\"name\":\"Gallery\"}},{\"@type\":\"ListItem\",\"position\":3,\"item\":{\"@id\":\"https:\/\/igartstudija.lt\/produktas\/gyvybes-tekme-90-x-180-cm-reljefinis-paveikslas-didelio-formato-2026m\/#webpage\"}}]}]}<\/script>\n<!-- \/ Yoast SEO plugin. -->","_links":{"self":[{"href":"https:\/\/igartstudija.lt\/en\/wp-json\/wp\/v2\/product\/24987","targetHints":{"allow":["GET"]}}],"collection":[{"href":"https:\/\/igartstudija.lt\/en\/wp-json\/wp\/v2\/product"}],"about":[{"href":"https:\/\/igartstudija.lt\/en\/wp-json\/wp\/v2\/types\/product"}],"wp:featuredmedia":[{"embeddable":true,"href":"https:\/\/igartstudija.lt\/en\/wp-json\/wp\/v2\/media\/25000"}],"wp:attachment":[{"href":"https:\/\/igartstudija.lt\/en\/wp-json\/wp\/v2\/media?parent=24987"}],"curies":[{"name":"wp","href":"https:\/\/api.w.org\/{rel}","templated":true}]}}