{"id":25022,"date":"2026-03-06T07:01:21","date_gmt":"2026-03-06T07:01:21","guid":{"rendered":"https:\/\/igartstudija.lt\/?post_type=product&#038;p=25022"},"modified":"2026-03-09T18:20:19","modified_gmt":"2026-03-09T18:20:19","slug":"sankirta-reljefinis-abstraktus-paveikslas-interjerui-120x80cm-2026m","status":"publish","type":"product","link":"https:\/\/igartstudija.lt\/en\/produktas\/sankirta-reljefinis-abstraktus-paveikslas-interjerui-120x80cm-2026m\/","title":{"rendered":"Sankirta \u2013 reljefinis abstraktus paveikslas interjerui 120x80cm, 2026m."},"content":{"rendered":"","protected":false},"excerpt":{"rendered":"<h3 data-section-id=\"1337dhb\" data-start=\"176\" data-end=\"194\"><strong data-start=\"180\" data-end=\"192\">Sankirta<\/strong><\/h3>\n<p data-start=\"195\" data-end=\"265\"><strong data-start=\"195\" data-end=\"210\">120 \u00d7 80 cm<\/strong><br data-start=\"210\" data-end=\"213\" \/><em data-start=\"213\" data-end=\"265\">Molio tinkas, akrilas, drob\u0117, perlamutras. 2026 m.<\/em><\/p>\n<p data-start=\"267\" data-end=\"597\"><strong data-start=\"267\" data-end=\"597\">\u0160iame k\u016brinyje tyrin\u0117ju linij\u0173 susitikim\u0105 ir j\u0173 jud\u0117jim\u0105 erdv\u0117je. Tamsios ir \u0161viesios formos susipina, kurdamos ritm\u0105 ir subtili\u0105 \u012ftamp\u0105. Reljefinis pavir\u0161ius, sukurtas naudojant molio tink\u0105 ir perlamutrinius atspalvius, kinta priklausomai nuo \u0161viesos. Man svarbu, kad paveikslas erdv\u0117je kurt\u0173 gyv\u0105, bet harmoning\u0105 nuotaik\u0105.<\/strong><\/p>\n","protected":false},"featured_media":25035,"template":"","meta":[],"class_list":["post-25022","product","type-product","status-publish","has-post-thumbnail","hentry","product_cat-abstrakcijosabstrakcijos","product_cat-interjero-paveikslai","product_tag-abstrakcija-interjere","product_tag-abstraktus-reljefinis-paveikslas","product_tag-didilispaveikslas","product_tag-modernuspaveikslas","product_tag-paveikslasofisui","product_tag-paveikslassutekstura","product_tag-reljefinispaveikslas","product_tag-sienudekoras","product_tag-teksturinispaveikslas"],"yoast_head":"<!-- This site is optimized with the Yoast SEO plugin v16.2 - https:\/\/yoast.com\/wordpress\/plugins\/seo\/ -->\n<title>Sankirta \u2013 reljefinis abstraktus paveikslas interjerui 120x80cm, 2026m. - Interjero Paveikslai<\/title>\n<meta name=\"robots\" content=\"index, follow, max-snippet:-1, max-image-preview:large, max-video-preview:-1\" \/>\n<link rel=\"canonical\" href=\"https:\/\/igartstudija.lt\/produktas\/sankirta-reljefinis-abstraktus-paveikslas-interjerui-120x80cm-2026m\/\" \/>\n<meta property=\"og:locale\" content=\"en_US\" \/>\n<meta property=\"og:type\" content=\"article\" \/>\n<meta property=\"og:title\" content=\"Sankirta \u2013 reljefinis abstraktus paveikslas interjerui 120x80cm, 2026m. - Interjero Paveikslai\" \/>\n<meta property=\"og:description\" content=\"Sankirta 120 \u00d7 80 cmMolio tinkas, akrilas, drob\u0117, perlamutras. 2026 m. \u0160iame k\u016brinyje tyrin\u0117ju linij\u0173 susitikim\u0105 ir j\u0173 jud\u0117jim\u0105 erdv\u0117je. Tamsios ir \u0161viesios formos susipina, kurdamos ritm\u0105 ir subtili\u0105 \u012ftamp\u0105. Reljefinis pavir\u0161ius, sukurtas naudojant molio tink\u0105 ir perlamutrinius atspalvius, kinta priklausomai nuo \u0161viesos. Man svarbu, kad paveikslas erdv\u0117je kurt\u0173 gyv\u0105, bet harmoning\u0105 nuotaik\u0105.\" \/>\n<meta property=\"og:url\" content=\"https:\/\/igartstudija.lt\/produktas\/sankirta-reljefinis-abstraktus-paveikslas-interjerui-120x80cm-2026m\/\" \/>\n<meta property=\"og:site_name\" content=\"Interjero Paveikslai\" \/>\n<meta property=\"article:publisher\" content=\"https:\/\/www.facebook.com\/irina.ges.art\" \/>\n<meta property=\"article:modified_time\" content=\"2026-03-09T18:20:19+00:00\" \/>\n<meta property=\"og:image\" content=\"https:\/\/igartstudija.lt\/wp-content\/uploads\/2026\/03\/IMG_6602.jpg\" \/>\n\t<meta property=\"og:image:width\" content=\"1800\" \/>\n\t<meta property=\"og:image:height\" content=\"1141\" \/>\n<meta name=\"twitter:card\" content=\"summary_large_image\" \/>\n<script type=\"application\/ld+json\" class=\"yoast-schema-graph\">{\"@context\":\"https:\/\/schema.org\",\"@graph\":[{\"@type\":\"Organization\",\"@id\":\"https:\/\/igartstudija.lt\/#organization\",\"name\":\"Irina Ges Art Studija\",\"url\":\"https:\/\/igartstudija.lt\/\",\"sameAs\":[\"https:\/\/www.facebook.com\/irina.ges.art\",\"https:\/\/www.instagram.com\/i.ges_arts\/\"],\"logo\":{\"@type\":\"ImageObject\",\"@id\":\"https:\/\/igartstudija.lt\/#logo\",\"inLanguage\":\"en-US\",\"url\":\"https:\/\/igartstudija.lt\/wp-content\/uploads\/2021\/05\/Group-1.png\",\"contentUrl\":\"https:\/\/igartstudija.lt\/wp-content\/uploads\/2021\/05\/Group-1.png\",\"width\":410,\"height\":84,\"caption\":\"Irina Ges Art Studija\"},\"image\":{\"@id\":\"https:\/\/igartstudija.lt\/#logo\"}},{\"@type\":\"WebSite\",\"@id\":\"https:\/\/igartstudija.lt\/#website\",\"url\":\"https:\/\/igartstudija.lt\/\",\"name\":\"Interjero Paveikslai\",\"description\":\"IGArt studija\",\"publisher\":{\"@id\":\"https:\/\/igartstudija.lt\/#organization\"},\"potentialAction\":[{\"@type\":\"SearchAction\",\"target\":\"https:\/\/igartstudija.lt\/?s={search_term_string}\",\"query-input\":\"required name=search_term_string\"}],\"inLanguage\":\"en-US\"},{\"@type\":\"ImageObject\",\"@id\":\"https:\/\/igartstudija.lt\/produktas\/sankirta-reljefinis-abstraktus-paveikslas-interjerui-120x80cm-2026m\/#primaryimage\",\"inLanguage\":\"en-US\",\"url\":\"https:\/\/igartstudija.lt\/wp-content\/uploads\/2026\/03\/IMG_6602.jpg\",\"contentUrl\":\"https:\/\/igartstudija.lt\/wp-content\/uploads\/2026\/03\/IMG_6602.jpg\",\"width\":1800,\"height\":1141,\"caption\":\"modenus reljefinis paveikslas\"},{\"@type\":\"WebPage\",\"@id\":\"https:\/\/igartstudija.lt\/produktas\/sankirta-reljefinis-abstraktus-paveikslas-interjerui-120x80cm-2026m\/#webpage\",\"url\":\"https:\/\/igartstudija.lt\/produktas\/sankirta-reljefinis-abstraktus-paveikslas-interjerui-120x80cm-2026m\/\",\"name\":\"Sankirta \\u2013 reljefinis abstraktus paveikslas interjerui 120x80cm, 2026m. - Interjero Paveikslai\",\"isPartOf\":{\"@id\":\"https:\/\/igartstudija.lt\/#website\"},\"primaryImageOfPage\":{\"@id\":\"https:\/\/igartstudija.lt\/produktas\/sankirta-reljefinis-abstraktus-paveikslas-interjerui-120x80cm-2026m\/#primaryimage\"},\"datePublished\":\"2026-03-06T07:01:21+00:00\",\"dateModified\":\"2026-03-09T18:20:19+00:00\",\"breadcrumb\":{\"@id\":\"https:\/\/igartstudija.lt\/produktas\/sankirta-reljefinis-abstraktus-paveikslas-interjerui-120x80cm-2026m\/#breadcrumb\"},\"inLanguage\":\"en-US\",\"potentialAction\":[{\"@type\":\"ReadAction\",\"target\":[\"https:\/\/igartstudija.lt\/produktas\/sankirta-reljefinis-abstraktus-paveikslas-interjerui-120x80cm-2026m\/\"]}]},{\"@type\":\"BreadcrumbList\",\"@id\":\"https:\/\/igartstudija.lt\/produktas\/sankirta-reljefinis-abstraktus-paveikslas-interjerui-120x80cm-2026m\/#breadcrumb\",\"itemListElement\":[{\"@type\":\"ListItem\",\"position\":1,\"item\":{\"@type\":\"WebPage\",\"@id\":\"https:\/\/igartstudija.lt\/en\/\",\"url\":\"https:\/\/igartstudija.lt\/en\/\",\"name\":\"Home\"}},{\"@type\":\"ListItem\",\"position\":2,\"item\":{\"@type\":\"WebPage\",\"@id\":\"https:\/\/igartstudija.lt\/en\/shop\/\",\"url\":\"https:\/\/igartstudija.lt\/en\/shop\/\",\"name\":\"Gallery\"}},{\"@type\":\"ListItem\",\"position\":3,\"item\":{\"@id\":\"https:\/\/igartstudija.lt\/produktas\/sankirta-reljefinis-abstraktus-paveikslas-interjerui-120x80cm-2026m\/#webpage\"}}]}]}<\/script>\n<!-- \/ Yoast SEO plugin. -->","_links":{"self":[{"href":"https:\/\/igartstudija.lt\/en\/wp-json\/wp\/v2\/product\/25022","targetHints":{"allow":["GET"]}}],"collection":[{"href":"https:\/\/igartstudija.lt\/en\/wp-json\/wp\/v2\/product"}],"about":[{"href":"https:\/\/igartstudija.lt\/en\/wp-json\/wp\/v2\/types\/product"}],"wp:featuredmedia":[{"embeddable":true,"href":"https:\/\/igartstudija.lt\/en\/wp-json\/wp\/v2\/media\/25035"}],"wp:attachment":[{"href":"https:\/\/igartstudija.lt\/en\/wp-json\/wp\/v2\/media?parent=25022"}],"curies":[{"name":"wp","href":"https:\/\/api.w.org\/{rel}","templated":true}]}}