{"id":25050,"date":"2026-03-12T14:17:43","date_gmt":"2026-03-12T14:17:43","guid":{"rendered":"https:\/\/igartstudija.lt\/?post_type=product&#038;p=25050"},"modified":"2026-04-07T10:47:32","modified_gmt":"2026-04-07T10:47:32","slug":"vidinis-horizontas-100-x-150-cm-reljefinis-paveikslas-molio-tinkas-akrilas-2026-m","status":"publish","type":"product","link":"https:\/\/igartstudija.lt\/en\/produktas\/vidinis-horizontas-100-x-150-cm-reljefinis-paveikslas-molio-tinkas-akrilas-2026-m\/","title":{"rendered":"Vidinis horizontas  100 \u00d7 150 cm Reljefinis paveikslas. Molio tinkas, akrilas. 2026 m."},"content":{"rendered":"","protected":false},"excerpt":{"rendered":"<h3 data-section-id=\"1a6q2g1\" data-start=\"122\" data-end=\"150\"><strong data-start=\"126\" data-end=\"148\"><span class=\"BZ_Pyq_fadeIn\">Vidinis <\/span><span class=\"BZ_Pyq_fadeIn\">horizontas<\/span><\/strong><\/h3>\n<p data-start=\"151\" data-end=\"225\"><strong data-start=\"151\" data-end=\"167\"><span class=\"BZ_Pyq_fadeIn\">100 \u00d7 <\/span><span class=\"BZ_Pyq_fadeIn\">150 <\/span><span class=\"BZ_Pyq_fadeIn\">cm<\/span><\/strong><br data-start=\"167\" data-end=\"170\" \/><em data-start=\"170\" data-end=\"225\"><span class=\"BZ_Pyq_fadeIn\">Reljefinis <\/span><span class=\"BZ_Pyq_fadeIn\">paveikslas. <\/span><span class=\"BZ_Pyq_fadeIn\">Molio <\/span><span class=\"BZ_Pyq_fadeIn\">tinkas, <\/span><span class=\"BZ_Pyq_fadeIn\">akrilas. <\/span><span class=\"BZ_Pyq_fadeIn\">2026 <\/span><span class=\"BZ_Pyq_fadeIn\">m.<\/span><\/em><\/p>\n<p data-start=\"227\" data-end=\"608\"><strong data-start=\"227\" data-end=\"608\"><span class=\"BZ_Pyq_fadeIn\">\u0160iame <\/span><span class=\"BZ_Pyq_fadeIn\">k\u016brinyje <\/span><span class=\"BZ_Pyq_fadeIn\">tyrin\u0117ju <\/span><span class=\"BZ_Pyq_fadeIn\">horizont\u0105 <\/span><span class=\"BZ_Pyq_fadeIn\">kaip <\/span><span class=\"BZ_Pyq_fadeIn\">vidin\u0117s <\/span><span class=\"BZ_Pyq_fadeIn\">pusiausvyros <\/span><span class=\"BZ_Pyq_fadeIn\">ir <\/span><span class=\"BZ_Pyq_fadeIn\">ramyb\u0117s <\/span><span class=\"BZ_Pyq_fadeIn\">simbol\u012f. <\/span><span class=\"BZ_Pyq_fadeIn\">Sluoksniuodama <\/span><span class=\"BZ_Pyq_fadeIn\">molio <\/span><span class=\"BZ_Pyq_fadeIn\">tink\u0105 <\/span><span class=\"BZ_Pyq_fadeIn\">ir <\/span><span class=\"BZ_Pyq_fadeIn\">spalv\u0105 <\/span><span class=\"BZ_Pyq_fadeIn\">leid\u017eiu <\/span><span class=\"BZ_Pyq_fadeIn\">pavir\u0161iui <\/span><span class=\"BZ_Pyq_fadeIn\">formuotis <\/span><span class=\"BZ_Pyq_fadeIn\">nat\u016braliai \u2013 <\/span><span class=\"BZ_Pyq_fadeIn\">tarsi <\/span><span class=\"BZ_Pyq_fadeIn\">kra\u0161tovaizdis, <\/span><span class=\"BZ_Pyq_fadeIn\">kuriame <\/span><span class=\"BZ_Pyq_fadeIn\">susitinka <\/span><span class=\"BZ_Pyq_fadeIn\">\u017eem\u0117, <\/span><span class=\"BZ_Pyq_fadeIn\">vanduo <\/span><span class=\"BZ_Pyq_fadeIn\">ir <\/span><span class=\"BZ_Pyq_fadeIn\">\u0161viesa. <\/span><span class=\"BZ_Pyq_fadeIn\">Reljefin\u0117s <\/span><span class=\"BZ_Pyq_fadeIn\">fakt\u016bros <\/span><span class=\"BZ_Pyq_fadeIn\">ir <\/span><span class=\"BZ_Pyq_fadeIn\">subtil\u016bs <\/span><span class=\"BZ_Pyq_fadeIn\">ton\u0173 <\/span><span class=\"BZ_Pyq_fadeIn\">per\u0117jimai <\/span><span class=\"BZ_Pyq_fadeIn\">kinta <\/span><span class=\"BZ_Pyq_fadeIn\">priklausomai <\/span><span class=\"BZ_Pyq_fadeIn\">nuo <\/span><span class=\"BZ_Pyq_fadeIn\">ap\u0161vietimo, <\/span><span class=\"BZ_Pyq_fadeIn\">tod\u0117l <\/span><span class=\"BZ_Pyq_fadeIn\">paveikslas <\/span><span class=\"BZ_Pyq_fadeIn\">erdv\u0117je <\/span><span class=\"BZ_Pyq_fadeIn\">nuolat <\/span><span class=\"BZ_Pyq_fadeIn\">gyvena <\/span><span class=\"BZ_Pyq_fadeIn\">ir <\/span><span class=\"BZ_Pyq_fadeIn\">kuria <\/span><span class=\"BZ_Pyq_fadeIn\">ram\u0173, <\/span><span class=\"BZ_Pyq_fadeIn\">harmoning\u0105 <\/span><span class=\"BZ_Pyq_fadeIn\">poj\u016bt\u012f.<\/span><\/strong><\/p>\n","protected":false},"featured_media":25053,"template":"","meta":[],"class_list":["post-25050","product","type-product","status-publish","has-post-thumbnail","hentry","product_cat-kiti"],"yoast_head":"<!-- This site is optimized with the Yoast SEO plugin v16.2 - https:\/\/yoast.com\/wordpress\/plugins\/seo\/ -->\n<title>Vidinis horizontas 100 \u00d7 150 cm Reljefinis paveikslas. Molio tinkas, akrilas. 2026 m. - Interjero Paveikslai<\/title>\n<meta name=\"description\" content=\"Vidinis horizontas100 \u00d7 150 cmReljefinis paveikslas. Molio tinkas, akrilas. 2026 m.\u0160iame k\u016brinyje tyrin\u0117ju horizont\u0105 kaip vidin\u0117s pusiausvyros ir ramyb\u0117s simbol\u012f.\" \/>\n<meta name=\"robots\" content=\"index, follow, max-snippet:-1, max-image-preview:large, max-video-preview:-1\" \/>\n<link rel=\"canonical\" href=\"https:\/\/igartstudija.lt\/produktas\/vidinis-horizontas-100-x-150-cm-reljefinis-paveikslas-molio-tinkas-akrilas-2026-m\/\" \/>\n<meta property=\"og:locale\" content=\"en_US\" \/>\n<meta property=\"og:type\" content=\"article\" \/>\n<meta property=\"og:title\" content=\"Vidinis horizontas 100 \u00d7 150 cm Reljefinis paveikslas. Molio tinkas, akrilas. 2026 m. - Interjero Paveikslai\" \/>\n<meta property=\"og:description\" content=\"Vidinis horizontas100 \u00d7 150 cmReljefinis paveikslas. Molio tinkas, akrilas. 2026 m.\u0160iame k\u016brinyje tyrin\u0117ju horizont\u0105 kaip vidin\u0117s pusiausvyros ir ramyb\u0117s simbol\u012f.\" \/>\n<meta property=\"og:url\" content=\"https:\/\/igartstudija.lt\/produktas\/vidinis-horizontas-100-x-150-cm-reljefinis-paveikslas-molio-tinkas-akrilas-2026-m\/\" \/>\n<meta property=\"og:site_name\" content=\"Interjero Paveikslai\" \/>\n<meta property=\"article:publisher\" content=\"https:\/\/www.facebook.com\/irina.ges.art\" \/>\n<meta property=\"article:modified_time\" content=\"2026-04-07T10:47:32+00:00\" \/>\n<meta property=\"og:image\" content=\"https:\/\/igartstudija.lt\/wp-content\/uploads\/2026\/03\/IMG_6789.jpg\" \/>\n\t<meta property=\"og:image:width\" content=\"900\" \/>\n\t<meta property=\"og:image:height\" content=\"900\" \/>\n<meta name=\"twitter:card\" content=\"summary_large_image\" \/>\n<script type=\"application\/ld+json\" class=\"yoast-schema-graph\">{\"@context\":\"https:\/\/schema.org\",\"@graph\":[{\"@type\":\"Organization\",\"@id\":\"https:\/\/igartstudija.lt\/#organization\",\"name\":\"Irina Ges Art Studija\",\"url\":\"https:\/\/igartstudija.lt\/\",\"sameAs\":[\"https:\/\/www.facebook.com\/irina.ges.art\",\"https:\/\/www.instagram.com\/i.ges_arts\/\"],\"logo\":{\"@type\":\"ImageObject\",\"@id\":\"https:\/\/igartstudija.lt\/#logo\",\"inLanguage\":\"en-US\",\"url\":\"https:\/\/igartstudija.lt\/wp-content\/uploads\/2021\/05\/Group-1.png\",\"contentUrl\":\"https:\/\/igartstudija.lt\/wp-content\/uploads\/2021\/05\/Group-1.png\",\"width\":410,\"height\":84,\"caption\":\"Irina Ges Art Studija\"},\"image\":{\"@id\":\"https:\/\/igartstudija.lt\/#logo\"}},{\"@type\":\"WebSite\",\"@id\":\"https:\/\/igartstudija.lt\/#website\",\"url\":\"https:\/\/igartstudija.lt\/\",\"name\":\"Interjero Paveikslai\",\"description\":\"IGArt studija\",\"publisher\":{\"@id\":\"https:\/\/igartstudija.lt\/#organization\"},\"potentialAction\":[{\"@type\":\"SearchAction\",\"target\":\"https:\/\/igartstudija.lt\/?s={search_term_string}\",\"query-input\":\"required name=search_term_string\"}],\"inLanguage\":\"en-US\"},{\"@type\":\"ImageObject\",\"@id\":\"https:\/\/igartstudija.lt\/produktas\/vidinis-horizontas-100-x-150-cm-reljefinis-paveikslas-molio-tinkas-akrilas-2026-m\/#primaryimage\",\"inLanguage\":\"en-US\",\"url\":\"https:\/\/igartstudija.lt\/wp-content\/uploads\/2026\/03\/IMG_6789.jpg\",\"contentUrl\":\"https:\/\/igartstudija.lt\/wp-content\/uploads\/2026\/03\/IMG_6789.jpg\",\"width\":900,\"height\":900,\"caption\":\"modernus reljefinis paveikslas wabi sabi art\"},{\"@type\":\"WebPage\",\"@id\":\"https:\/\/igartstudija.lt\/produktas\/vidinis-horizontas-100-x-150-cm-reljefinis-paveikslas-molio-tinkas-akrilas-2026-m\/#webpage\",\"url\":\"https:\/\/igartstudija.lt\/produktas\/vidinis-horizontas-100-x-150-cm-reljefinis-paveikslas-molio-tinkas-akrilas-2026-m\/\",\"name\":\"Vidinis horizontas 100 \\u00d7 150 cm Reljefinis paveikslas. Molio tinkas, akrilas. 2026 m. - Interjero Paveikslai\",\"isPartOf\":{\"@id\":\"https:\/\/igartstudija.lt\/#website\"},\"primaryImageOfPage\":{\"@id\":\"https:\/\/igartstudija.lt\/produktas\/vidinis-horizontas-100-x-150-cm-reljefinis-paveikslas-molio-tinkas-akrilas-2026-m\/#primaryimage\"},\"datePublished\":\"2026-03-12T14:17:43+00:00\",\"dateModified\":\"2026-04-07T10:47:32+00:00\",\"description\":\"Vidinis horizontas100 \\u00d7 150 cmReljefinis paveikslas. Molio tinkas, akrilas. 2026 m.\\u0160iame k\\u016brinyje tyrin\\u0117ju horizont\\u0105 kaip vidin\\u0117s pusiausvyros ir ramyb\\u0117s simbol\\u012f.\",\"breadcrumb\":{\"@id\":\"https:\/\/igartstudija.lt\/produktas\/vidinis-horizontas-100-x-150-cm-reljefinis-paveikslas-molio-tinkas-akrilas-2026-m\/#breadcrumb\"},\"inLanguage\":\"en-US\",\"potentialAction\":[{\"@type\":\"ReadAction\",\"target\":[\"https:\/\/igartstudija.lt\/produktas\/vidinis-horizontas-100-x-150-cm-reljefinis-paveikslas-molio-tinkas-akrilas-2026-m\/\"]}]},{\"@type\":\"BreadcrumbList\",\"@id\":\"https:\/\/igartstudija.lt\/produktas\/vidinis-horizontas-100-x-150-cm-reljefinis-paveikslas-molio-tinkas-akrilas-2026-m\/#breadcrumb\",\"itemListElement\":[{\"@type\":\"ListItem\",\"position\":1,\"item\":{\"@type\":\"WebPage\",\"@id\":\"https:\/\/igartstudija.lt\/en\/\",\"url\":\"https:\/\/igartstudija.lt\/en\/\",\"name\":\"Home\"}},{\"@type\":\"ListItem\",\"position\":2,\"item\":{\"@type\":\"WebPage\",\"@id\":\"https:\/\/igartstudija.lt\/en\/shop\/\",\"url\":\"https:\/\/igartstudija.lt\/en\/shop\/\",\"name\":\"Gallery\"}},{\"@type\":\"ListItem\",\"position\":3,\"item\":{\"@id\":\"https:\/\/igartstudija.lt\/produktas\/vidinis-horizontas-100-x-150-cm-reljefinis-paveikslas-molio-tinkas-akrilas-2026-m\/#webpage\"}}]}]}<\/script>\n<!-- \/ Yoast SEO plugin. -->","_links":{"self":[{"href":"https:\/\/igartstudija.lt\/en\/wp-json\/wp\/v2\/product\/25050","targetHints":{"allow":["GET"]}}],"collection":[{"href":"https:\/\/igartstudija.lt\/en\/wp-json\/wp\/v2\/product"}],"about":[{"href":"https:\/\/igartstudija.lt\/en\/wp-json\/wp\/v2\/types\/product"}],"wp:featuredmedia":[{"embeddable":true,"href":"https:\/\/igartstudija.lt\/en\/wp-json\/wp\/v2\/media\/25053"}],"wp:attachment":[{"href":"https:\/\/igartstudija.lt\/en\/wp-json\/wp\/v2\/media?parent=25050"}],"curies":[{"name":"wp","href":"https:\/\/api.w.org\/{rel}","templated":true}]}}