{"id":25079,"date":"2026-03-19T18:05:54","date_gmt":"2026-03-19T18:05:54","guid":{"rendered":"https:\/\/igartstudija.lt\/?post_type=product&#038;p=25079"},"modified":"2026-03-31T04:38:21","modified_gmt":"2026-03-31T04:38:21","slug":"judejimo-jega-90x140cm-2026m-reljefinis-paveikslas-didelio-formato","status":"publish","type":"product","link":"https:\/\/igartstudija.lt\/en\/produktas\/judejimo-jega-90x140cm-2026m-reljefinis-paveikslas-didelio-formato\/","title":{"rendered":"&#8220;Jud\u0117jimo j\u0117ga&#8221; 90x140cm, 2026m. reljefinis paveikslas didelio formato"},"content":{"rendered":"","protected":false},"excerpt":{"rendered":"<h3 data-section-id=\"105dxkg\" data-start=\"151\" data-end=\"174\"><strong data-start=\"155\" data-end=\"172\">Jud\u0117jimo j\u0117ga<\/strong><\/h3>\n<p data-start=\"175\" data-end=\"239\"><strong data-start=\"175\" data-end=\"190\">90 \u00d7 140 cm<\/strong><br data-start=\"190\" data-end=\"193\" \/><em data-start=\"193\" data-end=\"239\">Reljefinis paveikslas. Molio tinkas. 2026 m.<\/em><\/p>\n<p data-start=\"241\" data-end=\"584\"><strong data-start=\"241\" data-end=\"584\">\u0160iame k\u016brinyje tyrin\u0117ju jud\u0117jim\u0105 kaip gyv\u0105, nuolat kintan\u010di\u0105 j\u0117g\u0105. Reljefin\u0117s linijos kuria tek\u0117jimo ir kilimo poj\u016bt\u012f, tarsi energija skleist\u0173si per vis\u0105 pavir\u0161i\u0173. Dirbdama su molio tinku leid\u017eiu formai atsirasti nat\u016braliai \u2013 per gest\u0105, ritm\u0105 ir med\u017eiagos charakter\u012f. Man svarbu, kad paveikslas erdv\u0117je kurt\u0173 gyv\u0105, bet harmoning\u0105 b\u016bsen\u0105.<\/strong><\/p>\n","protected":false},"featured_media":25080,"template":"","meta":[],"class_list":["post-25079","product","type-product","status-publish","has-post-thumbnail","hentry","product_cat-kiti","product_tag-dideliabstrakcija","product_tag-didelioformatopaveikslas","product_tag-modernuspaveikslas","product_tag-paveikslaspagaluzsakymo","product_tag-paveikslaspardavimuj","product_tag-reljefinispaveikslas","product_tag-teksturinispaveikslas"],"yoast_head":"<!-- This site is optimized with the Yoast SEO plugin v16.2 - https:\/\/yoast.com\/wordpress\/plugins\/seo\/ -->\n<title>&quot;Jud\u0117jimo j\u0117ga&quot; 90x140cm, 2026m. reljefinis paveikslas didelio formato - Interjero Paveikslai<\/title>\n<meta name=\"robots\" content=\"index, follow, max-snippet:-1, max-image-preview:large, max-video-preview:-1\" \/>\n<link rel=\"canonical\" href=\"https:\/\/igartstudija.lt\/produktas\/judejimo-jega-90x140cm-2026m-reljefinis-paveikslas-didelio-formato\/\" \/>\n<meta property=\"og:locale\" content=\"en_US\" \/>\n<meta property=\"og:type\" content=\"article\" \/>\n<meta property=\"og:title\" content=\"&quot;Jud\u0117jimo j\u0117ga&quot; 90x140cm, 2026m. reljefinis paveikslas didelio formato - Interjero Paveikslai\" \/>\n<meta property=\"og:description\" content=\"Jud\u0117jimo j\u0117ga 90 \u00d7 140 cmReljefinis paveikslas. Molio tinkas. 2026 m. \u0160iame k\u016brinyje tyrin\u0117ju jud\u0117jim\u0105 kaip gyv\u0105, nuolat kintan\u010di\u0105 j\u0117g\u0105. Reljefin\u0117s linijos kuria tek\u0117jimo ir kilimo poj\u016bt\u012f, tarsi energija skleist\u0173si per vis\u0105 pavir\u0161i\u0173. Dirbdama su molio tinku leid\u017eiu formai atsirasti nat\u016braliai \u2013 per gest\u0105, ritm\u0105 ir med\u017eiagos charakter\u012f. Man svarbu, kad paveikslas erdv\u0117je kurt\u0173 gyv\u0105, bet harmoning\u0105 b\u016bsen\u0105.\" \/>\n<meta property=\"og:url\" content=\"https:\/\/igartstudija.lt\/produktas\/judejimo-jega-90x140cm-2026m-reljefinis-paveikslas-didelio-formato\/\" \/>\n<meta property=\"og:site_name\" content=\"Interjero Paveikslai\" \/>\n<meta property=\"article:publisher\" content=\"https:\/\/www.facebook.com\/irina.ges.art\" \/>\n<meta property=\"article:modified_time\" content=\"2026-03-31T04:38:21+00:00\" \/>\n<meta property=\"og:image\" content=\"https:\/\/igartstudija.lt\/wp-content\/uploads\/2026\/03\/IMG_6988.jpg\" \/>\n\t<meta property=\"og:image:width\" content=\"900\" \/>\n\t<meta property=\"og:image:height\" content=\"900\" \/>\n<meta name=\"twitter:card\" content=\"summary_large_image\" \/>\n<script type=\"application\/ld+json\" class=\"yoast-schema-graph\">{\"@context\":\"https:\/\/schema.org\",\"@graph\":[{\"@type\":\"Organization\",\"@id\":\"https:\/\/igartstudija.lt\/#organization\",\"name\":\"Irina Ges Art Studija\",\"url\":\"https:\/\/igartstudija.lt\/\",\"sameAs\":[\"https:\/\/www.facebook.com\/irina.ges.art\",\"https:\/\/www.instagram.com\/i.ges_arts\/\"],\"logo\":{\"@type\":\"ImageObject\",\"@id\":\"https:\/\/igartstudija.lt\/#logo\",\"inLanguage\":\"en-US\",\"url\":\"https:\/\/igartstudija.lt\/wp-content\/uploads\/2021\/05\/Group-1.png\",\"contentUrl\":\"https:\/\/igartstudija.lt\/wp-content\/uploads\/2021\/05\/Group-1.png\",\"width\":410,\"height\":84,\"caption\":\"Irina Ges Art Studija\"},\"image\":{\"@id\":\"https:\/\/igartstudija.lt\/#logo\"}},{\"@type\":\"WebSite\",\"@id\":\"https:\/\/igartstudija.lt\/#website\",\"url\":\"https:\/\/igartstudija.lt\/\",\"name\":\"Interjero Paveikslai\",\"description\":\"IGArt studija\",\"publisher\":{\"@id\":\"https:\/\/igartstudija.lt\/#organization\"},\"potentialAction\":[{\"@type\":\"SearchAction\",\"target\":\"https:\/\/igartstudija.lt\/?s={search_term_string}\",\"query-input\":\"required name=search_term_string\"}],\"inLanguage\":\"en-US\"},{\"@type\":\"ImageObject\",\"@id\":\"https:\/\/igartstudija.lt\/produktas\/judejimo-jega-90x140cm-2026m-reljefinis-paveikslas-didelio-formato\/#primaryimage\",\"inLanguage\":\"en-US\",\"url\":\"https:\/\/igartstudija.lt\/wp-content\/uploads\/2026\/03\/IMG_6988.jpg\",\"contentUrl\":\"https:\/\/igartstudija.lt\/wp-content\/uploads\/2026\/03\/IMG_6988.jpg\",\"width\":900,\"height\":900},{\"@type\":\"WebPage\",\"@id\":\"https:\/\/igartstudija.lt\/produktas\/judejimo-jega-90x140cm-2026m-reljefinis-paveikslas-didelio-formato\/#webpage\",\"url\":\"https:\/\/igartstudija.lt\/produktas\/judejimo-jega-90x140cm-2026m-reljefinis-paveikslas-didelio-formato\/\",\"name\":\"\\\"Jud\\u0117jimo j\\u0117ga\\\" 90x140cm, 2026m. reljefinis paveikslas didelio formato - Interjero Paveikslai\",\"isPartOf\":{\"@id\":\"https:\/\/igartstudija.lt\/#website\"},\"primaryImageOfPage\":{\"@id\":\"https:\/\/igartstudija.lt\/produktas\/judejimo-jega-90x140cm-2026m-reljefinis-paveikslas-didelio-formato\/#primaryimage\"},\"datePublished\":\"2026-03-19T18:05:54+00:00\",\"dateModified\":\"2026-03-31T04:38:21+00:00\",\"breadcrumb\":{\"@id\":\"https:\/\/igartstudija.lt\/produktas\/judejimo-jega-90x140cm-2026m-reljefinis-paveikslas-didelio-formato\/#breadcrumb\"},\"inLanguage\":\"en-US\",\"potentialAction\":[{\"@type\":\"ReadAction\",\"target\":[\"https:\/\/igartstudija.lt\/produktas\/judejimo-jega-90x140cm-2026m-reljefinis-paveikslas-didelio-formato\/\"]}]},{\"@type\":\"BreadcrumbList\",\"@id\":\"https:\/\/igartstudija.lt\/produktas\/judejimo-jega-90x140cm-2026m-reljefinis-paveikslas-didelio-formato\/#breadcrumb\",\"itemListElement\":[{\"@type\":\"ListItem\",\"position\":1,\"item\":{\"@type\":\"WebPage\",\"@id\":\"https:\/\/igartstudija.lt\/en\/\",\"url\":\"https:\/\/igartstudija.lt\/en\/\",\"name\":\"Home\"}},{\"@type\":\"ListItem\",\"position\":2,\"item\":{\"@type\":\"WebPage\",\"@id\":\"https:\/\/igartstudija.lt\/en\/shop\/\",\"url\":\"https:\/\/igartstudija.lt\/en\/shop\/\",\"name\":\"Gallery\"}},{\"@type\":\"ListItem\",\"position\":3,\"item\":{\"@id\":\"https:\/\/igartstudija.lt\/produktas\/judejimo-jega-90x140cm-2026m-reljefinis-paveikslas-didelio-formato\/#webpage\"}}]}]}<\/script>\n<!-- \/ Yoast SEO plugin. -->","_links":{"self":[{"href":"https:\/\/igartstudija.lt\/en\/wp-json\/wp\/v2\/product\/25079","targetHints":{"allow":["GET"]}}],"collection":[{"href":"https:\/\/igartstudija.lt\/en\/wp-json\/wp\/v2\/product"}],"about":[{"href":"https:\/\/igartstudija.lt\/en\/wp-json\/wp\/v2\/types\/product"}],"wp:featuredmedia":[{"embeddable":true,"href":"https:\/\/igartstudija.lt\/en\/wp-json\/wp\/v2\/media\/25080"}],"wp:attachment":[{"href":"https:\/\/igartstudija.lt\/en\/wp-json\/wp\/v2\/media?parent=25079"}],"curies":[{"name":"wp","href":"https:\/\/api.w.org\/{rel}","templated":true}]}}