{"id":25178,"date":"2026-04-10T15:04:52","date_gmt":"2026-04-10T15:04:52","guid":{"rendered":"https:\/\/igartstudija.lt\/?post_type=product&#038;p=25178"},"modified":"2026-04-10T15:04:53","modified_gmt":"2026-04-10T15:04:53","slug":"soft-stone-landscape-serija-iii50x70cm-2026m","status":"publish","type":"product","link":"https:\/\/igartstudija.lt\/en\/produktas\/soft-stone-landscape-serija-iii50x70cm-2026m\/","title":{"rendered":"Soft Stone Landscape serija III(50x70cm) 2026m."},"content":{"rendered":"","protected":false},"excerpt":{"rendered":"<p>Soft Stone Landscape serija III(50x70cm) 2026m.<\/p>\n<p>(milio tinkas, akrilas)<\/p>\n<p>\u0160ie darbai \u012fkv\u0117pti nat\u016brali\u0173 peiza\u017e\u0173 \u2013<br \/>\nhorizonto linijos, \u017eem\u0117s sluoksni\u0173 ir tylos.<\/p>\n<p>Tai ne konkretus vaizdas, o nuotaika ir poj\u016btis \u2013<br \/>\nramyb\u0117, erdv\u0117 ir \u0161viesos kaita.<\/p>\n<p>Galimi \u012fvair\u016bs dyd\u017eiai \u2013 darbai kuriami pagal u\u017esakym\u0105 ir lengvai pritaikomi skirtingiems interjerams.<\/p>\n<ul>\n<li>40\u00d760 \u2192 \u20ac150<\/li>\n<li>50\u00d770 \u2192 \u20ac210<\/li>\n<li>60\u00d790 \u2192 \u20ac300<\/li>\n<li>70\u00d7100 \u2192 \u20ac380<\/li>\n<li>\n<ul>\n<li>140\u00d790 \u2192 \u20ac520<\/li>\n<li>150\u00d7100 \u2192 \u20ac650<\/li>\n<li>180\u00d790 \u2192 \u20ac720<\/li>\n<li>180\u00d7100 \u2192 \u20ac850<\/li>\n<li>140\u00d7140 \u2192 \u20ac950<\/li>\n<li>150\u00d7150 \u2192 \u20ac1100<\/li>\n<li>\u00a0<strong>\u0160ie darbai kuriami kaip ilgaam\u017eiai interjero akcentai \u2013 ram\u016bs, minimalistiniai ir lengvai pritaikomi skirtingose erdv\u0117se.<\/strong><strong>\u012ekv\u0117pti nat\u016brali\u0173 akmens pavir\u0161i\u0173 ir tylos, jie suteikia interjerui gylio ir tekst\u016bros, neapkraunant erdv\u0117s.<\/strong><strong>Galimi \u012fvair\u016bs dyd\u017eiai, darbai kuriami pagal u\u017esakym\u0105.<\/strong><\/li>\n<\/ul>\n<\/li>\n<\/ul>\n","protected":false},"featured_media":25271,"template":"","meta":[],"class_list":["post-25178","product","type-product","status-publish","has-post-thumbnail","hentry","product_tag-interjerodizainas","product_tag-paveikslasinterjerui","product_tag-paveikslaspardavimui","product_tag-scandyinterjeras","product_tag-sienudekoras","product_tag-wabisabiart","product_tag-wabisabidekoras"],"yoast_head":"<!-- This site is optimized with the Yoast SEO plugin v16.2 - https:\/\/yoast.com\/wordpress\/plugins\/seo\/ -->\n<title>Soft Stone Landscape serija III(50x70cm) 2026m. - Interjero Paveikslai<\/title>\n<meta name=\"description\" content=\"\u0160ie darbai \u012fkv\u0117pti nat\u016brali\u0173 peiza\u017e\u0173 \u2013horizonto linijos, \u017eem\u0117s sluoksni\u0173 ir tylos.Tai ne konkretus vaizdas, o nuotaika ir poj\u016btis \u2013ramyb\u0117, erdv\u0117 ir \u0161viesos kaita\" \/>\n<meta name=\"robots\" content=\"index, follow, max-snippet:-1, max-image-preview:large, max-video-preview:-1\" \/>\n<link rel=\"canonical\" href=\"https:\/\/igartstudija.lt\/produktas\/soft-stone-landscape-serija-iii50x70cm-2026m\/\" \/>\n<meta property=\"og:locale\" content=\"en_US\" \/>\n<meta property=\"og:type\" content=\"article\" \/>\n<meta property=\"og:title\" content=\"Soft Stone Landscape serija III(50x70cm) 2026m. - Interjero Paveikslai\" \/>\n<meta property=\"og:description\" content=\"\u0160ie darbai \u012fkv\u0117pti nat\u016brali\u0173 peiza\u017e\u0173 \u2013horizonto linijos, \u017eem\u0117s sluoksni\u0173 ir tylos.Tai ne konkretus vaizdas, o nuotaika ir poj\u016btis \u2013ramyb\u0117, erdv\u0117 ir \u0161viesos kaita\" \/>\n<meta property=\"og:url\" content=\"https:\/\/igartstudija.lt\/produktas\/soft-stone-landscape-serija-iii50x70cm-2026m\/\" \/>\n<meta property=\"og:site_name\" content=\"Interjero Paveikslai\" \/>\n<meta property=\"article:publisher\" content=\"https:\/\/www.facebook.com\/irina.ges.art\" \/>\n<meta property=\"article:modified_time\" content=\"2026-04-10T15:04:53+00:00\" \/>\n<meta property=\"og:image\" content=\"https:\/\/igartstudija.lt\/wp-content\/uploads\/2026\/04\/IMG_7481.jpg\" \/>\n\t<meta property=\"og:image:width\" content=\"1500\" \/>\n\t<meta property=\"og:image:height\" content=\"2000\" \/>\n<meta name=\"twitter:card\" content=\"summary_large_image\" \/>\n<script type=\"application\/ld+json\" class=\"yoast-schema-graph\">{\"@context\":\"https:\/\/schema.org\",\"@graph\":[{\"@type\":\"Organization\",\"@id\":\"https:\/\/igartstudija.lt\/#organization\",\"name\":\"Irina Ges Art Studija\",\"url\":\"https:\/\/igartstudija.lt\/\",\"sameAs\":[\"https:\/\/www.facebook.com\/irina.ges.art\",\"https:\/\/www.instagram.com\/i.ges_arts\/\"],\"logo\":{\"@type\":\"ImageObject\",\"@id\":\"https:\/\/igartstudija.lt\/#logo\",\"inLanguage\":\"en-US\",\"url\":\"https:\/\/igartstudija.lt\/wp-content\/uploads\/2021\/05\/Group-1.png\",\"contentUrl\":\"https:\/\/igartstudija.lt\/wp-content\/uploads\/2021\/05\/Group-1.png\",\"width\":410,\"height\":84,\"caption\":\"Irina Ges Art Studija\"},\"image\":{\"@id\":\"https:\/\/igartstudija.lt\/#logo\"}},{\"@type\":\"WebSite\",\"@id\":\"https:\/\/igartstudija.lt\/#website\",\"url\":\"https:\/\/igartstudija.lt\/\",\"name\":\"Interjero Paveikslai\",\"description\":\"IGArt studija\",\"publisher\":{\"@id\":\"https:\/\/igartstudija.lt\/#organization\"},\"potentialAction\":[{\"@type\":\"SearchAction\",\"target\":\"https:\/\/igartstudija.lt\/?s={search_term_string}\",\"query-input\":\"required name=search_term_string\"}],\"inLanguage\":\"en-US\"},{\"@type\":\"ImageObject\",\"@id\":\"https:\/\/igartstudija.lt\/produktas\/soft-stone-landscape-serija-iii50x70cm-2026m\/#primaryimage\",\"inLanguage\":\"en-US\",\"url\":\"https:\/\/igartstudija.lt\/wp-content\/uploads\/2026\/04\/IMG_7481.jpg\",\"contentUrl\":\"https:\/\/igartstudija.lt\/wp-content\/uploads\/2026\/04\/IMG_7481.jpg\",\"width\":1500,\"height\":2000},{\"@type\":\"WebPage\",\"@id\":\"https:\/\/igartstudija.lt\/produktas\/soft-stone-landscape-serija-iii50x70cm-2026m\/#webpage\",\"url\":\"https:\/\/igartstudija.lt\/produktas\/soft-stone-landscape-serija-iii50x70cm-2026m\/\",\"name\":\"Soft Stone Landscape serija III(50x70cm) 2026m. - Interjero Paveikslai\",\"isPartOf\":{\"@id\":\"https:\/\/igartstudija.lt\/#website\"},\"primaryImageOfPage\":{\"@id\":\"https:\/\/igartstudija.lt\/produktas\/soft-stone-landscape-serija-iii50x70cm-2026m\/#primaryimage\"},\"datePublished\":\"2026-04-10T15:04:52+00:00\",\"dateModified\":\"2026-04-10T15:04:53+00:00\",\"description\":\"\\u0160ie darbai \\u012fkv\\u0117pti nat\\u016brali\\u0173 peiza\\u017e\\u0173 \\u2013horizonto linijos, \\u017eem\\u0117s sluoksni\\u0173 ir tylos.Tai ne konkretus vaizdas, o nuotaika ir poj\\u016btis \\u2013ramyb\\u0117, erdv\\u0117 ir \\u0161viesos kaita\",\"breadcrumb\":{\"@id\":\"https:\/\/igartstudija.lt\/produktas\/soft-stone-landscape-serija-iii50x70cm-2026m\/#breadcrumb\"},\"inLanguage\":\"en-US\",\"potentialAction\":[{\"@type\":\"ReadAction\",\"target\":[\"https:\/\/igartstudija.lt\/produktas\/soft-stone-landscape-serija-iii50x70cm-2026m\/\"]}]},{\"@type\":\"BreadcrumbList\",\"@id\":\"https:\/\/igartstudija.lt\/produktas\/soft-stone-landscape-serija-iii50x70cm-2026m\/#breadcrumb\",\"itemListElement\":[{\"@type\":\"ListItem\",\"position\":1,\"item\":{\"@type\":\"WebPage\",\"@id\":\"https:\/\/igartstudija.lt\/en\/\",\"url\":\"https:\/\/igartstudija.lt\/en\/\",\"name\":\"Home\"}},{\"@type\":\"ListItem\",\"position\":2,\"item\":{\"@type\":\"WebPage\",\"@id\":\"https:\/\/igartstudija.lt\/en\/shop\/\",\"url\":\"https:\/\/igartstudija.lt\/en\/shop\/\",\"name\":\"Gallery\"}},{\"@type\":\"ListItem\",\"position\":3,\"item\":{\"@id\":\"https:\/\/igartstudija.lt\/produktas\/soft-stone-landscape-serija-iii50x70cm-2026m\/#webpage\"}}]}]}<\/script>\n<!-- \/ Yoast SEO plugin. -->","_links":{"self":[{"href":"https:\/\/igartstudija.lt\/en\/wp-json\/wp\/v2\/product\/25178","targetHints":{"allow":["GET"]}}],"collection":[{"href":"https:\/\/igartstudija.lt\/en\/wp-json\/wp\/v2\/product"}],"about":[{"href":"https:\/\/igartstudija.lt\/en\/wp-json\/wp\/v2\/types\/product"}],"wp:featuredmedia":[{"embeddable":true,"href":"https:\/\/igartstudija.lt\/en\/wp-json\/wp\/v2\/media\/25271"}],"wp:attachment":[{"href":"https:\/\/igartstudija.lt\/en\/wp-json\/wp\/v2\/media?parent=25178"}],"curies":[{"name":"wp","href":"https:\/\/api.w.org\/{rel}","templated":true}]}}